{"id":13,"date":"2024-04-30T10:45:57","date_gmt":"2024-04-30T08:45:57","guid":{"rendered":"http:\/\/127.0.0.1\/site%20OA\/?page_id=13"},"modified":"2025-01-10T15:15:39","modified_gmt":"2025-01-10T14:15:39","slug":"demo","status":"publish","type":"page","link":"https:\/\/bu.optimum-automotive.com\/de\/demo\/","title":{"rendered":"DEMO"},"content":{"rendered":"<div class=\"wp-block-uagb-container uagb-block-30973301 alignfull uagb-is-root-container\">\n<div class=\"wp-block-uagb-container uagb-block-ea8881b1\">\n<div class=\"wp-block-uagb-container uagb-block-9fa9fc8d\">\n<h1 class=\"wp-block-heading has-text-align-center mb-0 mt-0\"><strong>Berechnen wir<\/strong> <mark style=\"background-color:rgba(0, 0, 0, 0)\" class=\"has-inline-color has-blue-color\">Ihre Ersparnisse<\/mark><\/h1>\n\n\n\n<p>Da Ihr Unternehmen einzigartig ist, untersuchen wir mit gr\u00f6\u00dfter Sorgfalt Ihren Fuhrpark, die Typologie Ihrer Fahrer, Ihre Besonderheiten, Einschr\u00e4nkungen und Ziele.<\/p>\n\n\n\n<p>Gemeinsam sch\u00e4tzen wir genau, wie viel Sie sparen k\u00f6nnen und welche Dienste f\u00fcr jedes Fahrzeug\/jeden Fahrer aktiviert werden m\u00fcssen.<\/p>\n\n\n\n<p><strong>Unsere Kunden sparen durchschnittlich 125\u20ac\/Monat\/Fahrzeug* durch die Einf\u00fchrung von vernetzten Diensten. Analysieren wir die Auswirkungen f\u00fcr Ihr Unternehmen\/Ihre Kommune.<\/strong><\/p>\n\n\n\n<p><small>* Umfrage unter unseren Kunden im Jahr 2023<\/small><\/p>\n\n\n\n<div style=\"height:9px\" aria-hidden=\"true\" class=\"wp-block-spacer\"><\/div>\n\n\n\n<h2 class=\"wp-block-heading has-text-align-center mb-0 mt-0 has-blue-color has-text-color has-link-color wp-elements-ed88ca2b96c5390c0be9469bd0209d1a\"><mark style=\"background-color:rgba(0, 0, 0, 0)\" class=\"has-inline-color has-blue-color\">Weiterf\u00fchrende Informationen<\/mark><\/h2>\n\n\n\n<div style=\"height:1px\" aria-hidden=\"true\" class=\"wp-block-spacer\"><\/div>\n\n\n<div class=\"wp-block-image\">\n<figure class=\"aligncenter size-full is-resized\"><img loading=\"lazy\" decoding=\"async\" width=\"291\" height=\"99\" src=\"https:\/\/bu.optimum-automotive.com\/wp-content\/uploads\/2025\/01\/Logo-mobility_pack.png\" alt=\"\" class=\"wp-image-4707\" style=\"width:190px;height:auto\" srcset=\"https:\/\/bu.optimum-automotive.com\/wp-content\/uploads\/2025\/01\/Logo-mobility_pack.png 291w, https:\/\/bu.optimum-automotive.com\/wp-content\/uploads\/2025\/01\/Logo-mobility_pack-18x6.png 18w\" sizes=\"auto, (max-width: 291px) 100vw, 291px\" \/><\/figure><\/div>\n\n\n<div style=\"height:13px\" aria-hidden=\"true\" class=\"wp-block-spacer\"><\/div>\n\n\n\n<p><strong>Optimieren Sie das Management Ihrer Unternehmensmobilit\u00e4t<\/strong><br>Gesch\u00e4ftsreisen verursachen verschiedene Kosten: Treibstoff, Mautgeb\u00fchren, Unterkunft, Mahlzeiten und vieles mehr. Um ihre Verwaltung zu vereinfachen und L\u00f6sungen wie den Mobilit\u00e4tskredit oder die Pauschale f\u00fcr nachhaltige Mobilit\u00e4t zu integrieren, entscheiden Sie sich f\u00fcr <em>Mobility<\/em><em> Paket<\/em>.<\/p>\n\n\n\n<p>Diese Komplettl\u00f6sung umfasst eine Verwaltungsplattform, eine internationale Zahlungskarte und eine intuitive mobile Anwendung f\u00fcr Ihre Mitarbeiter.<\/p>\n\n\n\n<p><strong>Eine vernetzte und zentralisierte Verwaltung<\/strong><br>Mit <em>Mobility Pack<\/em>Wenn Sie sich f\u00fcr das Flottenmanagement entscheiden, werden alle Ihre Gesch\u00e4ftsausgaben automatisch in Ihre Flottenmanagementplattform integriert. So erhalten Sie einen optimalen \u00dcberblick \u00fcber die Gesamtbetriebskosten.<sup>1<\/sup> (Total Cost of Ownership) Ihrer Fahrzeugflotte und TCM<sup>2<\/sup> (Gesamtkosten der Mobilit\u00e4t).<\/p>\n\n\n\n<p><strong>Eine kostenlose Exklusivit\u00e4t f\u00fcr unsere Kunden!<\/strong><br>Nutzen Sie die Vorteile einer zentralen Verwaltung, die auf dem Markt einzigartig ist, f\u00fcr eine reibungslose und optimierte Mobilit\u00e4t.<\/p>\n\n\n\n<p class=\"has-small-font-size\"><sup>(1)<\/sup>&nbsp;<em>Total Cost of Ownerhsip - Gesamtkosten des Besitzes<br><\/em><sup>(2) <\/sup><em>Total Cost of Mobility - Gesamtkosten der Mobilit\u00e4t<\/em><\/p>\n\n\n\n<div class=\"wp-block-buttons is-layout-flex wp-block-buttons-is-layout-flex\">\n<div class=\"wp-block-button\"><a class=\"wp-block-button__link has-background wp-element-button\" href=\"https:\/\/mobility-pack.com\/\" style=\"background-color:#84ba26\" target=\"_blank\" rel=\"noreferrer noopener\">Mehr erfahren<\/a><\/div>\n<\/div>\n<\/div>\n\n\n\n<div class=\"wp-block-uagb-container uagb-block-39ee90da\"><p><div class=\"wpforms-container wpforms-container-full wpforms-render-modern\" id=\"wpforms-1519\"><form id=\"wpforms-form-1519\" class=\"wpforms-validate wpforms-form wpforms-ajax-form\" data-formid=\"1519\" method=\"post\" enctype=\"multipart\/form-data\" action=\"\/wp-json\/wp\/v2\/pages\/13\" data-token=\"24dd49bbd98b8c57319ea7dd9c06634e\" data-token-time=\"1777632746\" data-trp-original-action=\"\/de\/wp-json\/wp\/v2\/pages\/13\"><noscript class=\"wpforms-error-noscript\">Bitte aktivieren Sie JavaScript in Ihrem Browser, um dieses Formular fertigzustellen.<\/noscript><div class=\"wpforms-hidden\" id=\"wpforms-error-noscript\">Bitte aktivieren Sie JavaScript in Ihrem Browser, um dieses Formular fertigzustellen.<\/div><div class=\"wpforms-field-container\"><div id=\"wpforms-1519-field_1-container\" class=\"wpforms-field wpforms-field-name wpforms-one-half wpforms-first\" data-field-id=\"1\"><label class=\"wpforms-field-label\" for=\"wpforms-1519-field_1\"> Unternehmen oder Organisation  <span class=\"wpforms-required-label\" aria-hidden=\"true\">*<\/span><\/label><input type=\"text\" id=\"wpforms-1519-field_1\" class=\"wpforms-field-medium wpforms-field-required\" name=\"wpforms[fields][1]\" aria-errormessage=\"wpforms-1519-field_1-error\" required><\/div><div id=\"wpforms-1519-field_9-container\" class=\"wpforms-field wpforms-field-text wpforms-one-half\" data-field-id=\"9\"><label class=\"wpforms-field-label\" for=\"wpforms-1519-field_9\">Name und Vorname  <span class=\"wpforms-required-label\" aria-hidden=\"true\">*<\/span><\/label><input type=\"text\" id=\"wpforms-1519-field_9\" class=\"wpforms-field-medium wpforms-field-required\" name=\"wpforms[fields][9]\" aria-errormessage=\"wpforms-1519-field_9-error\" required><\/div><div id=\"wpforms-1519-field_10-container\" class=\"wpforms-field wpforms-field-text wpforms-one-half wpforms-first\" data-field-id=\"10\"><label class=\"wpforms-field-label\" for=\"wpforms-1519-field_10\"> Funktion <\/label><input type=\"text\" id=\"wpforms-1519-field_10\" class=\"wpforms-field-medium\" name=\"wpforms[fields][10]\" aria-errormessage=\"wpforms-1519-field_10-error\" ><\/div><div id=\"wpforms-1519-field_8-container\" class=\"wpforms-field wpforms-field-email wpforms-one-half\" data-field-id=\"8\"><label class=\"wpforms-field-label\" for=\"wpforms-1519-field_8\">E-Mail <span class=\"wpforms-required-label\" aria-hidden=\"true\">*<\/span><\/label><input type=\"email\" id=\"wpforms-1519-field_8\" class=\"wpforms-field-medium wpforms-field-required\" name=\"wpforms[fields][8]\" spellcheck=\"false\" aria-errormessage=\"wpforms-1519-field_8-error\" required><\/div><div id=\"wpforms-1519-field_11-container\" class=\"wpforms-field wpforms-field-text wpforms-one-third wpforms-first\" data-field-id=\"11\"><label class=\"wpforms-field-label\" for=\"wpforms-1519-field_11\">Telefon <span class=\"wpforms-required-label\" aria-hidden=\"true\">*<\/span><\/label><input type=\"text\" id=\"wpforms-1519-field_11\" class=\"wpforms-field-medium wpforms-field-required\" name=\"wpforms[fields][11]\" aria-errormessage=\"wpforms-1519-field_11-error\" required><\/div><div id=\"wpforms-1519-field_12-container\" class=\"wpforms-field wpforms-field-text wpforms-one-third\" data-field-id=\"12\"><label class=\"wpforms-field-label\" for=\"wpforms-1519-field_12\">Land <\/label><input type=\"text\" id=\"wpforms-1519-field_12\" class=\"wpforms-field-medium\" name=\"wpforms[fields][12]\" aria-errormessage=\"wpforms-1519-field_12-error\" ><\/div><div id=\"wpforms-1519-field_13-container\" class=\"wpforms-field wpforms-field-text wpforms-one-third\" data-field-id=\"13\"><label class=\"wpforms-field-label\" for=\"wpforms-1519-field_13\"> Postleitzahl  <span class=\"wpforms-required-label\" aria-hidden=\"true\">*<\/span><\/label><input type=\"text\" id=\"wpforms-1519-field_13\" class=\"wpforms-field-medium wpforms-field-required\" name=\"wpforms[fields][13]\" aria-errormessage=\"wpforms-1519-field_13-error\" required><\/div><div id=\"wpforms-1519-field_19-container\" class=\"wpforms-field wpforms-field-select wpforms-field-select-style-classic\" data-field-id=\"19\"><label class=\"wpforms-field-label\" for=\"wpforms-1519-field_19\">Wie viele Fahrzeuge m\u00f6chten Sie ausstatten? <span class=\"wpforms-required-label\" aria-hidden=\"true\">*<\/span><\/label><select id=\"wpforms-1519-field_19\" class=\"wpforms-field-medium wpforms-field-required\" name=\"wpforms[fields][19]\" required=\"required\"><option value=\"1-2\" >1-2<\/option><option value=\"3-50\" >3-50<\/option><option value=\"51-100\" >51-100<\/option><option value=\"101-500\" >101-500<\/option><option value=\"plus de 500\" >mehr als 500<\/option><\/select><\/div><div id=\"wpforms-1519-field_17-container\" class=\"wpforms-field wpforms-field-checkbox wpforms-list-3-columns\" data-field-id=\"17\"><fieldset><legend class=\"wpforms-field-label\">Welche Dienstleistungen k\u00f6nnten f\u00fcr Sie von Interesse sein?<\/legend><ul id=\"wpforms-1519-field_17\"><li class=\"choice-1 depth-1\"><input type=\"checkbox\" id=\"wpforms-1519-field_17_1\" name=\"wpforms[fields][17][]\" value=\"Workflow\" aria-errormessage=\"wpforms-1519-field_17_1-error\"  ><label class=\"wpforms-field-label-inline\" for=\"wpforms-1519-field_17_1\">Workflow<\/label><\/li><li class=\"choice-2 depth-1\"><input type=\"checkbox\" id=\"wpforms-1519-field_17_2\" name=\"wpforms[fields][17][]\" value=\"Gestion de parc\" aria-errormessage=\"wpforms-1519-field_17_2-error\"  ><label class=\"wpforms-field-label-inline\" for=\"wpforms-1519-field_17_2\">Parkverwaltung<\/label><\/li><li class=\"choice-7 depth-1\"><input type=\"checkbox\" id=\"wpforms-1519-field_17_7\" name=\"wpforms[fields][17][]\" value=\"G\u00e9olocalisation\" aria-errormessage=\"wpforms-1519-field_17_7-error\"  ><label class=\"wpforms-field-label-inline\" for=\"wpforms-1519-field_17_7\">Geolokalisierung<\/label><\/li><li class=\"choice-3 depth-1\"><input type=\"checkbox\" id=\"wpforms-1519-field_17_3\" name=\"wpforms[fields][17][]\" value=\"Sinistres et dommages\" aria-errormessage=\"wpforms-1519-field_17_3-error\"  ><label class=\"wpforms-field-label-inline\" for=\"wpforms-1519-field_17_3\">Schadensf\u00e4lle und Sch\u00e4den<\/label><\/li><li class=\"choice-8 depth-1\"><input type=\"checkbox\" id=\"wpforms-1519-field_17_8\" name=\"wpforms[fields][17][]\" value=\"Fuel monitoring\" aria-errormessage=\"wpforms-1519-field_17_8-error\"  ><label class=\"wpforms-field-label-inline\" for=\"wpforms-1519-field_17_8\">Brennstoff-Monitoring<\/label><\/li><li class=\"choice-6 depth-1\"><input type=\"checkbox\" id=\"wpforms-1519-field_17_6\" name=\"wpforms[fields][17][]\" value=\"Gestion des missions\" aria-errormessage=\"wpforms-1519-field_17_6-error\"  ><label class=\"wpforms-field-label-inline\" for=\"wpforms-1519-field_17_6\">Verwaltung von Missionen<\/label><\/li><li class=\"choice-5 depth-1\"><input type=\"checkbox\" id=\"wpforms-1519-field_17_5\" name=\"wpforms[fields][17][]\" value=\"Analyse de conduite\" aria-errormessage=\"wpforms-1519-field_17_5-error\"  ><label class=\"wpforms-field-label-inline\" for=\"wpforms-1519-field_17_5\">Analyse des Verhaltens<\/label><\/li><li class=\"choice-4 depth-1\"><input type=\"checkbox\" id=\"wpforms-1519-field_17_4\" name=\"wpforms[fields][17][]\" value=\"Optimisation fiscale\" aria-errormessage=\"wpforms-1519-field_17_4-error\"  ><label class=\"wpforms-field-label-inline\" for=\"wpforms-1519-field_17_4\">Steuerliche Optimierung<\/label><\/li><li class=\"choice-10 depth-1\"><input type=\"checkbox\" id=\"wpforms-1519-field_17_10\" name=\"wpforms[fields][17][]\" value=\"Protection\" aria-errormessage=\"wpforms-1519-field_17_10-error\"  ><label class=\"wpforms-field-label-inline\" for=\"wpforms-1519-field_17_10\">Schutz<\/label><\/li><\/ul><\/fieldset><\/div><div id=\"wpforms-1519-field_15-container\" class=\"wpforms-field wpforms-field-textarea\" data-field-id=\"15\"><label class=\"wpforms-field-label\" for=\"wpforms-1519-field_15\"> Ihre Nachricht<\/label><textarea id=\"wpforms-1519-field_15\" class=\"wpforms-field-medium\" name=\"wpforms[fields][15]\" aria-errormessage=\"wpforms-1519-field_15-error\" ><\/textarea><\/div><div id=\"wpforms-1519-field_16-container\" class=\"wpforms-field wpforms-field-checkbox\" data-field-id=\"16\"><fieldset><legend class=\"wpforms-field-label\">GDPR: General Data Protection Regulation (Allgemeine Datenschutzverordnung) <span class=\"wpforms-required-label\" aria-hidden=\"true\">*<\/span><\/legend><ul id=\"wpforms-1519-field_16\" class=\"wpforms-field-required\"><li class=\"choice-1 depth-1\"><input type=\"checkbox\" id=\"wpforms-1519-field_16_1\" name=\"wpforms[fields][16][]\" value=\"En cochant cette case, vous reconnaissez avoir pris connaissance et accept\u00e9 les conditions g\u00e9n\u00e9rales d&#039;utilisation du site.\" aria-errormessage=\"wpforms-1519-field_16_1-error\" required><label class=\"wpforms-field-label-inline\" for=\"wpforms-1519-field_16_1\">Indem Sie dieses K\u00e4stchen ankreuzen, best\u00e4tigen Sie, dass Sie die allgemeinen Nutzungsbedingungen der Website gelesen haben und ihnen zustimmen.<\/label><\/li><\/ul><\/fieldset><\/div><div id=\"wpforms-1519-field_18-container\" class=\"wpforms-field wpforms-field-email\" data-field-id=\"18\"><label class=\"wpforms-field-label wpforms-label-hide\" for=\"wpforms-1519-field_18\" aria-hidden=\"false\">E-Mail<\/label><input type=\"email\" id=\"wpforms-1519-field_18\" class=\"wpforms-field-medium\" name=\"wpforms[fields][18]\" spellcheck=\"false\" aria-errormessage=\"wpforms-1519-field_18-error\" ><\/div><div id=\"wpforms-1519-field_20-container\" class=\"wpforms-field wpforms-field-text\" data-field-id=\"20\"><label class=\"wpforms-field-label wpforms-label-hide\" for=\"wpforms-1519-field_20\" aria-hidden=\"false\">Herkunft<\/label><input type=\"text\" id=\"wpforms-1519-field_20\" class=\"wpforms-field-medium\" name=\"wpforms[fields][20]\" aria-errormessage=\"wpforms-1519-field_20-error\" ><\/div><div id=\"wpforms-1519-field_21-container\" class=\"wpforms-field wpforms-field-text\" data-field-id=\"21\"><label class=\"wpforms-field-label wpforms-label-hide\" for=\"wpforms-1519-field_21\" aria-hidden=\"false\">campaign<\/label><input type=\"text\" id=\"wpforms-1519-field_21\" class=\"wpforms-field-medium\" name=\"wpforms[fields][21]\" aria-errormessage=\"wpforms-1519-field_21-error\" ><\/div><div id=\"wpforms-1519-field_22-container\" class=\"wpforms-field wpforms-field-text\" data-field-id=\"22\"><label class=\"wpforms-field-label wpforms-label-hide\" for=\"wpforms-1519-field_22\" aria-hidden=\"false\">idsales<\/label><input type=\"text\" id=\"wpforms-1519-field_22\" class=\"wpforms-field-medium\" name=\"wpforms[fields][22]\" aria-errormessage=\"wpforms-1519-field_22-error\" ><\/div><\/div><!-- .wpforms-field-container --><div class=\"wpforms-recaptcha-container wpforms-is-recaptcha wpforms-is-recaptcha-type-v3\" ><input type=\"hidden\" name=\"wpforms[recaptcha]\" value=\"\"><\/div><div class=\"wpforms-submit-container\" ><input type=\"hidden\" name=\"wpforms[id]\" value=\"1519\"><input type=\"hidden\" name=\"page_title\" value=\"\"><input type=\"hidden\" name=\"page_url\" value=\"https:\/\/bu.optimum-automotive.com\/de\/wp-json\/wp\/v2\/pages\/13\"><button type=\"submit\" name=\"wpforms[submit]\" id=\"wpforms-submit-1519\" class=\"wpforms-submit\" data-alt-text=\"Envoi...\" data-submit-text=\"Envoyer\" aria-live=\"assertive\" value=\"wpforms-submit\">Senden Sie<\/button><img loading=\"lazy\" decoding=\"async\" src=\"https:\/\/bu.optimum-automotive.com\/wp-content\/plugins\/wpforms-lite\/assets\/images\/submit-spin.svg\" class=\"wpforms-submit-spinner\" style=\"display: none;\" width=\"26\" height=\"26\" alt=\"Wird geladen\"><\/div><input type=\"hidden\" name=\"trp-form-language\" value=\"de\"\/><\/form><\/div>  <!-- .wpforms-container --><br \/>\n<script>document.getElementById('wpforms-1519-field_20-container').setAttribute(\"style\", \"padding:0\");document.getElementById('wpforms-1519-field_21-container').setAttribute(\"style\", \"padding:0\");\ndocument.getElementById('wpforms-1519-field_22-container').setAttribute(\"style\", \"padding:0\");document.getElementById('wpforms-1519-field_18-container').setAttribute(\"style\", \"padding:0\");document.getElementById('wpforms-1519-field_20').setAttribute(\"type\", \"hidden\");document.getElementById('wpforms-1519-field_21').setAttribute(\"type\", \"hidden\");document.getElementById('wpforms-1519-field_22').setAttribute(\"type\", \"hidden\");document.getElementById('wpforms-1519-field_18').setAttribute(\"type\", \"hidden\");document.getElementById('wpforms-1519-field_18').setAttribute('value','contact@optimum-automotive.com'); var myvalue = \"United States of America\";document.getElementById('wpforms-1519-field_12').setAttribute('value', myvalue);<\/script><br \/>\n<script>document.getElementById('wpforms-1519-field_19').setAttribute(\"onchange\",\"changeQte();\"); <\/script><br \/>\n<br \/>\n\t<br \/>\n\t<br \/>\n\t<br \/>\n\t<br \/>\n\t<br \/>\n\t<br \/>\n<br \/>\n <script>function changeQte(){\n\t\t\tif(document.getElementById('wpforms-1519-field_19').value == \"1-2\") { \n\t\t\t\tdocument.getElementById('wpforms-1519-field_18').setAttribute('value','lead-middle@optimum-automotive.com')\n\t\t\t}else if(document.getElementById('wpforms-1519-field_19').value == \"3-50\") { \n\t\t\t\tdocument.getElementById('wpforms-1519-field_18').setAttribute('value','lead-middle@optimum-automotive.com')\n\t\t\t} else { \n\t\t\t\tdocument.getElementById('wpforms-1519-field_18').setAttribute('value','lead-gc@optimum-automotive.com')\n\t\t\t}\n\t\t};<\/script><\/p>\n<\/div>\n<\/div>\n<\/div>","protected":false},"excerpt":{"rendered":"<p>Berechnen Sie Ihre Einsparungen Da Ihr Unternehmen einzigartig ist, untersuchen wir Ihren Fuhrpark, die Art Ihrer Fahrer, Ihre Besonderheiten, Einschr\u00e4nkungen und Ziele mit gr\u00f6\u00dfter Sorgfalt. Gemeinsam sch\u00e4tzen wir genau, wie hoch Ihre Einsparungen sind und welche Dienstleistungen f\u00fcr jedes Fahrzeug\/jeden Fahrer aktiviert werden m\u00fcssen. Unsere Kunden sparen durchschnittlich 125\u20ac\/Monat\/Fahrzeug* durch die Einf\u00fchrung von [...]].<\/p>","protected":false},"author":1,"featured_media":0,"parent":0,"menu_order":0,"comment_status":"closed","ping_status":"closed","template":"page-without-title.php","meta":{"_coblocks_attr":"","_coblocks_dimensions":"","_coblocks_responsive_height":"","_coblocks_accordion_ie_support":"","_uag_custom_page_level_css":"","footnotes":""},"class_list":["post-13","page","type-page","status-publish","hentry"],"uagb_featured_image_src":{"full":false,"thumbnail":false,"medium":false,"medium_large":false,"large":false,"1536x1536":false,"2048x2048":false,"trp-custom-language-flag":false},"uagb_author_info":{"display_name":"camaleon","author_link":"https:\/\/bu.optimum-automotive.com\/de\/author\/camaleon\/"},"uagb_comment_info":0,"uagb_excerpt":"Calculons vos \u00e9conomies Parce que votre entreprise est unique, nous \u00e9tudions avec le plus grand soin votre parc automobile, la typologie de vos conducteurs, vos sp\u00e9cificit\u00e9s, contraintes et objectifs. Ensemble nous estimons pr\u00e9cis\u00e9ment, le montant de vos \u00e9conomies et les services \u00e0 activer pour chaque v\u00e9hicule\/conducteur. Nos clients r\u00e9alisent en moyenne 125\u20ac d\u2019\u00e9conomies\/mois\/v\u00e9hicule* en adoptant&hellip;","_links":{"self":[{"href":"https:\/\/bu.optimum-automotive.com\/de\/wp-json\/wp\/v2\/pages\/13","targetHints":{"allow":["GET"]}}],"collection":[{"href":"https:\/\/bu.optimum-automotive.com\/de\/wp-json\/wp\/v2\/pages"}],"about":[{"href":"https:\/\/bu.optimum-automotive.com\/de\/wp-json\/wp\/v2\/types\/page"}],"author":[{"embeddable":true,"href":"https:\/\/bu.optimum-automotive.com\/de\/wp-json\/wp\/v2\/users\/1"}],"replies":[{"embeddable":true,"href":"https:\/\/bu.optimum-automotive.com\/de\/wp-json\/wp\/v2\/comments?post=13"}],"version-history":[{"count":154,"href":"https:\/\/bu.optimum-automotive.com\/de\/wp-json\/wp\/v2\/pages\/13\/revisions"}],"predecessor-version":[{"id":4717,"href":"https:\/\/bu.optimum-automotive.com\/de\/wp-json\/wp\/v2\/pages\/13\/revisions\/4717"}],"wp:attachment":[{"href":"https:\/\/bu.optimum-automotive.com\/de\/wp-json\/wp\/v2\/media?parent=13"}],"curies":[{"name":"wp","href":"https:\/\/api.w.org\/{rel}","templated":true}]}}