{"id":2,"date":"2024-04-29T16:15:17","date_gmt":"2024-04-29T14:15:17","guid":{"rendered":"http:\/\/127.0.0.1\/site%20OA\/?page_id=2"},"modified":"2025-01-20T16:15:36","modified_gmt":"2025-01-20T15:15:36","slug":"data-center","status":"publish","type":"page","link":"https:\/\/bu.optimum-automotive.com\/de\/rechenzentrum\/","title":{"rendered":"DATA CENTRE"},"content":{"rendered":"<div class=\"wp-block-uagb-container uagb-block-4902cace alignfull uagb-is-root-container\">\n<div class=\"wp-block-uagb-container uagb-block-ed203023\">\n<div class=\"wp-block-uagb-container uagb-block-546bac69\"><h1 class=\"mt-0 mb-0 wp-block-post-title\">DATA CENTRE<\/h1>\n\n\n<h3 class=\"wp-block-heading mt-0\">Daten im Zentrum Ihrer Herausforderungen<\/h3>\n\n\n\n<p>Die Verwaltung eines Fuhrparks und im weiteren Sinne die Mobilit\u00e4t beruhen in erster Linie auf der Beherrschung der Datenstr\u00f6me.<br>Um diese Daten zu sammeln, zu analysieren, zusammenzufassen und mithilfe intelligenter Algorithmen den gr\u00f6\u00dftm\u00f6glichen Nutzen daraus zu ziehen, hat OPTIMUM ein <em>DATA CENTRE<\/em> von einzigartigem Reichtum.<\/p>\n<\/div>\n\n\n\n<div class=\"wp-block-uagb-container uagb-block-07dfa9d5\">\n<figure class=\"wp-block-image size-large has-lightbox\"><img loading=\"lazy\" decoding=\"async\" width=\"1024\" height=\"591\" src=\"https:\/\/bu.optimum-automotive.com\/wp-content\/uploads\/2025\/01\/DataHUB_DE.jpg\" alt=\"Rechenzentrum: Datenfluss\" class=\"wp-image-5295\" srcset=\"\" sizes=\"auto, (max-width: 1024px) 100vw, 1024px\" data-srcset=\"\" \/><\/figure>\n<\/div>\n<\/div>\n\n\n\n<div style=\"height:33px\" aria-hidden=\"true\" class=\"wp-block-spacer\"><\/div>\n<\/div>\n\n\n\n<p><\/p>\n\n\n\n<div class=\"wp-block-uagb-container uagb-block-d746d6b7 alignfull uagb-is-root-container\">\n<div class=\"wp-block-uagb-container uagb-block-420e44ad\">\n<div class=\"wp-block-uagb-container uag-hide-tab uag-hide-mob uagb-block-fe32cdd4\">\n<figure class=\"wp-block-image size-full is-resized\"><img loading=\"lazy\" decoding=\"async\" width=\"408\" height=\"401\" src=\"https:\/\/bu.optimum-automotive.com\/wp-content\/uploads\/2024\/12\/boitier_can.png\" alt=\"\" class=\"wp-image-4410\" style=\"width:400px\" srcset=\"https:\/\/bu.optimum-automotive.com\/wp-content\/uploads\/2024\/12\/boitier_can.png 408w, https:\/\/bu.optimum-automotive.com\/wp-content\/uploads\/2024\/12\/boitier_can-300x295.png 300w, https:\/\/bu.optimum-automotive.com\/wp-content\/uploads\/2024\/12\/boitier_can-12x12.png 12w\" sizes=\"auto, (max-width: 408px) 100vw, 408px\" \/><\/figure>\n<\/div>\n\n\n\n<div class=\"wp-block-uagb-container uagb-block-8040cdc4\">\n<div class=\"wp-block-uagb-container uagb-block-64b33d22\">\n<h3 class=\"wp-block-heading\">Daten von Fahrzeugen (CAN*)<\/h3>\n\n\n\n<p>Unabh\u00e4ngig davon, ob es sich um Steuerger\u00e4te von Autoherstellern** oder Drittanbietern (OEMs) handelt, werden die genauen Kerndaten erfasst: Kilometerstand, Kraftstoffverbrauch, F\u00e4lligkeitstermine f\u00fcr die n\u00e4chste Wartung, Fehler und Fehlercodes usw.....<\/p>\n\n\n\n<p><small>* Controller Area Network<\/small><br><small>** Optimum verf\u00fcgt \u00fcber eine Zertifizierung f\u00fcr den Zugriff auf die Daten der Erstausr\u00fcstungssteuerger\u00e4te der Automobilhersteller: Peugeot, Citro\u00ebn, DS Automobiles und Renault.<\/small><\/p>\n<\/div>\n<\/div>\n\n\n\n<div class=\"wp-block-uagb-container uag-hide-desktop uagb-block-9e34a2f6\">\n<figure class=\"wp-block-image size-full is-resized\"><img loading=\"lazy\" decoding=\"async\" width=\"408\" height=\"401\" src=\"https:\/\/bu.optimum-automotive.com\/wp-content\/uploads\/2024\/12\/boitier_can.png\" alt=\"\" class=\"wp-image-4410\" style=\"width:400px\" srcset=\"https:\/\/bu.optimum-automotive.com\/wp-content\/uploads\/2024\/12\/boitier_can.png 408w, https:\/\/bu.optimum-automotive.com\/wp-content\/uploads\/2024\/12\/boitier_can-300x295.png 300w, https:\/\/bu.optimum-automotive.com\/wp-content\/uploads\/2024\/12\/boitier_can-12x12.png 12w\" sizes=\"auto, (max-width: 408px) 100vw, 408px\" \/><\/figure>\n<\/div>\n<\/div>\n<\/div>\n\n\n\n<div class=\"wp-block-uagb-container uagb-block-1c7bd1aa alignfull uagb-is-root-container\">\n<div class=\"wp-block-uagb-container uagb-block-7d5a79dc\">\n<div class=\"wp-block-uagb-container uagb-block-ec0c1d6f\">\n<h3 class=\"wp-block-heading\">regulatorische Daten Flottenmanagement<\/h3>\n\n\n\n<p>Das DATA CENTRE ist auch mit Beh\u00f6rden und Verwaltungsreferenzen verbunden: SIV (nationale Zulassungsdatei, die eine automatische Auskunft \u00fcber Ihren Fuhrpark ab seiner Integration erm\u00f6glicht), ANTAI (Agence Nationale de Traitement Automatis\u00e9 des Infractions), die die Verwaltung von Verst\u00f6\u00dfen automatisiert.<\/p>\n<\/div>\n\n\n\n<div class=\"wp-block-uagb-container uagb-block-2841fdb1\"><div class=\"wp-block-image is-style-default\">\n<figure class=\"aligncenter size-full is-resized\"><img loading=\"lazy\" decoding=\"async\" width=\"277\" height=\"277\" src=\"https:\/\/bu.optimum-automotive.com\/wp-content\/uploads\/2024\/12\/datahub.png\" alt=\"\" class=\"wp-image-4411\" style=\"aspect-ratio:1;object-fit:cover;width:400px\" srcset=\"https:\/\/bu.optimum-automotive.com\/wp-content\/uploads\/2024\/12\/datahub.png 277w, https:\/\/bu.optimum-automotive.com\/wp-content\/uploads\/2024\/12\/datahub-150x150.png 150w, https:\/\/bu.optimum-automotive.com\/wp-content\/uploads\/2024\/12\/datahub-12x12.png 12w\" sizes=\"auto, (max-width: 277px) 100vw, 277px\" \/><\/figure><\/div><\/div>\n<\/div>\n<\/div>\n\n\n\n<div class=\"wp-block-uagb-container uagb-block-5c9e6289 alignfull uagb-is-root-container\">\n<div class=\"wp-block-uagb-container uagb-block-87333279\">\n<div class=\"wp-block-uagb-container uag-hide-tab uag-hide-mob uagb-block-54ec6a5e\">\n<figure class=\"wp-block-image size-full\"><img loading=\"lazy\" decoding=\"async\" width=\"397\" height=\"275\" src=\"https:\/\/bu.optimum-automotive.com\/wp-content\/uploads\/2024\/05\/referentiels-automotive.png\" alt=\"Datenbanken und Repositories automotive parc management\" class=\"wp-image-1122\" srcset=\"https:\/\/bu.optimum-automotive.com\/wp-content\/uploads\/2024\/05\/referentiels-automotive.png 397w, https:\/\/bu.optimum-automotive.com\/wp-content\/uploads\/2024\/05\/referentiels-automotive-300x208.png 300w\" sizes=\"auto, (max-width: 397px) 100vw, 397px\" \/><\/figure>\n<\/div>\n\n\n\n<div class=\"wp-block-uagb-container uagb-block-c1beca3d\">\n<div class=\"wp-block-uagb-container uagb-block-5dfa3c8d\">\n<h3 class=\"wp-block-heading\">Automotive Datenbanken und Repositories<\/h3>\n\n\n\n<p>Die Verbindung zu zwei Referenzquellen der Automobilwelt erm\u00f6glicht die Anreicherung der Fahrzeugdaten und erleichtert die Beziehung zu Dritten (Vermieter, Instandhalter, etc.): <strong>AUTOVISTA<\/strong> (universeller Fahrzeugkatalog, \u00f6ffnet die Fahrzeugkonfiguration und die Verwaltung von Car Policy Katalogen), <strong>AUTODATA<\/strong> (Wartungspl\u00e4ne, Fristen, Bewertung der technischen \u00dcberwachung des Fahrzeugs).<\/p>\n<\/div>\n<\/div>\n\n\n\n<div class=\"wp-block-uagb-container uag-hide-desktop uagb-block-c6598103\">\n<figure class=\"wp-block-image size-full\"><img loading=\"lazy\" decoding=\"async\" width=\"397\" height=\"275\" src=\"https:\/\/bu.optimum-automotive.com\/wp-content\/uploads\/2024\/05\/referentiels-automotive.png\" alt=\"Datenbanken und Repositories automotive parc management\" class=\"wp-image-1122\" srcset=\"https:\/\/bu.optimum-automotive.com\/wp-content\/uploads\/2024\/05\/referentiels-automotive.png 397w, https:\/\/bu.optimum-automotive.com\/wp-content\/uploads\/2024\/05\/referentiels-automotive-300x208.png 300w\" sizes=\"auto, (max-width: 397px) 100vw, 397px\" \/><\/figure>\n<\/div>\n<\/div>\n<\/div>\n\n\n\n<div class=\"wp-block-uagb-container uagb-block-181dfeb4 alignfull uagb-is-root-container\">\n<div class=\"wp-block-uagb-container uagb-block-4a27dbb8\">\n<div class=\"wp-block-uagb-container uagb-block-97ba0079\">\n<h3 class=\"wp-block-heading\">Finanz- und Vertragsdaten<\/h3>\n\n\n\n<p>Das DATA CENTRE sammelt und integriert die Vertr\u00e4ge und Rechnungen der verschiedenen Lieferanten des Automotive-Bereichs (Vermieter, Instandhalter, Reifenhersteller, Tankkarten...) \u00fcber APIs oder Datei\u00fcbertragungen. Diese Sammlung und die damit verbundene algorithmische Verarbeitung erm\u00f6glichen eine einzigartige sofortige oder evolution\u00e4re Verfolgung der Gesamtbetriebskosten.<\/p>\n<\/div>\n\n\n\n<div class=\"wp-block-uagb-container uagb-block-20aa9554\"><div class=\"wp-block-image\">\n<figure class=\"aligncenter size-full is-resized\"><img loading=\"lazy\" decoding=\"async\" width=\"488\" height=\"492\" src=\"https:\/\/bu.optimum-automotive.com\/wp-content\/uploads\/2024\/12\/donnees-financieres.png\" alt=\"\" class=\"wp-image-4412\" style=\"width:400px\" srcset=\"https:\/\/bu.optimum-automotive.com\/wp-content\/uploads\/2024\/12\/donnees-financieres.png 488w, https:\/\/bu.optimum-automotive.com\/wp-content\/uploads\/2024\/12\/donnees-financieres-298x300.png 298w, https:\/\/bu.optimum-automotive.com\/wp-content\/uploads\/2024\/12\/donnees-financieres-150x150.png 150w, https:\/\/bu.optimum-automotive.com\/wp-content\/uploads\/2024\/12\/donnees-financieres-12x12.png 12w\" sizes=\"auto, (max-width: 488px) 100vw, 488px\" \/><\/figure><\/div><\/div>\n<\/div>\n<\/div>\n\n\n\n<div class=\"wp-block-uagb-container uagb-block-aef4d0cd alignfull uagb-is-root-container\">\n<div class=\"wp-block-uagb-container uagb-block-1909e206\">\n<div class=\"wp-block-uagb-container uag-hide-tab uag-hide-mob uagb-block-213cc113\">\n<figure class=\"wp-block-image size-full\"><img loading=\"lazy\" decoding=\"async\" width=\"404\" height=\"364\" src=\"https:\/\/bu.optimum-automotive.com\/wp-content\/uploads\/2024\/12\/geoloc-2.png\" alt=\"\" class=\"wp-image-4414\" srcset=\"https:\/\/bu.optimum-automotive.com\/wp-content\/uploads\/2024\/12\/geoloc-2.png 404w, https:\/\/bu.optimum-automotive.com\/wp-content\/uploads\/2024\/12\/geoloc-2-300x270.png 300w, https:\/\/bu.optimum-automotive.com\/wp-content\/uploads\/2024\/12\/geoloc-2-13x12.png 13w\" sizes=\"auto, (max-width: 404px) 100vw, 404px\" \/><\/figure>\n<\/div>\n\n\n\n<div class=\"wp-block-uagb-container uagb-block-44befd15\">\n<div class=\"wp-block-uagb-container uagb-block-0faac44e\">\n<h3 class=\"wp-block-heading\">Kartografische Daten<\/h3>\n\n\n\n<p>Wenn die Geolokalisierung aktiviert ist, sind die Kartenhintergr\u00fcnde vielf\u00e4ltig (Stra\u00dfen, Verkehr, Relief, Neue Mobilit\u00e4t, Streetview, etc...). Das DATA CENTRE bietet auch Zugang zu verschiedenen Kartenattributen: Geschwindigkeitsbegrenzungen nach Streckenabschnitten, genaue Geokodierung, etc.<\/p>\n\n\n\n<p>Die kartografischen Daten sind von mehreren Anbietern (OPEN STREET MAP, GOOGLE MAPS, etc.).<\/p>\n<\/div>\n<\/div>\n\n\n\n<div class=\"wp-block-uagb-container uag-hide-desktop uagb-block-0421ee40\">\n<figure class=\"wp-block-image size-full\"><img loading=\"lazy\" decoding=\"async\" width=\"404\" height=\"364\" src=\"https:\/\/bu.optimum-automotive.com\/wp-content\/uploads\/2024\/12\/geoloc-1.png\" alt=\"\" class=\"wp-image-4413\" srcset=\"https:\/\/bu.optimum-automotive.com\/wp-content\/uploads\/2024\/12\/geoloc-1.png 404w, https:\/\/bu.optimum-automotive.com\/wp-content\/uploads\/2024\/12\/geoloc-1-300x270.png 300w, https:\/\/bu.optimum-automotive.com\/wp-content\/uploads\/2024\/12\/geoloc-1-13x12.png 13w\" sizes=\"auto, (max-width: 404px) 100vw, 404px\" \/><\/figure>\n<\/div>\n<\/div>\n<\/div>\n\n\n\n<div class=\"wp-block-uagb-container uagb-block-8fddc9b1 alignfull uagb-is-root-container\">\n<div class=\"wp-block-uagb-container uagb-block-6dd76077\">\n<div class=\"wp-block-uagb-container uagb-block-66d4bfef\">\n<h3 class=\"wp-block-heading\">Die Fahrerdaten<\/h3>\n\n\n\n<p>Das DATA CENTER erm\u00f6glicht die Erfassung verschiedener fahrerbezogener Daten: detailliertes Fahrverhalten und Sicherheitsverhalten, Multi-Ger\u00e4te-Identifikation. Dar\u00fcber hinaus verwaltet das DATA CENTRE den Datenaustausch mit den Fahrern: Senden\/Empfangen von Auftr\u00e4gen, Sammeln von Felddaten, private und \u00f6ffentliche Messenger.<\/p>\n<\/div>\n\n\n\n<div class=\"wp-block-uagb-container uagb-block-a36e4668\"><div class=\"wp-block-image\">\n<figure class=\"aligncenter size-full is-resized\"><img loading=\"lazy\" decoding=\"async\" width=\"488\" height=\"492\" src=\"https:\/\/bu.optimum-automotive.com\/wp-content\/uploads\/2024\/12\/donnees-conducteurs.png\" alt=\"\" class=\"wp-image-4415\" style=\"width:400px\" srcset=\"https:\/\/bu.optimum-automotive.com\/wp-content\/uploads\/2024\/12\/donnees-conducteurs.png 488w, https:\/\/bu.optimum-automotive.com\/wp-content\/uploads\/2024\/12\/donnees-conducteurs-298x300.png 298w, https:\/\/bu.optimum-automotive.com\/wp-content\/uploads\/2024\/12\/donnees-conducteurs-150x150.png 150w, https:\/\/bu.optimum-automotive.com\/wp-content\/uploads\/2024\/12\/donnees-conducteurs-12x12.png 12w\" sizes=\"auto, (max-width: 488px) 100vw, 488px\" \/><\/figure><\/div><\/div>\n<\/div>\n<\/div>\n\n\n\n<div class=\"wp-block-uagb-container uagb-block-9faae6b7 alignfull uagb-is-root-container\">\n<div class=\"wp-block-uagb-container uagb-block-51e47216\">\n<div class=\"wp-block-uagb-container uag-hide-tab uag-hide-mob uagb-block-147f5efe\">\n<figure class=\"wp-block-image size-full\"><img loading=\"lazy\" decoding=\"async\" width=\"476\" height=\"289\" src=\"https:\/\/bu.optimum-automotive.com\/wp-content\/uploads\/2024\/05\/datahub-1.jpg\" alt=\"Daten aus dem DATA CENTRE Parkverwaltung\" class=\"wp-image-1128\" srcset=\"https:\/\/bu.optimum-automotive.com\/wp-content\/uploads\/2024\/05\/datahub-1.jpg 476w, https:\/\/bu.optimum-automotive.com\/wp-content\/uploads\/2024\/05\/datahub-1-300x182.jpg 300w\" sizes=\"auto, (max-width: 476px) 100vw, 476px\" \/><\/figure>\n<\/div>\n\n\n\n<div class=\"wp-block-uagb-container uagb-block-dec35809\">\n<div class=\"wp-block-uagb-container uagb-block-34320131\">\n<h3 class=\"wp-block-heading\">Weitere Daten aus dem DATA CENTRE<\/h3>\n\n\n\n<p>Das DATA CENTRE sammelt und nutzt auch zus\u00e4tzliche Daten mit dem Ziel, die Verarbeitungsalgorithmen zu bereichern, aber auch um Fahrern in v\u00f6lliger Mobilit\u00e4t relevante L\u00f6sungen anzubieten (Tank- oder Ladestationen, Parkpl\u00e4tze...).<\/p>\n<\/div>\n<\/div>\n\n\n\n<div class=\"wp-block-uagb-container uag-hide-desktop uagb-block-2bd01b01\">\n<figure class=\"wp-block-image size-full\"><img loading=\"lazy\" decoding=\"async\" width=\"476\" height=\"289\" src=\"https:\/\/bu.optimum-automotive.com\/wp-content\/uploads\/2024\/05\/datahub-1.jpg\" alt=\"Daten aus dem DATA CENTRE Parkverwaltung\" class=\"wp-image-1128\" srcset=\"https:\/\/bu.optimum-automotive.com\/wp-content\/uploads\/2024\/05\/datahub-1.jpg 476w, https:\/\/bu.optimum-automotive.com\/wp-content\/uploads\/2024\/05\/datahub-1-300x182.jpg 300w\" sizes=\"auto, (max-width: 476px) 100vw, 476px\" \/><\/figure>\n<\/div>\n<\/div>\n<\/div>\n\n\n\n<div class=\"wp-block-uagb-container uagb-block-df633af8 alignfull uagb-is-root-container\">\n<div class=\"wp-block-uagb-container uagb-block-bf4cb563\">\n<div class=\"wp-block-uagb-container uagb-block-a6ee5552\">\n<h3 class=\"wp-block-heading has-text-color has-link-color wp-elements-aff499c85e42cda12c6308457c5a4617\" style=\"color:#ffffff\">Der Betrieb des DATA CENTRE<\/h3>\n\n\n\n<p class=\"has-text-color has-link-color wp-elements-77d8c291b4702b70f5947ee0ab449b78\" style=\"color:#ffffff\">Die au\u00dfergew\u00f6hnlich reichhaltigen Daten, die im DATA CENTRE gesammelt werden, flie\u00dfen in Dashboards und Beratungs- und Betriebszentren ein.<\/p>\n\n\n\n<p class=\"has-text-color has-link-color wp-elements-d4b168846a2cccf71a2f755ce9a27e33\" style=\"color:#ffffff\">Die von OPTIMUM entwickelten Algorithmen liefern die Daten, die die Manager ben\u00f6tigen, um zum richtigen Zeitpunkt die richtigen Entscheidungen zu treffen.<\/p>\n\n\n\n<p class=\"has-text-color has-link-color wp-elements-7d62f79c6f565d915dadef097c81786e\" style=\"color:#ffffff\">Ob es um die Optimierung von Kosten, Reisen oder Servicequalit\u00e4t geht, die Algorithmen zur Datenanalyse und unser Beratungszentrum bieten echte und messbare Vorteile f\u00fcr jede Abteilung.<\/p>\n<\/div>\n\n\n\n<div class=\"wp-block-uagb-container uagb-block-b0e75649\">\n<figure class=\"wp-block-image size-full mt-0 mb-0 uag-hide-mob\"><img loading=\"lazy\" decoding=\"async\" width=\"602\" height=\"345\" src=\"https:\/\/bu.optimum-automotive.com\/wp-content\/uploads\/2024\/05\/algorithmes-datahub.png\" alt=\"Betrieb des DATA CENTRE Parkverwaltung\" class=\"wp-image-1132\" srcset=\"https:\/\/bu.optimum-automotive.com\/wp-content\/uploads\/2024\/05\/algorithmes-datahub.png 602w, https:\/\/bu.optimum-automotive.com\/wp-content\/uploads\/2024\/05\/algorithmes-datahub-300x172.png 300w\" sizes=\"auto, (max-width: 602px) 100vw, 602px\" \/><\/figure>\n<\/div>\n<\/div>\n<\/div>","protected":false},"excerpt":{"rendered":"<p>La data au c\u0153ur de vos enjeux La gestion d\u2019un parc automobile et, plus largement la mobilit\u00e9, reposent avant tout sur la ma\u00eetrise des flux de donn\u00e9es.Afin de collecter, analyser, synth\u00e9tiser ces donn\u00e9es et d\u2019en tirer le maximum de b\u00e9n\u00e9fices gr\u00e2ce \u00e0 des algorithmes intelligents, OPTIMUM a con\u00e7u un DATA CENTRE d\u2019une richesse unique. Les [&hellip;]<\/p>","protected":false},"author":1,"featured_media":0,"parent":0,"menu_order":0,"comment_status":"closed","ping_status":"open","template":"page-without-title.php","meta":{"_coblocks_attr":"","_coblocks_dimensions":"","_coblocks_responsive_height":"","_coblocks_accordion_ie_support":"","_uag_custom_page_level_css":"","footnotes":""},"class_list":["post-2","page","type-page","status-publish","hentry"],"uagb_featured_image_src":{"full":false,"thumbnail":false,"medium":false,"medium_large":false,"large":false,"1536x1536":false,"2048x2048":false,"trp-custom-language-flag":false},"uagb_author_info":{"display_name":"camaleon","author_link":"https:\/\/bu.optimum-automotive.com\/de\/author\/camaleon\/"},"uagb_comment_info":0,"uagb_excerpt":"La data au c\u0153ur de vos enjeux La gestion d\u2019un parc automobile et, plus largement la mobilit\u00e9, reposent avant tout sur la ma\u00eetrise des flux de donn\u00e9es.Afin de collecter, analyser, synth\u00e9tiser ces donn\u00e9es et d\u2019en tirer le maximum de b\u00e9n\u00e9fices gr\u00e2ce \u00e0 des algorithmes intelligents, OPTIMUM a con\u00e7u un DATA CENTRE d\u2019une richesse unique. Les&hellip;","_links":{"self":[{"href":"https:\/\/bu.optimum-automotive.com\/de\/wp-json\/wp\/v2\/pages\/2","targetHints":{"allow":["GET"]}}],"collection":[{"href":"https:\/\/bu.optimum-automotive.com\/de\/wp-json\/wp\/v2\/pages"}],"about":[{"href":"https:\/\/bu.optimum-automotive.com\/de\/wp-json\/wp\/v2\/types\/page"}],"author":[{"embeddable":true,"href":"https:\/\/bu.optimum-automotive.com\/de\/wp-json\/wp\/v2\/users\/1"}],"replies":[{"embeddable":true,"href":"https:\/\/bu.optimum-automotive.com\/de\/wp-json\/wp\/v2\/comments?post=2"}],"version-history":[{"count":132,"href":"https:\/\/bu.optimum-automotive.com\/de\/wp-json\/wp\/v2\/pages\/2\/revisions"}],"predecessor-version":[{"id":5327,"href":"https:\/\/bu.optimum-automotive.com\/de\/wp-json\/wp\/v2\/pages\/2\/revisions\/5327"}],"wp:attachment":[{"href":"https:\/\/bu.optimum-automotive.com\/de\/wp-json\/wp\/v2\/media?parent=2"}],"curies":[{"name":"wp","href":"https:\/\/api.w.org\/{rel}","templated":true}]}}