{"id":4287,"date":"2024-12-02T15:32:16","date_gmt":"2024-12-02T14:32:16","guid":{"rendered":"https:\/\/www.optimum-automotive.com\/?page_id=4287"},"modified":"2025-01-15T16:57:11","modified_gmt":"2025-01-15T15:57:11","slug":"a-propos-de-nous","status":"publish","type":"page","link":"https:\/\/bu.optimum-automotive.com\/de\/uber-uns\/","title":{"rendered":"\u00dcber Optimum"},"content":{"rendered":"<div class=\"wp-block-uagb-container uagb-block-878989d0 alignfull uagb-is-root-container\"><div class=\"uagb-container-inner-blocks-wrap\">\n<h1 class=\"wp-block-heading mt-0 mb-0 has-blue-color has-text-color has-link-color wp-elements-4cdb1e2f6be01bea07b9fc7805b29e32\">\u00dcber Optimum<\/h1>\n<\/div><\/div>\n\n\n\n<div class=\"wp-block-uagb-container uagb-block-7d5720e4 alignfull uagb-is-root-container\"><div class=\"uagb-container-inner-blocks-wrap\">\n<div class=\"wp-block-uagb-container uagb-block-9b4fba97\">\n<p><strong><mark style=\"background-color:rgba(0, 0, 0, 0)\" class=\"has-inline-color has-blue-color\">OPTIMUM<\/mark><\/strong>, seit 2006 europ\u00e4ischer Spezialist f\u00fcr vernetzte Fahrzeuge und Mobilit\u00e4t, bietet innovative L\u00f6sungen, um die finanziellen und \u00f6kologischen Auswirkungen von Fahrzeugflotten und im weiteren Sinne der beruflichen Mobilit\u00e4t zu reduzieren. Seit seiner Integration in SHIFTMOVE im Oktober 2024 (entstanden aus der Fusion von AVRIOS und VIMCAR) bietet das Unternehmen [...].<\/p>\n\n\n\n<p>Seit seiner Integration in<strong> <mark style=\"background-color:rgba(0, 0, 0, 0)\" class=\"has-inline-color has-blue-color\">SHIFTMOVE<\/mark><\/strong> im Oktober 2024 bietet das Unternehmen ein umfassendes Angebot, das das Reisemanagement f\u00fcr Mitarbeiter, Waren und Dienstleistungen von Unternehmen revolutioniert.<\/p>\n<\/div>\n\n\n\n<div class=\"wp-block-uagb-container uagb-block-142822e2\"><div class=\"wp-block-image\">\n<figure class=\"alignright size-full\"><img loading=\"lazy\" decoding=\"async\" width=\"500\" height=\"374\" src=\"https:\/\/bu.optimum-automotive.com\/wp-content\/uploads\/2024\/12\/securitrack-fd.png\" alt=\"\" class=\"wp-image-4353\" srcset=\"https:\/\/bu.optimum-automotive.com\/wp-content\/uploads\/2024\/12\/securitrack-fd.png 500w, https:\/\/bu.optimum-automotive.com\/wp-content\/uploads\/2024\/12\/securitrack-fd-300x224.png 300w, https:\/\/bu.optimum-automotive.com\/wp-content\/uploads\/2024\/12\/securitrack-fd-16x12.png 16w\" sizes=\"auto, (max-width: 500px) 100vw, 500px\" \/><\/figure><\/div><\/div>\n<\/div><\/div>\n\n\n\n<div class=\"wp-block-uagb-container uagb-block-9d1393e9 alignfull uagb-is-root-container\">\n<div style=\"height:50px\" aria-hidden=\"true\" class=\"wp-block-spacer\"><\/div>\n\n\n\n<div class=\"wp-block-uagb-container uagb-block-a36ec8fb alignfull uagb-is-root-container\"><div class=\"uagb-container-inner-blocks-wrap\">\n<h2 class=\"wp-block-heading has-blue-color has-text-color has-link-color wp-elements-b797b814830d852d4a35d20ea84049e4\"><strong>SHIFTMOVE in Ziffern&nbsp;<\/strong><\/h2>\n<\/div><\/div>\n\n\n\n<div class=\"wp-block-uagb-container uagb-block-1d662adf alignfull uagb-is-root-container\"><div class=\"uagb-container-inner-blocks-wrap\">\n<div class=\"wp-block-uagb-container uagb-block-7f3069d6\"><div class=\"wp-block-image mt-0 mb-0\">\n<figure class=\"aligncenter size-full\"><img loading=\"lazy\" decoding=\"async\" width=\"46\" height=\"46\" src=\"https:\/\/bu.optimum-automotive.com\/wp-content\/uploads\/2024\/12\/earth.png\" alt=\"\" class=\"wp-image-4322\" srcset=\"https:\/\/bu.optimum-automotive.com\/wp-content\/uploads\/2024\/12\/earth.png 46w, https:\/\/bu.optimum-automotive.com\/wp-content\/uploads\/2024\/12\/earth-12x12.png 12w\" sizes=\"auto, (max-width: 46px) 100vw, 46px\" \/><\/figure><\/div>\n\n\n<h3 class=\"wp-block-heading has-text-align-center bigfont\"><mark style=\"background-color:rgba(0, 0, 0, 0)\" class=\"has-inline-color has-blue-color\">250+<\/mark><\/h3>\n\n\n\n<p class=\"has-text-align-center\">Mitarbeiter aus \u00fcber 20 verschiedenen Nationen<\/p>\n<\/div>\n\n\n\n<div class=\"wp-block-uagb-container uagb-block-3950cf23\"><div class=\"wp-block-image mt-0 mb-0\">\n<figure class=\"aligncenter size-full\"><img loading=\"lazy\" decoding=\"async\" width=\"46\" height=\"46\" src=\"https:\/\/bu.optimum-automotive.com\/wp-content\/uploads\/2024\/12\/entreprise.png\" alt=\"\" class=\"wp-image-4361\" srcset=\"https:\/\/bu.optimum-automotive.com\/wp-content\/uploads\/2024\/12\/entreprise.png 46w, https:\/\/bu.optimum-automotive.com\/wp-content\/uploads\/2024\/12\/entreprise-12x12.png 12w\" sizes=\"auto, (max-width: 46px) 100vw, 46px\" \/><\/figure><\/div>\n\n\n<h3 class=\"wp-block-heading has-text-align-center bigfont\">10 000+<\/h3>\n\n\n\n<p class=\"has-text-align-center\">Gesch\u00e4ftliche Kunden<\/p>\n<\/div>\n\n\n\n<div class=\"wp-block-uagb-container uagb-block-1dd3ed6d\"><div class=\"wp-block-image mt-0 mb-0\">\n<figure class=\"aligncenter size-full\"><img loading=\"lazy\" decoding=\"async\" width=\"46\" height=\"46\" src=\"https:\/\/bu.optimum-automotive.com\/wp-content\/uploads\/2024\/12\/car.png\" alt=\"\" class=\"wp-image-4330\" srcset=\"https:\/\/bu.optimum-automotive.com\/wp-content\/uploads\/2024\/12\/car.png 46w, https:\/\/bu.optimum-automotive.com\/wp-content\/uploads\/2024\/12\/car-12x12.png 12w\" sizes=\"auto, (max-width: 46px) 100vw, 46px\" \/><\/figure><\/div>\n\n\n<h3 class=\"wp-block-heading has-text-align-center bigfont\">280 000+<\/h3>\n\n\n\n<p class=\"has-text-align-center\">Verwaltete Fahrzeuge<\/p>\n<\/div>\n<\/div><\/div>\n\n\n\n<div class=\"wp-block-uagb-container uagb-block-5bb4a482 alignfull uagb-is-root-container\"><div class=\"uagb-container-inner-blocks-wrap\">\n<div class=\"wp-block-uagb-container uagb-block-2c507909\"><div class=\"wp-block-image mt-0 mb-0\">\n<figure class=\"aligncenter size-full\"><img loading=\"lazy\" decoding=\"async\" width=\"46\" height=\"46\" src=\"https:\/\/bu.optimum-automotive.com\/wp-content\/uploads\/2024\/12\/drivers.png\" alt=\"\" class=\"wp-image-4364\" srcset=\"https:\/\/bu.optimum-automotive.com\/wp-content\/uploads\/2024\/12\/drivers.png 46w, https:\/\/bu.optimum-automotive.com\/wp-content\/uploads\/2024\/12\/drivers-12x12.png 12w\" sizes=\"auto, (max-width: 46px) 100vw, 46px\" \/><\/figure><\/div>\n\n\n<h3 class=\"wp-block-heading has-text-align-center bigfont\">400 000+<\/h3>\n\n\n\n<p class=\"has-text-align-center\">Leiter<\/p>\n<\/div>\n\n\n\n<div class=\"wp-block-uagb-container uagb-block-c5912991\"><div class=\"wp-block-image mt-0 mb-0\">\n<figure class=\"aligncenter size-full\"><img loading=\"lazy\" decoding=\"async\" width=\"46\" height=\"46\" src=\"https:\/\/bu.optimum-automotive.com\/wp-content\/uploads\/2024\/12\/trajets.png\" alt=\"\" class=\"wp-image-4360\" srcset=\"https:\/\/bu.optimum-automotive.com\/wp-content\/uploads\/2024\/12\/trajets.png 46w, https:\/\/bu.optimum-automotive.com\/wp-content\/uploads\/2024\/12\/trajets-12x12.png 12w\" sizes=\"auto, (max-width: 46px) 100vw, 46px\" \/><\/figure><\/div>\n\n\n<h3 class=\"wp-block-heading has-text-align-center bigfont\">450 000+<\/h3>\n\n\n\n<p class=\"has-text-align-center\">Fahrten pro Tag<\/p>\n<\/div>\n<\/div><\/div>\n\n\n\n<div style=\"height:50px\" aria-hidden=\"true\" class=\"wp-block-spacer\"><\/div>\n<\/div>\n\n\n\n<div style=\"height:50px\" aria-hidden=\"true\" class=\"wp-block-spacer\"><\/div>\n\n\n\n<div class=\"wp-block-uagb-container uagb-block-4c03314c alignfull uagb-is-root-container\"><div class=\"uagb-container-inner-blocks-wrap\">\n<div class=\"wp-block-uagb-container uagb-block-f804a539\">\n<h2 class=\"wp-block-heading has-blue-color has-text-color has-link-color wp-elements-69010f92f63805517c8e20a125e9f029\"><strong><strong>Unser Investor<\/strong><\/strong><\/h2>\n\n\n\n<p>SHIFTMOVE wird von dem renommierten und internationalen Investor unterst\u00fctzt <mark style=\"background-color:rgba(0, 0, 0, 0)\" class=\"has-inline-color has-blue-color\"><strong>BATTERY VENTURES<\/strong><\/mark>.<\/p>\n<\/div>\n\n\n\n<div class=\"wp-block-uagb-container uagb-block-f46ad3a5\"><div class=\"wp-block-image\">\n<figure class=\"alignleft size-full\"><img loading=\"lazy\" decoding=\"async\" width=\"212\" height=\"56\" src=\"https:\/\/bu.optimum-automotive.com\/wp-content\/uploads\/2024\/11\/image.png\" alt=\"\" class=\"wp-image-4290\" srcset=\"https:\/\/bu.optimum-automotive.com\/wp-content\/uploads\/2024\/11\/image.png 212w, https:\/\/bu.optimum-automotive.com\/wp-content\/uploads\/2024\/11\/image-18x5.png 18w\" sizes=\"auto, (max-width: 212px) 100vw, 212px\" \/><\/figure><\/div><\/div>\n<\/div><\/div>\n\n\n\n<div style=\"height:50px\" aria-hidden=\"true\" class=\"wp-block-spacer\"><\/div>\n\n\n\n<p><\/p>","protected":false},"excerpt":{"rendered":"<p>\u00dcber Optimum OPTIMUM, seit 2006 europ\u00e4ischer Spezialist f\u00fcr vernetzte Fahrzeuge und Mobilit\u00e4t, bietet innovative L\u00f6sungen, um die finanziellen und \u00f6kologischen Auswirkungen von Fahrzeugflotten und im weiteren Sinne der beruflichen Mobilit\u00e4t zu reduzieren. Seit seiner Integration in SHIFTMOVE im Oktober 2024 bietet das Unternehmen ein umfassendes Angebot, das das Reisemanagement von [...]] revolutioniert.<\/p>","protected":false},"author":1,"featured_media":0,"parent":0,"menu_order":0,"comment_status":"closed","ping_status":"closed","template":"page-without-title.php","meta":{"_coblocks_attr":"","_coblocks_dimensions":"","_coblocks_responsive_height":"","_coblocks_accordion_ie_support":"","_uag_custom_page_level_css":"","footnotes":""},"class_list":["post-4287","page","type-page","status-publish","hentry"],"uagb_featured_image_src":{"full":false,"thumbnail":false,"medium":false,"medium_large":false,"large":false,"1536x1536":false,"2048x2048":false,"trp-custom-language-flag":false},"uagb_author_info":{"display_name":"camaleon","author_link":"https:\/\/bu.optimum-automotive.com\/de\/author\/camaleon\/"},"uagb_comment_info":0,"uagb_excerpt":"\u00c0 propos d&rsquo;Optimum OPTIMUM, sp\u00e9cialiste europ\u00e9en du v\u00e9hicule connect\u00e9 et de la mobilit\u00e9 depuis 2006, propose des solutions innovantes pour r\u00e9duire l\u2019impact financier et environnemental des flottes automobiles et, plus largement de la mobilit\u00e9 professionnelle. Depuis son int\u00e9gration dans SHIFTMOVE en octobre 2024, l\u2019entreprise propose une offre globale qui r\u00e9volutionne la gestion des d\u00e9placements des&hellip;","_links":{"self":[{"href":"https:\/\/bu.optimum-automotive.com\/de\/wp-json\/wp\/v2\/pages\/4287","targetHints":{"allow":["GET"]}}],"collection":[{"href":"https:\/\/bu.optimum-automotive.com\/de\/wp-json\/wp\/v2\/pages"}],"about":[{"href":"https:\/\/bu.optimum-automotive.com\/de\/wp-json\/wp\/v2\/types\/page"}],"author":[{"embeddable":true,"href":"https:\/\/bu.optimum-automotive.com\/de\/wp-json\/wp\/v2\/users\/1"}],"replies":[{"embeddable":true,"href":"https:\/\/bu.optimum-automotive.com\/de\/wp-json\/wp\/v2\/comments?post=4287"}],"version-history":[{"count":67,"href":"https:\/\/bu.optimum-automotive.com\/de\/wp-json\/wp\/v2\/pages\/4287\/revisions"}],"predecessor-version":[{"id":5105,"href":"https:\/\/bu.optimum-automotive.com\/de\/wp-json\/wp\/v2\/pages\/4287\/revisions\/5105"}],"wp:attachment":[{"href":"https:\/\/bu.optimum-automotive.com\/de\/wp-json\/wp\/v2\/media?parent=4287"}],"curies":[{"name":"wp","href":"https:\/\/api.w.org\/{rel}","templated":true}]}}