{"id":7,"date":"2024-04-30T10:44:57","date_gmt":"2024-04-30T08:44:57","guid":{"rendered":"http:\/\/127.0.0.1\/site%20OA\/?page_id=7"},"modified":"2025-01-16T16:08:15","modified_gmt":"2025-01-16T15:08:15","slug":"pour-les-tpe-pme","status":"publish","type":"page","link":"https:\/\/bu.optimum-automotive.com\/de\/fur-kleine-und-mittlere-unternehmen\/","title":{"rendered":"F\u00fcr Kleinstunternehmen\/KMU"},"content":{"rendered":"<div class=\"wp-block-uagb-container uagb-block-3e0fff77 alignfull uagb-is-root-container\"><div class=\"uagb-container-inner-blocks-wrap\">\n<div class=\"wp-block-uagb-container uagb-block-ad60e79b\">\n<h1 class=\"wp-block-heading mt-0 mb-0\">F\u00fcr Kleinstunternehmen\/KMU<\/h1>\n\n\n\n<p>Fahrzeuge sind f\u00fcr Ihr Gesch\u00e4ft unerl\u00e4sslich und Sie wollen sie in <strong>den Betrieb beherrschen und optimieren <\/strong>f\u00fcr :<\/p>\n\n\n\n<ul class=\"wp-block-list\">\n<li><strong>Ihre Produktivit\u00e4t steigern<\/strong><\/li>\n\n\n\n<li><strong>Ihre Dienstleistungsqualit\u00e4t optimieren<\/strong><\/li>\n\n\n\n<li><strong>Kosten senken<\/strong><\/li>\n\n\n\n<li><strong>Vereinfachung der Verwaltung und der Verwaltungsaufgaben<\/strong><\/li>\n\n\n\n<li><strong>Fahrzeuge, Waren und Fahrer sichern<\/strong><\/li>\n\n\n\n<li><strong>Dem Stra\u00dfenverkehrsrisiko vorbeugen<\/strong><\/li>\n<\/ul>\n<\/div>\n\n\n\n<div class=\"wp-block-uagb-container uagb-block-eb52fec0\">\n<div style=\"height:5px\" aria-hidden=\"true\" class=\"wp-block-spacer\"><\/div>\n\n\n\n<div class=\"lyte-wrapper\" style=\"width:560px;max-width:100%;margin:5px;\"><div class=\"lyMe\" id=\"WYL_KqUK7mLzRUk\"><div id=\"lyte_KqUK7mLzRUk\" data-src=\"https:\/\/bu.optimum-automotive.com\/wp-content\/plugins\/wp-youtube-lyte\/lyteCache.php?origThumbUrl=%2F%2Fi.ytimg.com%2Fvi%2FKqUK7mLzRUk%2Fhqdefault.jpg\" class=\"pL\"><div class=\"tC\"><div class=\"tT\"><\/div><\/div><div class=\"play\"><\/div><div class=\"ctrl\"><div class=\"Lctrl\"><\/div><div class=\"Rctrl\"><\/div><\/div><\/div><noscript><a href=\"https:\/\/youtu.be\/KqUK7mLzRUk\" rel=\"nofollow\"><img loading=\"lazy\" decoding=\"async\" src=\"https:\/\/bu.optimum-automotive.com\/wp-content\/plugins\/wp-youtube-lyte\/lyteCache.php?origThumbUrl=https%3A%2F%2Fi.ytimg.com%2Fvi%2FKqUK7mLzRUk%2F0.jpg\" alt=\"\" width=\"560\" height=\"295\" \/><br \/>Watch this video on YouTube<\/a><\/noscript><\/div><\/div><div class=\"lL\" style=\"max-width:100%;width:560px;margin:5px;\"><\/div>\n\n\n\n<div class=\"wp-block-buttons is-content-justification-center is-layout-flex wp-container-core-buttons-is-layout-1 wp-block-buttons-is-layout-flex\">\n<div class=\"wp-block-button\"><a class=\"wp-block-button__link has-blue-background-color has-background wp-element-button\" href=\"https:\/\/bu.optimum-automotive.com\/de\/demo\/\">Demo anfordern<\/a><\/div>\n\n\n\n<div class=\"wp-block-button\"><a class=\"wp-block-button__link has-background wp-element-button\" href=\"https:\/\/bu.optimum-automotive.com\/de\/kontakt\/\" style=\"background-color:#0d416a\">Kontaktieren Sie uns<\/a><\/div>\n<\/div>\n<\/div>\n<\/div><\/div>\n\n\n\n<div style=\"height:50px\" aria-hidden=\"true\" class=\"wp-block-spacer\"><\/div>\n\n\n\n<div class=\"wp-block-uagb-container uagb-block-d2d3c577 alignfull uagb-is-root-container\">\n<h2 class=\"wp-block-heading has-text-align-center\"><strong><strong>Unsere Palette an verbundenen Diensten <\/strong><\/strong><br><strong><strong>erm\u00f6glicht es Ihnen, Ihre Ziele schnell zu erreichen!<\/strong><\/strong><\/h2>\n\n\n\n<div class=\"wp-block-uagb-container uagb-block-fa30886b alignfull uagb-is-root-container\"><div class=\"uagb-container-inner-blocks-wrap\">\n<div class=\"wp-block-uagb-container uagb-block-85d4ad23\">\n<div class=\"wp-block-uagb-container uagb-block-5186513a\"><div class=\"wp-block-image\">\n<figure class=\"aligncenter size-full is-resized\"><img loading=\"lazy\" decoding=\"async\" width=\"450\" height=\"398\" src=\"https:\/\/bu.optimum-automotive.com\/wp-content\/uploads\/2024\/12\/solution-de-gestion-Optimum-Automotive.png\" alt=\"\" class=\"wp-image-4424\" style=\"width:450px\" srcset=\"https:\/\/bu.optimum-automotive.com\/wp-content\/uploads\/2024\/12\/solution-de-gestion-Optimum-Automotive.png 450w, https:\/\/bu.optimum-automotive.com\/wp-content\/uploads\/2024\/12\/solution-de-gestion-Optimum-Automotive-300x265.png 300w, https:\/\/bu.optimum-automotive.com\/wp-content\/uploads\/2024\/12\/solution-de-gestion-Optimum-Automotive-14x12.png 14w\" sizes=\"auto, (max-width: 450px) 100vw, 450px\" \/><\/figure><\/div>\n\n\n<div class=\"wp-block-uagb-container uagb-block-36df7aa8\">\n<div class=\"wp-block-uagb-container uagb-block-c3031dc7\">\n<p>Die Optimum-Verwaltungsl\u00f6sung ist 24\/7 von jedem Endger\u00e4t aus zug\u00e4nglich und vereint alle Dienste, die Sie ben\u00f6tigen:<\/p>\n\n\n\n<ul class=\"wp-block-list\">\n<ul class=\"wp-block-list\">\n<li><a href=\"#geolocalisation\"><strong>Geolokalisierung<\/strong><\/a><\/li>\n\n\n\n<li><a href=\"#missions\"><strong>Verwaltung von Missionen<\/strong><\/a><\/li>\n\n\n\n<li><a data-type=\"internal\" data-id=\"#ecoconduite\" href=\"#ecoconduite\"><strong>Analyse des Verhaltens<\/strong><\/a><\/li>\n\n\n\n<li><a href=\"#protection\"><strong>Schutz <\/strong><\/a><\/li>\n\n\n\n<li><a href=\"#antai\"><strong>Verwaltung von Bu\u00dfgeldern<\/strong><\/a><\/li>\n\n\n\n<li><a href=\"#rapports\"><strong>Zentrum f\u00fcr Berichte, Warnungen und Ratschl\u00e4ge<\/strong><\/a><\/li>\n\n\n\n<li><a href=\"#applications\"><strong>Mobile Apps Fahrer \/ Manager<\/strong><\/a><\/li>\n\n\n\n<li><a data-type=\"internal\" data-id=\"#loin\" href=\"#loin\"><strong>Und noch mehr<\/strong><\/a>&#8230;<\/li>\n<\/ul>\n<\/ul>\n<\/div>\n\n\n\n<div class=\"wp-block-buttons is-content-justification-left is-layout-flex wp-container-core-buttons-is-layout-2 wp-block-buttons-is-layout-flex\">\n<div class=\"wp-block-button\"><a class=\"wp-block-button__link has-blue-background-color has-background wp-element-button\" href=\"https:\/\/bu.optimum-automotive.com\/de\/demo\/\">Demo anfordern<\/a><\/div>\n<\/div>\n<\/div>\n<\/div>\n<\/div>\n<\/div><\/div>\n<\/div>\n\n\n\n<div class=\"wp-block-uagb-container uagb-block-ecdc0c83 alignfull uagb-is-root-container\">\n<div class=\"wp-block-uagb-container uagb-block-4956055a\">\n<div class=\"wp-block-uagb-container uagb-block-0050d6b7 alignfull uagb-is-root-container\"><div class=\"uagb-container-inner-blocks-wrap\">\n<div class=\"wp-block-uagb-container uagb-block-08dc6aad\">\n<h2 class=\"wp-block-heading mb-0\" id=\"geolocalisation\">GEOLOKALISIERUNG<\/h2>\n\n\n\n<h3 class=\"wp-block-heading mt-0\">Perfekter Einblick in die Aktivit\u00e4ten vor Ort<\/h3>\n\n\n\n<p>Echtzeit-Geolokalisierung Ihrer Fahrzeuge, Fahrtenhistorie, Fahreridentifikation, Tourenoptimierung, Umgebungssuche, sofortige Warnungen bei anormalen oder nicht genehmigten Bewegungen, anpassbare Multikriterienberichte...<\/p>\n\n\n\n<p><strong>Dank der Geolokalisierung entgeht Ihnen nichts mehr! Sie erhalten einen perfekten Einblick in die Aktivit\u00e4ten Ihrer Fahrzeuge und Fahrer, um Ihre Produktivit\u00e4t zu steigern und unn\u00f6tige Fahrten zu vermeiden.<\/strong><\/p>\n\n\n\n<div class=\"wp-block-buttons is-content-justification-left is-layout-flex wp-container-core-buttons-is-layout-3 wp-block-buttons-is-layout-flex\">\n<div class=\"wp-block-button\"><a class=\"wp-block-button__link has-blue-background-color has-background wp-element-button\" href=\"https:\/\/bu.optimum-automotive.com\/de\/demo\/\">Demo anfordern<\/a><\/div>\n<\/div>\n<\/div>\n\n\n\n<div class=\"wp-block-uagb-container uagb-block-c795e4d0\"><div class=\"wp-block-image\">\n<figure class=\"aligncenter size-full\"><img loading=\"lazy\" decoding=\"async\" width=\"429\" height=\"410\" src=\"https:\/\/bu.optimum-automotive.com\/wp-content\/uploads\/2024\/12\/geolocalisation_vehicules.png\" alt=\"\" class=\"wp-image-4426\" srcset=\"https:\/\/bu.optimum-automotive.com\/wp-content\/uploads\/2024\/12\/geolocalisation_vehicules.png 429w, https:\/\/bu.optimum-automotive.com\/wp-content\/uploads\/2024\/12\/geolocalisation_vehicules-300x287.png 300w, https:\/\/bu.optimum-automotive.com\/wp-content\/uploads\/2024\/12\/geolocalisation_vehicules-13x12.png 13w\" sizes=\"auto, (max-width: 429px) 100vw, 429px\" \/><\/figure><\/div><\/div>\n<\/div><\/div>\n<\/div>\n<\/div>\n\n\n\n<div class=\"wp-block-uagb-container uagb-block-5c9e6289 alignfull uagb-is-root-container\">\n<div class=\"wp-block-uagb-container uagb-block-87333279\">\n<div class=\"wp-block-uagb-container uag-hide-tab uag-hide-mob uagb-block-54ec6a5e\"><div class=\"wp-block-image\">\n<figure class=\"aligncenter size-full\"><img loading=\"lazy\" decoding=\"async\" width=\"523\" height=\"482\" src=\"https:\/\/bu.optimum-automotive.com\/wp-content\/uploads\/2024\/12\/arton15.png\" alt=\"\" class=\"wp-image-4427\" srcset=\"https:\/\/bu.optimum-automotive.com\/wp-content\/uploads\/2024\/12\/arton15.png 523w, https:\/\/bu.optimum-automotive.com\/wp-content\/uploads\/2024\/12\/arton15-300x276.png 300w, https:\/\/bu.optimum-automotive.com\/wp-content\/uploads\/2024\/12\/arton15-13x12.png 13w\" sizes=\"auto, (max-width: 523px) 100vw, 523px\" \/><\/figure><\/div><\/div>\n\n\n\n<div class=\"wp-block-uagb-container uagb-block-c1beca3d\">\n<div class=\"wp-block-uagb-container uagb-block-5dfa3c8d\">\n<h2 class=\"wp-block-heading mb-0\" id=\"missions\">MISSIONEN<\/h2>\n\n\n\n<h3 class=\"wp-block-heading mt-0\">Mehr Reaktionsf\u00e4higkeit, mehr Produktivit\u00e4t, mehr Rentabilit\u00e4t<\/h3>\n\n\n\n<p>\u00dcbermittlung von Auftr\u00e4gen in Echtzeit, Verwaltung von Just-in-time- oder geplanten Terminpl\u00e4nen, papierlose Unterschrift, Fotoaufnahme, Erstellung von Berichten in Echtzeit direkt aus der mobilen Anwendung Ihrer Referenten...<\/p>\n\n\n\n<p><strong>Mit der L\u00f6sung f\u00fcr die Verwaltung von Dienstreisen k\u00f6nnen Sie Ihr Gesch\u00e4ft genau steuern, erhebliche Produktivit\u00e4tssteigerungen verzeichnen und gleichzeitig Ihre Kosten senken.<\/strong><\/p>\n\n\n\n<div class=\"wp-block-buttons is-content-justification-left is-layout-flex wp-container-core-buttons-is-layout-4 wp-block-buttons-is-layout-flex\">\n<div class=\"wp-block-button\"><a class=\"wp-block-button__link has-blue-background-color has-background wp-element-button\" href=\"https:\/\/bu.optimum-automotive.com\/de\/demo\/\">Demo anfordern<\/a><\/div>\n<\/div>\n<\/div>\n<\/div>\n\n\n\n<div class=\"wp-block-uagb-container uag-hide-desktop uagb-block-98612be1\"><div class=\"wp-block-image\">\n<figure class=\"aligncenter size-full\"><img loading=\"lazy\" decoding=\"async\" width=\"523\" height=\"482\" src=\"https:\/\/bu.optimum-automotive.com\/wp-content\/uploads\/2024\/12\/arton15-1.png\" alt=\"\" class=\"wp-image-4428\" srcset=\"https:\/\/bu.optimum-automotive.com\/wp-content\/uploads\/2024\/12\/arton15-1.png 523w, https:\/\/bu.optimum-automotive.com\/wp-content\/uploads\/2024\/12\/arton15-1-300x276.png 300w, https:\/\/bu.optimum-automotive.com\/wp-content\/uploads\/2024\/12\/arton15-1-13x12.png 13w\" sizes=\"auto, (max-width: 523px) 100vw, 523px\" \/><\/figure><\/div><\/div>\n<\/div>\n<\/div>\n\n\n\n<div class=\"wp-block-uagb-container uagb-block-195de0ad alignfull uagb-is-root-container\">\n<div class=\"wp-block-uagb-container uagb-block-97388bdc\">\n<div class=\"wp-block-uagb-container uagb-block-5b082e78 alignfull uagb-is-root-container\"><div class=\"uagb-container-inner-blocks-wrap\">\n<div class=\"wp-block-uagb-container uagb-block-ed9c1e88\">\n<h2 class=\"wp-block-heading mb-0\" id=\"ecoconduite\">\u00d6KONDUKT<\/h2>\n\n\n\n<h3 class=\"wp-block-heading mt-0\">Pr\u00e4vention von Stra\u00dfenverkehrsrisiken als Priorit\u00e4t<\/h3>\n\n\n\n<p>St\u00e4ndige Analyse des Verhaltens Ihrer Fahrer (Kurven, Bremsen, Beschleunigen), Identifizierung von Risikoverhaltensweisen, die eine \u00d6ko-Pr\u00e4ventionsma\u00dfnahme erfordern, Stimulationsinstrumente, um Ihre Ma\u00dfnahme dauerhaft zu sichern. Unser Service bietet Ihnen alle Instrumente, um Ihre Mitarbeiter und die Umwelt zu sch\u00fctzen.<\/p>\n\n\n\n<p><strong>Da die Vermeidung von Risiken im Stra\u00dfenverkehr eine absolute Notwendigkeit ist, erm\u00f6glicht Ihnen die Anwendung, die Schadensquote zu senken und die Verantwortung des Unternehmensleiters zu wahren.<\/strong><\/p>\n\n\n\n<div class=\"wp-block-buttons is-content-justification-left is-layout-flex wp-container-core-buttons-is-layout-5 wp-block-buttons-is-layout-flex\">\n<div class=\"wp-block-button\"><a class=\"wp-block-button__link has-blue-background-color has-background wp-element-button\" href=\"https:\/\/bu.optimum-automotive.com\/de\/demo\/\">Demo anfordern<\/a><\/div>\n<\/div>\n<\/div>\n\n\n\n<div class=\"wp-block-uagb-container uagb-block-16d6fac7\"><div class=\"wp-block-image\">\n<figure class=\"aligncenter size-full\"><img loading=\"lazy\" decoding=\"async\" width=\"471\" height=\"430\" src=\"https:\/\/bu.optimum-automotive.com\/wp-content\/uploads\/2024\/05\/arton16.png\" alt=\"Eco-Drive-Anwendung\" class=\"wp-image-283\" srcset=\"https:\/\/bu.optimum-automotive.com\/wp-content\/uploads\/2024\/05\/arton16.png 471w, https:\/\/bu.optimum-automotive.com\/wp-content\/uploads\/2024\/05\/arton16-300x274.png 300w\" sizes=\"auto, (max-width: 471px) 100vw, 471px\" \/><\/figure><\/div><\/div>\n<\/div><\/div>\n<\/div>\n<\/div>\n\n\n\n<div class=\"wp-block-uagb-container uagb-block-ee352d34 alignfull uagb-is-root-container\">\n<div class=\"wp-block-uagb-container uagb-block-3e6abde1\">\n<div class=\"wp-block-uagb-container uag-hide-tab uag-hide-mob uagb-block-aef715fc\"><div class=\"wp-block-image\">\n<figure class=\"aligncenter size-full is-resized\"><img loading=\"lazy\" decoding=\"async\" width=\"488\" height=\"492\" src=\"https:\/\/bu.optimum-automotive.com\/wp-content\/uploads\/2024\/12\/protection_vehicules.png\" alt=\"\" class=\"wp-image-4429\" style=\"width:350px\" srcset=\"https:\/\/bu.optimum-automotive.com\/wp-content\/uploads\/2024\/12\/protection_vehicules.png 488w, https:\/\/bu.optimum-automotive.com\/wp-content\/uploads\/2024\/12\/protection_vehicules-298x300.png 298w, https:\/\/bu.optimum-automotive.com\/wp-content\/uploads\/2024\/12\/protection_vehicules-150x150.png 150w, https:\/\/bu.optimum-automotive.com\/wp-content\/uploads\/2024\/12\/protection_vehicules-12x12.png 12w\" sizes=\"auto, (max-width: 488px) 100vw, 488px\" \/><\/figure><\/div><\/div>\n\n\n\n<div class=\"wp-block-uagb-container uagb-block-d77c4e6b\">\n<div class=\"wp-block-uagb-container uagb-block-b8985800\">\n<h2 class=\"wp-block-heading mb-0\" id=\"protection\">SCHUTZ<\/h2>\n\n\n\n<h3 class=\"wp-block-heading mt-0\">Bald gestohlen, bald gefunden<\/h3>\n\n\n\n<p>Schutz von Fahrzeugen mit einem einfachen Klick auf die mobile Anwendung, sofortige Warnungen (Fahrer\/Manager) bei nicht genehmigten Bewegungen, Geolokalisierung und ferngesteuerte Wegfahrsperre des Fahrzeugs...<\/p>\n\n\n\n<p><strong>Der Schutzdienst erm\u00f6glicht es Ihnen, Ihre Fahrzeuge und die transportierten Waren\/Ausr\u00fcstungen wirksam zu sichern. Da Sie sofort informiert werden, k\u00f6nnen Sie mit Unterst\u00fctzung der Polizei sofort handeln.<\/strong><\/p>\n\n\n\n<div class=\"wp-block-buttons is-content-justification-left is-layout-flex wp-container-core-buttons-is-layout-6 wp-block-buttons-is-layout-flex\">\n<div class=\"wp-block-button\"><a class=\"wp-block-button__link has-blue-background-color has-background wp-element-button\" href=\"https:\/\/bu.optimum-automotive.com\/de\/demo\/\">Demo anfordern<\/a><\/div>\n<\/div>\n<\/div>\n<\/div>\n\n\n\n<div class=\"wp-block-uagb-container uag-hide-desktop uagb-block-e0c155b3\"><div class=\"wp-block-image\">\n<figure class=\"aligncenter size-full is-resized\"><img loading=\"lazy\" decoding=\"async\" width=\"488\" height=\"492\" src=\"https:\/\/bu.optimum-automotive.com\/wp-content\/uploads\/2024\/12\/protection_vehicules-1.png\" alt=\"\" class=\"wp-image-4430\" style=\"width:350px\" srcset=\"https:\/\/bu.optimum-automotive.com\/wp-content\/uploads\/2024\/12\/protection_vehicules-1.png 488w, https:\/\/bu.optimum-automotive.com\/wp-content\/uploads\/2024\/12\/protection_vehicules-1-298x300.png 298w, https:\/\/bu.optimum-automotive.com\/wp-content\/uploads\/2024\/12\/protection_vehicules-1-150x150.png 150w, https:\/\/bu.optimum-automotive.com\/wp-content\/uploads\/2024\/12\/protection_vehicules-1-12x12.png 12w\" sizes=\"auto, (max-width: 488px) 100vw, 488px\" \/><\/figure><\/div><\/div>\n<\/div>\n<\/div>\n\n\n\n<div class=\"wp-block-uagb-container uagb-block-3b283131 alignfull uagb-is-root-container\">\n<div class=\"wp-block-uagb-container uagb-block-8699635e\">\n<div class=\"wp-block-uagb-container uagb-block-900f7504 alignfull uagb-is-root-container\"><div class=\"uagb-container-inner-blocks-wrap\">\n<div class=\"wp-block-uagb-container uagb-block-2a70f34f\">\n<h2 class=\"wp-block-heading mb-0\" id=\"antai\">ANTAI<\/h2>\n\n\n\n<h3 class=\"wp-block-heading mt-0\">Ein rigoroser Umgang mit Verst\u00f6\u00dfen<\/h3>\n\n\n\n<p>Die Plattform ist direkt mit der ANTAI (Agence Nationale de Traitement Automatis\u00e9 des Infractions) verbunden. Diese sendet t\u00e4glich Anfragen zur Benennung von Verst\u00f6\u00dfen an die Plattform, und der Betreiber hat 45 Tage Zeit, um zu antworten (Benennung oder andere vordefinierte Antwort). Nach Ablauf dieser Frist wird der \"Papier\"-Bu\u00dfgeldbescheid an das Unternehmen gesendet.<\/p>\n\n\n\n<p><strong>Verwalten Sie die Verst\u00f6\u00dfe Ihrer Mitarbeiter einfach und in Echtzeit.<\/strong><\/p>\n\n\n\n<div class=\"wp-block-buttons is-content-justification-left is-layout-flex wp-container-core-buttons-is-layout-7 wp-block-buttons-is-layout-flex\">\n<div class=\"wp-block-button\"><a class=\"wp-block-button__link has-blue-background-color has-background wp-element-button\" href=\"https:\/\/bu.optimum-automotive.com\/de\/demo\/\">Demo anfordern<\/a><\/div>\n<\/div>\n<\/div>\n\n\n\n<div class=\"wp-block-uagb-container uagb-block-66fc43cc\"><div class=\"wp-block-image\">\n<figure class=\"aligncenter size-full\"><img loading=\"lazy\" decoding=\"async\" width=\"429\" height=\"410\" src=\"https:\/\/bu.optimum-automotive.com\/wp-content\/uploads\/2024\/12\/ANTAI_vehicules.png\" alt=\"\" class=\"wp-image-4431\" srcset=\"https:\/\/bu.optimum-automotive.com\/wp-content\/uploads\/2024\/12\/ANTAI_vehicules.png 429w, https:\/\/bu.optimum-automotive.com\/wp-content\/uploads\/2024\/12\/ANTAI_vehicules-300x287.png 300w, https:\/\/bu.optimum-automotive.com\/wp-content\/uploads\/2024\/12\/ANTAI_vehicules-13x12.png 13w\" sizes=\"auto, (max-width: 429px) 100vw, 429px\" \/><\/figure><\/div><\/div>\n<\/div><\/div>\n<\/div>\n<\/div>\n\n\n\n<div class=\"wp-block-uagb-container uagb-block-3386697b alignfull uagb-is-root-container\">\n<div class=\"wp-block-uagb-container uagb-block-60e3ae32\">\n<div class=\"wp-block-uagb-container uag-hide-tab uag-hide-mob uagb-block-579809be\"><div class=\"wp-block-image\">\n<figure class=\"aligncenter size-full\"><img loading=\"lazy\" decoding=\"async\" width=\"429\" height=\"410\" src=\"https:\/\/bu.optimum-automotive.com\/wp-content\/uploads\/2024\/12\/aletres_entretien-alertes.png\" alt=\"\" class=\"wp-image-4432\" srcset=\"https:\/\/bu.optimum-automotive.com\/wp-content\/uploads\/2024\/12\/aletres_entretien-alertes.png 429w, https:\/\/bu.optimum-automotive.com\/wp-content\/uploads\/2024\/12\/aletres_entretien-alertes-300x287.png 300w, https:\/\/bu.optimum-automotive.com\/wp-content\/uploads\/2024\/12\/aletres_entretien-alertes-13x12.png 13w\" sizes=\"auto, (max-width: 429px) 100vw, 429px\" \/><\/figure><\/div><\/div>\n\n\n\n<div class=\"wp-block-uagb-container uagb-block-aa4093a0\">\n<div class=\"wp-block-uagb-container uagb-block-54f4fb4b\">\n<h2 class=\"wp-block-heading mb-0\" id=\"rapports\"><strong>Zentrum f\u00fcr Berichte und Warnungen<\/strong><\/h2>\n\n\n\n<h3 class=\"wp-block-heading mt-0\">Automatisierung, um Ihr Handeln zu lenken<\/h3>\n\n\n\n<p>Die OPTIMUM-Plattform verf\u00fcgt \u00fcber ein konfigurierbares Alert-Center. Konfigurieren Sie Warnungen und erhalten Sie sofortige Benachrichtigungen bei Anomalien.<br>Profitieren Sie au\u00dferdem von automatisierten, vollst\u00e4ndig konfigurierbaren Managementberichten und erhalten Sie diese im gew\u00fcnschten Rhythmus direkt in Ihre Mailbox.<br>Ihre Verwaltungsplattform wird von k\u00fcnstlicher Intelligenz angetrieben und liefert Ihnen zudem Optimierungstipps in Echtzeit.<\/p>\n\n\n\n<div class=\"wp-block-buttons is-content-justification-left is-layout-flex wp-container-core-buttons-is-layout-8 wp-block-buttons-is-layout-flex\">\n<div class=\"wp-block-button\"><a class=\"wp-block-button__link has-blue-background-color has-background wp-element-button\" href=\"https:\/\/bu.optimum-automotive.com\/de\/demo\/\">Demo anfordern<\/a><\/div>\n<\/div>\n<\/div>\n<\/div>\n\n\n\n<div class=\"wp-block-uagb-container uag-hide-desktop uagb-block-bde9ac98\"><div class=\"wp-block-image\">\n<figure class=\"aligncenter size-full\"><img loading=\"lazy\" decoding=\"async\" width=\"429\" height=\"410\" src=\"https:\/\/bu.optimum-automotive.com\/wp-content\/uploads\/2024\/12\/aletres_entretien-alertes-1.png\" alt=\"\" class=\"wp-image-4433\" srcset=\"https:\/\/bu.optimum-automotive.com\/wp-content\/uploads\/2024\/12\/aletres_entretien-alertes-1.png 429w, https:\/\/bu.optimum-automotive.com\/wp-content\/uploads\/2024\/12\/aletres_entretien-alertes-1-300x287.png 300w, https:\/\/bu.optimum-automotive.com\/wp-content\/uploads\/2024\/12\/aletres_entretien-alertes-1-13x12.png 13w\" sizes=\"auto, (max-width: 429px) 100vw, 429px\" \/><\/figure><\/div><\/div>\n<\/div>\n<\/div>\n\n\n\n<div class=\"wp-block-uagb-container uagb-block-e6d3ac75 alignfull uagb-is-root-container\">\n<div class=\"wp-block-uagb-container uagb-block-bc90f8aa\">\n<div class=\"wp-block-uagb-container uagb-block-8a3fbd89 alignfull uagb-is-root-container\"><div class=\"uagb-container-inner-blocks-wrap\">\n<div class=\"wp-block-uagb-container uagb-block-7c8dff78\">\n<h2 class=\"wp-block-heading mb-0\" id=\"applications\"><strong>Mobile Anwendung<br>Fahrer \/ Manager<\/strong><\/h2>\n\n\n\n<h3 class=\"wp-block-heading mt-0\">Perfekte Sicht auch unterwegs<\/h3>\n\n\n\n<p>Die mobile Anwendung OPTIMUM CONNECT, die in den Stores \"Google Play\" und \"App Store\" verf\u00fcgbar ist, erm\u00f6glicht Ihnen die Verwaltung Ihrer Fahrzeuge von unterwegs aus. Je nachdem, welche verbundenen Dienste Sie abonniert haben, k\u00f6nnen Sie \u00fcber Ihr Smartphone auf die Funktionsvielfalt der OPTIMUM-L\u00f6sung zugreifen.<\/p>\n\n\n\n<p>Mit der App haben Ihre Fahrer auch die M\u00f6glichkeit, auf zahlreiche Funktionen zuzugreifen, die auf ihr Profil abgestimmt sind: Fahrtenverlauf, Eco-Drive-Score, Privatleben\/Profilmanagement und vieles mehr...<\/p>\n\n\n\n<div class=\"wp-block-buttons is-content-justification-left is-layout-flex wp-container-core-buttons-is-layout-9 wp-block-buttons-is-layout-flex\">\n<div class=\"wp-block-button\"><a class=\"wp-block-button__link has-blue-background-color has-background wp-element-button\" href=\"https:\/\/bu.optimum-automotive.com\/de\/demo\/\">Demo anfordern<\/a><\/div>\n<\/div>\n\n\n\n<p><a id=\"_msocom_1\"><\/a><\/p>\n\n\n\n<p><a id=\"_msocom_2\"><\/a><\/p>\n<\/div>\n\n\n\n<div class=\"wp-block-uagb-container uagb-block-c5bb020c\"><div class=\"wp-block-image\">\n<figure class=\"aligncenter size-full\"><img loading=\"lazy\" decoding=\"async\" width=\"475\" height=\"486\" src=\"https:\/\/bu.optimum-automotive.com\/wp-content\/uploads\/2024\/12\/apply.png\" alt=\"\" class=\"wp-image-4434\" style=\"object-fit:cover\" srcset=\"https:\/\/bu.optimum-automotive.com\/wp-content\/uploads\/2024\/12\/apply.png 475w, https:\/\/bu.optimum-automotive.com\/wp-content\/uploads\/2024\/12\/apply-293x300.png 293w, https:\/\/bu.optimum-automotive.com\/wp-content\/uploads\/2024\/12\/apply-12x12.png 12w\" sizes=\"auto, (max-width: 475px) 100vw, 475px\" \/><\/figure><\/div><\/div>\n<\/div><\/div>\n<\/div>\n<\/div>","protected":false},"excerpt":{"rendered":"<p>Pour les TPE\/PME Les v\u00e9hicules sont indispensables \u00e0 votre activit\u00e9 et vous souhaitez en ma\u00eetriser et optimiser l\u2019exploitation pour&nbsp;: Notre gamme de services connect\u00e9s vous permet d\u2019atteindre rapidement vos objectifs&nbsp;! Accessible 24\/7 depuis n\u2019importe quel terminal, la solution de gestion Optimum regroupe tous les services dont vous avez besoin\u00a0: G\u00c9OLOCALISATION Une parfaite visibilit\u00e9 de l\u2019activit\u00e9 [&hellip;]<\/p>","protected":false},"author":1,"featured_media":0,"parent":0,"menu_order":0,"comment_status":"closed","ping_status":"closed","template":"page-without-title.php","meta":{"_coblocks_attr":"","_coblocks_dimensions":"","_coblocks_responsive_height":"","_coblocks_accordion_ie_support":"","_uag_custom_page_level_css":"","footnotes":""},"class_list":["post-7","page","type-page","status-publish","hentry"],"uagb_featured_image_src":{"full":false,"thumbnail":false,"medium":false,"medium_large":false,"large":false,"1536x1536":false,"2048x2048":false,"trp-custom-language-flag":false},"uagb_author_info":{"display_name":"camaleon","author_link":"https:\/\/bu.optimum-automotive.com\/de\/author\/camaleon\/"},"uagb_comment_info":0,"uagb_excerpt":"Pour les TPE\/PME Les v\u00e9hicules sont indispensables \u00e0 votre activit\u00e9 et vous souhaitez en ma\u00eetriser et optimiser l\u2019exploitation pour&nbsp;: Notre gamme de services connect\u00e9s vous permet d\u2019atteindre rapidement vos objectifs&nbsp;! Accessible 24\/7 depuis n\u2019importe quel terminal, la solution de gestion Optimum regroupe tous les services dont vous avez besoin\u00a0: G\u00c9OLOCALISATION Une parfaite visibilit\u00e9 de l\u2019activit\u00e9&hellip;","_links":{"self":[{"href":"https:\/\/bu.optimum-automotive.com\/de\/wp-json\/wp\/v2\/pages\/7","targetHints":{"allow":["GET"]}}],"collection":[{"href":"https:\/\/bu.optimum-automotive.com\/de\/wp-json\/wp\/v2\/pages"}],"about":[{"href":"https:\/\/bu.optimum-automotive.com\/de\/wp-json\/wp\/v2\/types\/page"}],"author":[{"embeddable":true,"href":"https:\/\/bu.optimum-automotive.com\/de\/wp-json\/wp\/v2\/users\/1"}],"replies":[{"embeddable":true,"href":"https:\/\/bu.optimum-automotive.com\/de\/wp-json\/wp\/v2\/comments?post=7"}],"version-history":[{"count":126,"href":"https:\/\/bu.optimum-automotive.com\/de\/wp-json\/wp\/v2\/pages\/7\/revisions"}],"predecessor-version":[{"id":5187,"href":"https:\/\/bu.optimum-automotive.com\/de\/wp-json\/wp\/v2\/pages\/7\/revisions\/5187"}],"wp:attachment":[{"href":"https:\/\/bu.optimum-automotive.com\/de\/wp-json\/wp\/v2\/media?parent=7"}],"curies":[{"name":"wp","href":"https:\/\/api.w.org\/{rel}","templated":true}]}}