{"id":11,"date":"2024-04-30T10:45:25","date_gmt":"2024-04-30T08:45:25","guid":{"rendered":"http:\/\/127.0.0.1\/site%20OA\/?page_id=11"},"modified":"2025-01-16T16:06:13","modified_gmt":"2025-01-16T15:06:13","slug":"accompagnement","status":"publish","type":"page","link":"https:\/\/bu.optimum-automotive.com\/en\/support\/","title":{"rendered":"SUPPORT"},"content":{"rendered":"<div class=\"wp-block-uagb-container uagb-block-af8d1479 alignfull uagb-is-root-container\"><div class=\"uagb-container-inner-blocks-wrap\">\n<div class=\"wp-block-uagb-container uagb-block-cb094fac\">\n<h1 class=\"wp-block-heading mt-0 mb-0\"><strong>From initial audit to fleet follow-up<\/strong><\/h1>\n\n\n\n<h3 class=\"wp-block-heading mt-0\"><mark style=\"background-color:rgba(0, 0, 0, 0);color:#0043ce\" class=\"has-inline-color\">We support your project <br>thanks to the expertise of <br>our integrated fleet managers<\/mark><\/h3>\n\n\n\n<h3 class=\"wp-block-heading has-text-align-left\">The audit<\/h3>\n\n\n\n<p class=\"has-text-align-left\">Before you can claim to be generating savings, you need to take stock. Our mobility solutions experts gather key information to help you understand your current TCO*. This audit will also highlight the savings levers available to your company.<\/p>\n\n\n\n<p class=\"has-small-font-size\">* Total Cost of Ownership<\/p>\n<\/div>\n\n\n\n<div class=\"wp-block-uagb-container uagb-block-ca10cc55\"><div class=\"wp-block-image\">\n<figure class=\"aligncenter size-full\"><img loading=\"lazy\" decoding=\"async\" width=\"403\" height=\"400\" src=\"https:\/\/bu.optimum-automotive.com\/wp-content\/uploads\/2024\/12\/audit_de_parc_automobile.png\" alt=\"\" class=\"wp-image-4453\" srcset=\"https:\/\/bu.optimum-automotive.com\/wp-content\/uploads\/2024\/12\/audit_de_parc_automobile.png 403w, https:\/\/bu.optimum-automotive.com\/wp-content\/uploads\/2024\/12\/audit_de_parc_automobile-300x298.png 300w, https:\/\/bu.optimum-automotive.com\/wp-content\/uploads\/2024\/12\/audit_de_parc_automobile-150x150.png 150w, https:\/\/bu.optimum-automotive.com\/wp-content\/uploads\/2024\/12\/audit_de_parc_automobile-12x12.png 12w\" sizes=\"auto, (max-width: 403px) 100vw, 403px\" \/><\/figure><\/div><\/div>\n<\/div><\/div>\n\n\n\n<div class=\"wp-block-uagb-container uagb-block-79237a96 alignfull uagb-is-root-container\">\n<div class=\"wp-block-uagb-container uagb-block-d6360a42 alignfull uagb-is-root-container\"><div class=\"uagb-container-inner-blocks-wrap\">\n<div class=\"wp-block-uagb-container uag-hide-tab uag-hide-mob uagb-block-5bac448e\"><div class=\"wp-block-image\">\n<figure class=\"aligncenter size-full\"><img loading=\"lazy\" decoding=\"async\" width=\"403\" height=\"400\" src=\"https:\/\/bu.optimum-automotive.com\/wp-content\/uploads\/2024\/12\/services.png\" alt=\"\" class=\"wp-image-4454\" srcset=\"https:\/\/bu.optimum-automotive.com\/wp-content\/uploads\/2024\/12\/services.png 403w, https:\/\/bu.optimum-automotive.com\/wp-content\/uploads\/2024\/12\/services-300x298.png 300w, https:\/\/bu.optimum-automotive.com\/wp-content\/uploads\/2024\/12\/services-150x150.png 150w, https:\/\/bu.optimum-automotive.com\/wp-content\/uploads\/2024\/12\/services-12x12.png 12w\" sizes=\"auto, (max-width: 403px) 100vw, 403px\" \/><\/figure><\/div><\/div>\n\n\n\n<div class=\"wp-block-uagb-container uagb-block-6c5ea4ad\">\n<h3 class=\"wp-block-heading mb-0\">Service selection<\/h3>\n\n\n\n<p>We'll work with you to determine the right services for each vehicle\/driver, and put together the package that's right for you. Better still, we can put together different packages for each type of vehicle and\/or driver.<\/p>\n<\/div>\n\n\n\n<div class=\"wp-block-uagb-container uag-hide-desktop uagb-block-9523de46\"><div class=\"wp-block-image\">\n<figure class=\"aligncenter size-full\"><img loading=\"lazy\" decoding=\"async\" width=\"403\" height=\"400\" src=\"https:\/\/bu.optimum-automotive.com\/wp-content\/uploads\/2024\/12\/services-1.png\" alt=\"\" class=\"wp-image-4455\" srcset=\"https:\/\/bu.optimum-automotive.com\/wp-content\/uploads\/2024\/12\/services-1.png 403w, https:\/\/bu.optimum-automotive.com\/wp-content\/uploads\/2024\/12\/services-1-300x298.png 300w, https:\/\/bu.optimum-automotive.com\/wp-content\/uploads\/2024\/12\/services-1-150x150.png 150w, https:\/\/bu.optimum-automotive.com\/wp-content\/uploads\/2024\/12\/services-1-12x12.png 12w\" sizes=\"auto, (max-width: 403px) 100vw, 403px\" \/><\/figure><\/div><\/div>\n<\/div><\/div>\n<\/div>\n\n\n\n<div class=\"wp-block-uagb-container uagb-block-6f689e6d alignfull uagb-is-root-container\"><div class=\"uagb-container-inner-blocks-wrap\">\n<div class=\"wp-block-uagb-container uagb-block-cd026288\">\n<h3 class=\"wp-block-heading has-text-align-right mb-0\">Informing employees<\/h3>\n\n\n\n<p class=\"has-text-align-right\">We support you and provide you with all the communication tools you need to inform your employees in full compliance with CNIL and RGPD regulations. We are also at your side for union and CHSCT meetings.<\/p>\n<\/div>\n\n\n\n<div class=\"wp-block-uagb-container uagb-block-b5b45c07\"><div class=\"wp-block-image\">\n<figure class=\"aligncenter size-full\"><img loading=\"lazy\" decoding=\"async\" width=\"403\" height=\"400\" src=\"https:\/\/bu.optimum-automotive.com\/wp-content\/uploads\/2024\/12\/employes_CNIL-RGPD.png\" alt=\"\" class=\"wp-image-4456\" srcset=\"https:\/\/bu.optimum-automotive.com\/wp-content\/uploads\/2024\/12\/employes_CNIL-RGPD.png 403w, https:\/\/bu.optimum-automotive.com\/wp-content\/uploads\/2024\/12\/employes_CNIL-RGPD-300x298.png 300w, https:\/\/bu.optimum-automotive.com\/wp-content\/uploads\/2024\/12\/employes_CNIL-RGPD-150x150.png 150w, https:\/\/bu.optimum-automotive.com\/wp-content\/uploads\/2024\/12\/employes_CNIL-RGPD-12x12.png 12w\" sizes=\"auto, (max-width: 403px) 100vw, 403px\" \/><\/figure><\/div><\/div>\n<\/div><\/div>\n\n\n\n<div class=\"wp-block-uagb-container uagb-block-af4c8777 alignfull uagb-is-root-container\">\n<div class=\"wp-block-uagb-container uagb-block-25ddfee0 alignfull uagb-is-root-container\"><div class=\"uagb-container-inner-blocks-wrap\">\n<div class=\"wp-block-uagb-container uag-hide-tab uag-hide-mob uagb-block-107b421c\"><div class=\"wp-block-image\">\n<figure class=\"aligncenter size-full\"><img loading=\"lazy\" decoding=\"async\" width=\"403\" height=\"400\" src=\"https:\/\/bu.optimum-automotive.com\/wp-content\/uploads\/2024\/12\/planification.png\" alt=\"\" class=\"wp-image-4457\" srcset=\"https:\/\/bu.optimum-automotive.com\/wp-content\/uploads\/2024\/12\/planification.png 403w, https:\/\/bu.optimum-automotive.com\/wp-content\/uploads\/2024\/12\/planification-300x298.png 300w, https:\/\/bu.optimum-automotive.com\/wp-content\/uploads\/2024\/12\/planification-150x150.png 150w, https:\/\/bu.optimum-automotive.com\/wp-content\/uploads\/2024\/12\/planification-12x12.png 12w\" sizes=\"auto, (max-width: 403px) 100vw, 403px\" \/><\/figure><\/div><\/div>\n\n\n\n<div class=\"wp-block-uagb-container uagb-block-80e61be9\">\n<h3 class=\"wp-block-heading mb-0\">Planning<\/h3>\n\n\n\n<p>Because your constraints come first, our planning department schedules the installation of the boxes for each vehicle according to your requirements (geographical, timetable...) so as not to disrupt your business.<\/p>\n<\/div>\n\n\n\n<div class=\"wp-block-uagb-container uag-hide-desktop uagb-block-e00f8775\"><div class=\"wp-block-image\">\n<figure class=\"aligncenter size-full\"><img loading=\"lazy\" decoding=\"async\" width=\"403\" height=\"400\" src=\"https:\/\/bu.optimum-automotive.com\/wp-content\/uploads\/2024\/12\/planification-1.png\" alt=\"\" class=\"wp-image-4458\" srcset=\"https:\/\/bu.optimum-automotive.com\/wp-content\/uploads\/2024\/12\/planification-1.png 403w, https:\/\/bu.optimum-automotive.com\/wp-content\/uploads\/2024\/12\/planification-1-300x298.png 300w, https:\/\/bu.optimum-automotive.com\/wp-content\/uploads\/2024\/12\/planification-1-150x150.png 150w, https:\/\/bu.optimum-automotive.com\/wp-content\/uploads\/2024\/12\/planification-1-12x12.png 12w\" sizes=\"auto, (max-width: 403px) 100vw, 403px\" \/><\/figure><\/div><\/div>\n<\/div><\/div>\n<\/div>\n\n\n\n<div class=\"wp-block-uagb-container uagb-block-5f72fa39 alignfull uagb-is-root-container\"><div class=\"uagb-container-inner-blocks-wrap\">\n<div class=\"wp-block-uagb-container uagb-block-8a608418\">\n<h3 class=\"wp-block-heading has-text-align-right mb-0\">Installation<\/h3>\n\n\n\n<p class=\"has-text-align-right\">Our network of 65 installers covers the whole of France. As automotive electrical professionals, they are fully versed in the various installation techniques for all types of vehicle, <br>even the most complex.<\/p>\n<\/div>\n\n\n\n<div class=\"wp-block-uagb-container uagb-block-3dc8a2c5\"><div class=\"wp-block-image\">\n<figure class=\"aligncenter size-full\"><img loading=\"lazy\" decoding=\"async\" width=\"403\" height=\"400\" src=\"https:\/\/bu.optimum-automotive.com\/wp-content\/uploads\/2024\/12\/installation-boitier-vehicule.png\" alt=\"\" class=\"wp-image-4459\" srcset=\"https:\/\/bu.optimum-automotive.com\/wp-content\/uploads\/2024\/12\/installation-boitier-vehicule.png 403w, https:\/\/bu.optimum-automotive.com\/wp-content\/uploads\/2024\/12\/installation-boitier-vehicule-300x298.png 300w, https:\/\/bu.optimum-automotive.com\/wp-content\/uploads\/2024\/12\/installation-boitier-vehicule-150x150.png 150w, https:\/\/bu.optimum-automotive.com\/wp-content\/uploads\/2024\/12\/installation-boitier-vehicule-12x12.png 12w\" sizes=\"auto, (max-width: 403px) 100vw, 403px\" \/><\/figure><\/div><\/div>\n<\/div><\/div>\n\n\n\n<div class=\"wp-block-uagb-container uagb-block-1523f63f alignfull uagb-is-root-container\">\n<div class=\"wp-block-uagb-container uagb-block-83e05ae4 alignfull uagb-is-root-container\"><div class=\"uagb-container-inner-blocks-wrap\">\n<div class=\"wp-block-uagb-container uag-hide-tab uag-hide-mob uagb-block-35d282ca\"><div class=\"wp-block-image\">\n<figure class=\"aligncenter size-full\"><img loading=\"lazy\" decoding=\"async\" width=\"403\" height=\"400\" src=\"https:\/\/bu.optimum-automotive.com\/wp-content\/uploads\/2024\/12\/prise-en-main_formateurs-gestion-de-parc-1.png\" alt=\"\" class=\"wp-image-4461\" srcset=\"https:\/\/bu.optimum-automotive.com\/wp-content\/uploads\/2024\/12\/prise-en-main_formateurs-gestion-de-parc-1.png 403w, https:\/\/bu.optimum-automotive.com\/wp-content\/uploads\/2024\/12\/prise-en-main_formateurs-gestion-de-parc-1-300x298.png 300w, https:\/\/bu.optimum-automotive.com\/wp-content\/uploads\/2024\/12\/prise-en-main_formateurs-gestion-de-parc-1-150x150.png 150w, https:\/\/bu.optimum-automotive.com\/wp-content\/uploads\/2024\/12\/prise-en-main_formateurs-gestion-de-parc-1-12x12.png 12w\" sizes=\"auto, (max-width: 403px) 100vw, 403px\" \/><\/figure><\/div><\/div>\n\n\n\n<div class=\"wp-block-uagb-container uagb-block-02562faa\">\n<h3 class=\"wp-block-heading mb-0\">Getting started<\/h3>\n\n\n\n<p>Our trainers provide an introductory web-conference session to help you get to grips with your new management tool. On request, we also offer expert face-to-face training to help you fully exploit the platform's functional power.<\/p>\n<\/div>\n\n\n\n<div class=\"wp-block-uagb-container uag-hide-desktop uagb-block-b5b74baa\"><div class=\"wp-block-image\">\n<figure class=\"aligncenter size-full\"><img loading=\"lazy\" decoding=\"async\" width=\"403\" height=\"400\" src=\"https:\/\/bu.optimum-automotive.com\/wp-content\/uploads\/2024\/12\/prise-en-main_formateurs-gestion-de-parc-1-1.png\" alt=\"\" class=\"wp-image-4462\" srcset=\"https:\/\/bu.optimum-automotive.com\/wp-content\/uploads\/2024\/12\/prise-en-main_formateurs-gestion-de-parc-1-1.png 403w, https:\/\/bu.optimum-automotive.com\/wp-content\/uploads\/2024\/12\/prise-en-main_formateurs-gestion-de-parc-1-1-300x298.png 300w, https:\/\/bu.optimum-automotive.com\/wp-content\/uploads\/2024\/12\/prise-en-main_formateurs-gestion-de-parc-1-1-150x150.png 150w, https:\/\/bu.optimum-automotive.com\/wp-content\/uploads\/2024\/12\/prise-en-main_formateurs-gestion-de-parc-1-1-12x12.png 12w\" sizes=\"auto, (max-width: 403px) 100vw, 403px\" \/><\/figure><\/div><\/div>\n<\/div><\/div>\n<\/div>\n\n\n\n<div class=\"wp-block-uagb-container uagb-block-88ac15fc alignfull uagb-is-root-container\"><div class=\"uagb-container-inner-blocks-wrap\">\n<div class=\"wp-block-uagb-container uagb-block-a3701010\">\n<h3 class=\"wp-block-heading has-text-align-right mb-0\">Park integration and maintenance<\/h3>\n\n\n\n<p class=\"has-text-align-right\">A Key Account Manager will help you configure your platform. As soon as you've deployed the platform, the vehicles and their characteristics are entered via a connection to the SIV and to the maintenance plans (Auto Data). Your Key Account Manager accompanies you throughout the life of your fleet, because fleet management is a long river... <br>Not always quiet!<\/p>\n<\/div>\n\n\n\n<div class=\"wp-block-uagb-container uagb-block-c366fdc2\"><div class=\"wp-block-image\">\n<figure class=\"aligncenter size-full\"><img loading=\"lazy\" decoding=\"async\" width=\"403\" height=\"400\" src=\"https:\/\/bu.optimum-automotive.com\/wp-content\/uploads\/2024\/12\/integration-de-parc-et-son-maintien.png\" alt=\"\" class=\"wp-image-4463\" srcset=\"https:\/\/bu.optimum-automotive.com\/wp-content\/uploads\/2024\/12\/integration-de-parc-et-son-maintien.png 403w, https:\/\/bu.optimum-automotive.com\/wp-content\/uploads\/2024\/12\/integration-de-parc-et-son-maintien-300x298.png 300w, https:\/\/bu.optimum-automotive.com\/wp-content\/uploads\/2024\/12\/integration-de-parc-et-son-maintien-150x150.png 150w, https:\/\/bu.optimum-automotive.com\/wp-content\/uploads\/2024\/12\/integration-de-parc-et-son-maintien-12x12.png 12w\" sizes=\"auto, (max-width: 403px) 100vw, 403px\" \/><\/figure><\/div><\/div>\n<\/div><\/div>\n\n\n\n<div class=\"wp-block-uagb-container uagb-block-af15f423 alignfull uagb-is-root-container\">\n<div class=\"wp-block-uagb-container uagb-block-a8500338 alignfull uagb-is-root-container\"><div class=\"uagb-container-inner-blocks-wrap\">\n<div class=\"wp-block-uagb-container uag-hide-tab uag-hide-mob uagb-block-83b5850c\"><div class=\"wp-block-image\">\n<figure class=\"aligncenter size-full\"><img loading=\"lazy\" decoding=\"async\" width=\"403\" height=\"400\" src=\"https:\/\/bu.optimum-automotive.com\/wp-content\/uploads\/2024\/12\/La-mise-en-oeuvre-du-plan-deconomies.png\" alt=\"\" class=\"wp-image-4464\" srcset=\"https:\/\/bu.optimum-automotive.com\/wp-content\/uploads\/2024\/12\/La-mise-en-oeuvre-du-plan-deconomies.png 403w, https:\/\/bu.optimum-automotive.com\/wp-content\/uploads\/2024\/12\/La-mise-en-oeuvre-du-plan-deconomies-300x298.png 300w, https:\/\/bu.optimum-automotive.com\/wp-content\/uploads\/2024\/12\/La-mise-en-oeuvre-du-plan-deconomies-150x150.png 150w, https:\/\/bu.optimum-automotive.com\/wp-content\/uploads\/2024\/12\/La-mise-en-oeuvre-du-plan-deconomies-12x12.png 12w\" sizes=\"auto, (max-width: 403px) 100vw, 403px\" \/><\/figure><\/div><\/div>\n\n\n\n<div class=\"wp-block-uagb-container uagb-block-2fbcd218\">\n<h3 class=\"wp-block-heading mb-0\">Implementing the savings plan<\/h3>\n\n\n\n<p>The platform provides you with ongoing indicators and tips for optimizing your TCO. <\/p>\n\n\n\n<p>Our mobility solutions experts are also on hand to help you make the right choices at the right time.<\/p>\n<\/div>\n\n\n\n<div class=\"wp-block-uagb-container uag-hide-desktop uagb-block-9eebcf68\"><div class=\"wp-block-image\">\n<figure class=\"aligncenter size-full\"><img loading=\"lazy\" decoding=\"async\" width=\"403\" height=\"400\" src=\"https:\/\/bu.optimum-automotive.com\/wp-content\/uploads\/2024\/12\/La-mise-en-oeuvre-du-plan-deconomies-1.png\" alt=\"\" class=\"wp-image-4465\" srcset=\"https:\/\/bu.optimum-automotive.com\/wp-content\/uploads\/2024\/12\/La-mise-en-oeuvre-du-plan-deconomies-1.png 403w, https:\/\/bu.optimum-automotive.com\/wp-content\/uploads\/2024\/12\/La-mise-en-oeuvre-du-plan-deconomies-1-300x298.png 300w, https:\/\/bu.optimum-automotive.com\/wp-content\/uploads\/2024\/12\/La-mise-en-oeuvre-du-plan-deconomies-1-150x150.png 150w, https:\/\/bu.optimum-automotive.com\/wp-content\/uploads\/2024\/12\/La-mise-en-oeuvre-du-plan-deconomies-1-12x12.png 12w\" sizes=\"auto, (max-width: 403px) 100vw, 403px\" \/><\/figure><\/div><\/div>\n<\/div><\/div>\n<\/div>\n\n\n\n<div class=\"wp-block-uagb-container uagb-block-9f5f92b2 alignfull uagb-is-root-container\"><div class=\"uagb-container-inner-blocks-wrap\">\n<div class=\"wp-block-uagb-container uagb-block-656aee6d\">\n<h3 class=\"wp-block-heading has-text-align-right mb-0\">Customer service<\/h3>\n\n\n\n<p class=\"has-text-align-right\">A question, a hesitation?<br>Our customer service is available directly from the platform (interactive ticket) or by telephone. You'll receive a fast, personalized response as soon as possible.<\/p>\n<\/div>\n\n\n\n<div class=\"wp-block-uagb-container uagb-block-30c8fa26\"><div class=\"wp-block-image\">\n<figure class=\"aligncenter size-full\"><img loading=\"lazy\" decoding=\"async\" width=\"403\" height=\"400\" src=\"https:\/\/bu.optimum-automotive.com\/wp-content\/uploads\/2024\/12\/Le-service-client-gestion-de-parc.png\" alt=\"\" class=\"wp-image-4466\" srcset=\"https:\/\/bu.optimum-automotive.com\/wp-content\/uploads\/2024\/12\/Le-service-client-gestion-de-parc.png 403w, https:\/\/bu.optimum-automotive.com\/wp-content\/uploads\/2024\/12\/Le-service-client-gestion-de-parc-300x298.png 300w, https:\/\/bu.optimum-automotive.com\/wp-content\/uploads\/2024\/12\/Le-service-client-gestion-de-parc-150x150.png 150w, https:\/\/bu.optimum-automotive.com\/wp-content\/uploads\/2024\/12\/Le-service-client-gestion-de-parc-12x12.png 12w\" sizes=\"auto, (max-width: 403px) 100vw, 403px\" \/><\/figure><\/div><\/div>\n<\/div><\/div>\n\n\n\n<div class=\"wp-block-uagb-container uagb-block-800761fc alignfull uagb-is-root-container\">\n<div class=\"wp-block-uagb-container uagb-block-0678d31f alignfull uagb-is-root-container\"><div class=\"uagb-container-inner-blocks-wrap\">\n<div class=\"wp-block-uagb-container uag-hide-tab uag-hide-mob uagb-block-a390beb9\"><div class=\"wp-block-image\">\n<figure class=\"aligncenter size-full\"><img loading=\"lazy\" decoding=\"async\" width=\"403\" height=\"400\" src=\"https:\/\/bu.optimum-automotive.com\/wp-content\/uploads\/2024\/12\/Le-service-apres-vente-materiel-gestion-de-parc.png\" alt=\"\" class=\"wp-image-4467\" srcset=\"https:\/\/bu.optimum-automotive.com\/wp-content\/uploads\/2024\/12\/Le-service-apres-vente-materiel-gestion-de-parc.png 403w, https:\/\/bu.optimum-automotive.com\/wp-content\/uploads\/2024\/12\/Le-service-apres-vente-materiel-gestion-de-parc-300x298.png 300w, https:\/\/bu.optimum-automotive.com\/wp-content\/uploads\/2024\/12\/Le-service-apres-vente-materiel-gestion-de-parc-150x150.png 150w, https:\/\/bu.optimum-automotive.com\/wp-content\/uploads\/2024\/12\/Le-service-apres-vente-materiel-gestion-de-parc-12x12.png 12w\" sizes=\"auto, (max-width: 403px) 100vw, 403px\" \/><\/figure><\/div><\/div>\n\n\n\n<div class=\"wp-block-uagb-container uagb-block-f8bed897\">\n<h3 class=\"wp-block-heading mb-0\">Hardware after-sales service<\/h3>\n\n\n\n<p>We select our equipment from the world's best suppliers and guarantee it for the duration of your contract (parts, labor and travel). Your trust is important to us.<\/p>\n<\/div>\n\n\n\n<div class=\"wp-block-uagb-container uag-hide-desktop uagb-block-11ddc340\"><div class=\"wp-block-image\">\n<figure class=\"aligncenter size-full\"><img loading=\"lazy\" decoding=\"async\" width=\"403\" height=\"400\" src=\"https:\/\/bu.optimum-automotive.com\/wp-content\/uploads\/2024\/12\/Le-service-apres-vente-materiel-gestion-de-parc-1.png\" alt=\"\" class=\"wp-image-4468\" srcset=\"https:\/\/bu.optimum-automotive.com\/wp-content\/uploads\/2024\/12\/Le-service-apres-vente-materiel-gestion-de-parc-1.png 403w, https:\/\/bu.optimum-automotive.com\/wp-content\/uploads\/2024\/12\/Le-service-apres-vente-materiel-gestion-de-parc-1-300x298.png 300w, https:\/\/bu.optimum-automotive.com\/wp-content\/uploads\/2024\/12\/Le-service-apres-vente-materiel-gestion-de-parc-1-150x150.png 150w, https:\/\/bu.optimum-automotive.com\/wp-content\/uploads\/2024\/12\/Le-service-apres-vente-materiel-gestion-de-parc-1-12x12.png 12w\" sizes=\"auto, (max-width: 403px) 100vw, 403px\" \/><\/figure><\/div><\/div>\n<\/div><\/div>\n<\/div>\n\n\n\n<div class=\"wp-block-uagb-container uagb-block-68f38e93 alignfull uagb-is-root-container\"><div class=\"uagb-container-inner-blocks-wrap\">\n<div class=\"wp-block-uagb-container uagb-block-8f643871\">\n<h3 class=\"wp-block-heading has-text-align-right mb-0\">Delegated management<\/h3>\n\n\n\n<p class=\"has-text-align-right\">You can entrust us with all or part of the management of your fleet. Together, we define the objectives: car policy, renewals, entry-exit, cost management, cost or fleet reduction.... Every month or quarter, we send you a comprehensive report on our actions, so that you can appreciate the tangible benefits.<\/p>\n<\/div>\n\n\n\n<div class=\"wp-block-uagb-container uagb-block-ca69b149\"><div class=\"wp-block-image\">\n<figure class=\"aligncenter size-full\"><img loading=\"lazy\" decoding=\"async\" width=\"403\" height=\"400\" src=\"https:\/\/bu.optimum-automotive.com\/wp-content\/uploads\/2024\/12\/La-gestion-deleguee-gestion-de-parc.png\" alt=\"\" class=\"wp-image-4469\" srcset=\"https:\/\/bu.optimum-automotive.com\/wp-content\/uploads\/2024\/12\/La-gestion-deleguee-gestion-de-parc.png 403w, https:\/\/bu.optimum-automotive.com\/wp-content\/uploads\/2024\/12\/La-gestion-deleguee-gestion-de-parc-300x298.png 300w, https:\/\/bu.optimum-automotive.com\/wp-content\/uploads\/2024\/12\/La-gestion-deleguee-gestion-de-parc-150x150.png 150w, https:\/\/bu.optimum-automotive.com\/wp-content\/uploads\/2024\/12\/La-gestion-deleguee-gestion-de-parc-12x12.png 12w\" sizes=\"auto, (max-width: 403px) 100vw, 403px\" \/><\/figure><\/div><\/div>\n<\/div><\/div>","protected":false},"excerpt":{"rendered":"<p>De l\u2018audit initial au suivi de flotte Nous accompagnons votre projet gr\u00e2ce \u00e0 l\u2019expertise de nos gestionnaires de parc int\u00e9gr\u00e9s L\u2019audit Avant de pr\u00e9tendre g\u00e9n\u00e9rer des \u00e9conomies, il faut \u00e9tablir un \u00e9tat des lieux. Nos experts en solutions de mobilit\u00e9 recueillent les informations cl\u00e9s permettant d\u2019appr\u00e9hender votre TCO* actuel. Cet audit permet \u00e9galement de mettre [&hellip;]<\/p>","protected":false},"author":1,"featured_media":0,"parent":0,"menu_order":0,"comment_status":"closed","ping_status":"closed","template":"page-without-title.php","meta":{"_coblocks_attr":"","_coblocks_dimensions":"","_coblocks_responsive_height":"","_coblocks_accordion_ie_support":"","_uag_custom_page_level_css":"","footnotes":""},"class_list":["post-11","page","type-page","status-publish","hentry"],"uagb_featured_image_src":{"full":false,"thumbnail":false,"medium":false,"medium_large":false,"large":false,"1536x1536":false,"2048x2048":false,"trp-custom-language-flag":false},"uagb_author_info":{"display_name":"camaleon","author_link":"https:\/\/bu.optimum-automotive.com\/en\/author\/camaleon\/"},"uagb_comment_info":0,"uagb_excerpt":"De l\u2018audit initial au suivi de flotte Nous accompagnons votre projet gr\u00e2ce \u00e0 l\u2019expertise de nos gestionnaires de parc int\u00e9gr\u00e9s L\u2019audit Avant de pr\u00e9tendre g\u00e9n\u00e9rer des \u00e9conomies, il faut \u00e9tablir un \u00e9tat des lieux. Nos experts en solutions de mobilit\u00e9 recueillent les informations cl\u00e9s permettant d\u2019appr\u00e9hender votre TCO* actuel. Cet audit permet \u00e9galement de mettre&hellip;","_links":{"self":[{"href":"https:\/\/bu.optimum-automotive.com\/en\/wp-json\/wp\/v2\/pages\/11","targetHints":{"allow":["GET"]}}],"collection":[{"href":"https:\/\/bu.optimum-automotive.com\/en\/wp-json\/wp\/v2\/pages"}],"about":[{"href":"https:\/\/bu.optimum-automotive.com\/en\/wp-json\/wp\/v2\/types\/page"}],"author":[{"embeddable":true,"href":"https:\/\/bu.optimum-automotive.com\/en\/wp-json\/wp\/v2\/users\/1"}],"replies":[{"embeddable":true,"href":"https:\/\/bu.optimum-automotive.com\/en\/wp-json\/wp\/v2\/comments?post=11"}],"version-history":[{"count":101,"href":"https:\/\/bu.optimum-automotive.com\/en\/wp-json\/wp\/v2\/pages\/11\/revisions"}],"predecessor-version":[{"id":5182,"href":"https:\/\/bu.optimum-automotive.com\/en\/wp-json\/wp\/v2\/pages\/11\/revisions\/5182"}],"wp:attachment":[{"href":"https:\/\/bu.optimum-automotive.com\/en\/wp-json\/wp\/v2\/media?parent=11"}],"curies":[{"name":"wp","href":"https:\/\/api.w.org\/{rel}","templated":true}]}}