{"id":2,"date":"2024-04-29T16:15:17","date_gmt":"2024-04-29T14:15:17","guid":{"rendered":"http:\/\/127.0.0.1\/site%20OA\/?page_id=2"},"modified":"2025-01-20T16:15:36","modified_gmt":"2025-01-20T15:15:36","slug":"data-center","status":"publish","type":"page","link":"https:\/\/bu.optimum-automotive.com\/en\/data-center\/","title":{"rendered":"DATA CENTER"},"content":{"rendered":"<div class=\"wp-block-uagb-container uagb-block-4902cace alignfull uagb-is-root-container\">\n<div class=\"wp-block-uagb-container uagb-block-ed203023\">\n<div class=\"wp-block-uagb-container uagb-block-546bac69\"><h1 class=\"mt-0 mb-0 wp-block-post-title\">DATA CENTER<\/h1>\n\n\n<h3 class=\"wp-block-heading mt-0\">Data at the heart of your challenges<\/h3>\n\n\n\n<p>Fleet management and, more broadly, mobility, depend above all on mastering data flows.<br>In order to collect, analyze and synthesize this data and derive maximum benefit from it using intelligent algorithms, OPTIMUM has designed a <em>DATA CENTER<\/em> of unique richness.<\/p>\n<\/div>\n\n\n\n<div class=\"wp-block-uagb-container uagb-block-07dfa9d5\">\n<figure class=\"wp-block-image size-large has-lightbox\"><img loading=\"lazy\" decoding=\"async\" width=\"1024\" height=\"591\" src=\"https:\/\/bu.optimum-automotive.com\/wp-content\/uploads\/2025\/01\/DataHUB_EN.jpg\" alt=\"Data Centre: data flow\" class=\"wp-image-5295\" srcset=\"\" sizes=\"auto, (max-width: 1024px) 100vw, 1024px\" data-srcset=\"\" \/><\/figure>\n<\/div>\n<\/div>\n\n\n\n<div style=\"height:33px\" aria-hidden=\"true\" class=\"wp-block-spacer\"><\/div>\n<\/div>\n\n\n\n<p><\/p>\n\n\n\n<div class=\"wp-block-uagb-container uagb-block-d746d6b7 alignfull uagb-is-root-container\">\n<div class=\"wp-block-uagb-container uagb-block-420e44ad\">\n<div class=\"wp-block-uagb-container uag-hide-tab uag-hide-mob uagb-block-fe32cdd4\">\n<figure class=\"wp-block-image size-full is-resized\"><img loading=\"lazy\" decoding=\"async\" width=\"408\" height=\"401\" src=\"https:\/\/bu.optimum-automotive.com\/wp-content\/uploads\/2024\/12\/boitier_can.png\" alt=\"\" class=\"wp-image-4410\" style=\"width:400px\" srcset=\"https:\/\/bu.optimum-automotive.com\/wp-content\/uploads\/2024\/12\/boitier_can.png 408w, https:\/\/bu.optimum-automotive.com\/wp-content\/uploads\/2024\/12\/boitier_can-300x295.png 300w, https:\/\/bu.optimum-automotive.com\/wp-content\/uploads\/2024\/12\/boitier_can-12x12.png 12w\" sizes=\"auto, (max-width: 408px) 100vw, 408px\" \/><\/figure>\n<\/div>\n\n\n\n<div class=\"wp-block-uagb-container uagb-block-8040cdc4\">\n<div class=\"wp-block-uagb-container uagb-block-64b33d22\">\n<h3 class=\"wp-block-heading\">Vehicle data (CAN*)<\/h3>\n\n\n\n<p>Whether using vehicle manufacturer** or third-party (OEM) units, the exact basic data is collected: odometer reading, fuel consumption, next service due dates, breakdowns and fault codes, etc....<\/p>\n\n\n\n<p><small>* Controller Area Network<\/small><br><small>** Optimum is certified to access data on original equipment boxes from the following automakers: Peugeot, Citro\u00ebn, DS Automobiles and Renault.<\/small><\/p>\n<\/div>\n<\/div>\n\n\n\n<div class=\"wp-block-uagb-container uag-hide-desktop uagb-block-9e34a2f6\">\n<figure class=\"wp-block-image size-full is-resized\"><img loading=\"lazy\" decoding=\"async\" width=\"408\" height=\"401\" src=\"https:\/\/bu.optimum-automotive.com\/wp-content\/uploads\/2024\/12\/boitier_can.png\" alt=\"\" class=\"wp-image-4410\" style=\"width:400px\" srcset=\"https:\/\/bu.optimum-automotive.com\/wp-content\/uploads\/2024\/12\/boitier_can.png 408w, https:\/\/bu.optimum-automotive.com\/wp-content\/uploads\/2024\/12\/boitier_can-300x295.png 300w, https:\/\/bu.optimum-automotive.com\/wp-content\/uploads\/2024\/12\/boitier_can-12x12.png 12w\" sizes=\"auto, (max-width: 408px) 100vw, 408px\" \/><\/figure>\n<\/div>\n<\/div>\n<\/div>\n\n\n\n<div class=\"wp-block-uagb-container uagb-block-1c7bd1aa alignfull uagb-is-root-container\">\n<div class=\"wp-block-uagb-container uagb-block-7d5a79dc\">\n<div class=\"wp-block-uagb-container uagb-block-ec0c1d6f\">\n<h3 class=\"wp-block-heading\">regulatory data fleet management<\/h3>\n\n\n\n<p>The DATA CENTRE is also connected to administrative authorities and repositories: SIV (national registration file, enabling automatic information on your fleet as soon as it is integrated), ANTAI (Agence Nationale de Traitement Automatis\u00e9 des Infractions) for automated infringement management.<\/p>\n<\/div>\n\n\n\n<div class=\"wp-block-uagb-container uagb-block-2841fdb1\"><div class=\"wp-block-image is-style-default\">\n<figure class=\"aligncenter size-full is-resized\"><img loading=\"lazy\" decoding=\"async\" width=\"277\" height=\"277\" src=\"https:\/\/bu.optimum-automotive.com\/wp-content\/uploads\/2024\/12\/datahub.png\" alt=\"\" class=\"wp-image-4411\" style=\"aspect-ratio:1;object-fit:cover;width:400px\" srcset=\"https:\/\/bu.optimum-automotive.com\/wp-content\/uploads\/2024\/12\/datahub.png 277w, https:\/\/bu.optimum-automotive.com\/wp-content\/uploads\/2024\/12\/datahub-150x150.png 150w, https:\/\/bu.optimum-automotive.com\/wp-content\/uploads\/2024\/12\/datahub-12x12.png 12w\" sizes=\"auto, (max-width: 277px) 100vw, 277px\" \/><\/figure><\/div><\/div>\n<\/div>\n<\/div>\n\n\n\n<div class=\"wp-block-uagb-container uagb-block-5c9e6289 alignfull uagb-is-root-container\">\n<div class=\"wp-block-uagb-container uagb-block-87333279\">\n<div class=\"wp-block-uagb-container uag-hide-tab uag-hide-mob uagb-block-54ec6a5e\">\n<figure class=\"wp-block-image size-full\"><img loading=\"lazy\" decoding=\"async\" width=\"397\" height=\"275\" src=\"https:\/\/bu.optimum-automotive.com\/wp-content\/uploads\/2024\/05\/referentiels-automotive.png\" alt=\"automotive databases and repositories fleet management\" class=\"wp-image-1122\" srcset=\"https:\/\/bu.optimum-automotive.com\/wp-content\/uploads\/2024\/05\/referentiels-automotive.png 397w, https:\/\/bu.optimum-automotive.com\/wp-content\/uploads\/2024\/05\/referentiels-automotive-300x208.png 300w\" sizes=\"auto, (max-width: 397px) 100vw, 397px\" \/><\/figure>\n<\/div>\n\n\n\n<div class=\"wp-block-uagb-container uagb-block-c1beca3d\">\n<div class=\"wp-block-uagb-container uagb-block-5dfa3c8d\">\n<h3 class=\"wp-block-heading\">Automotive databases and repositories<\/h3>\n\n\n\n<p>Connection to 2 reference sources in the automotive world enriches vehicle data and facilitates relations with third parties (rental companies, maintenance companies, etc.): <strong>AUTOVISTA<\/strong> (universal vehicle catalog, open to vehicle configuration and Car Policy catalog management), <strong>AUTODATA<\/strong> (maintenance plans, deadlines, vehicle technical follow-up).<\/p>\n<\/div>\n<\/div>\n\n\n\n<div class=\"wp-block-uagb-container uag-hide-desktop uagb-block-c6598103\">\n<figure class=\"wp-block-image size-full\"><img loading=\"lazy\" decoding=\"async\" width=\"397\" height=\"275\" src=\"https:\/\/bu.optimum-automotive.com\/wp-content\/uploads\/2024\/05\/referentiels-automotive.png\" alt=\"automotive databases and repositories fleet management\" class=\"wp-image-1122\" srcset=\"https:\/\/bu.optimum-automotive.com\/wp-content\/uploads\/2024\/05\/referentiels-automotive.png 397w, https:\/\/bu.optimum-automotive.com\/wp-content\/uploads\/2024\/05\/referentiels-automotive-300x208.png 300w\" sizes=\"auto, (max-width: 397px) 100vw, 397px\" \/><\/figure>\n<\/div>\n<\/div>\n<\/div>\n\n\n\n<div class=\"wp-block-uagb-container uagb-block-181dfeb4 alignfull uagb-is-root-container\">\n<div class=\"wp-block-uagb-container uagb-block-4a27dbb8\">\n<div class=\"wp-block-uagb-container uagb-block-97ba0079\">\n<h3 class=\"wp-block-heading\">Financial and contractual data<\/h3>\n\n\n\n<p>The DATA CENTRE collects and integrates contracts and invoices from various Automotive suppliers (rental companies, maintenance companies, tire suppliers, fuel cards, etc.) via APIs or file transfers. This collection and the associated algorithmic processing enable unique instantaneous or evolving TCO tracking.<\/p>\n<\/div>\n\n\n\n<div class=\"wp-block-uagb-container uagb-block-20aa9554\"><div class=\"wp-block-image\">\n<figure class=\"aligncenter size-full is-resized\"><img loading=\"lazy\" decoding=\"async\" width=\"488\" height=\"492\" src=\"https:\/\/bu.optimum-automotive.com\/wp-content\/uploads\/2024\/12\/donnees-financieres.png\" alt=\"\" class=\"wp-image-4412\" style=\"width:400px\" srcset=\"https:\/\/bu.optimum-automotive.com\/wp-content\/uploads\/2024\/12\/donnees-financieres.png 488w, https:\/\/bu.optimum-automotive.com\/wp-content\/uploads\/2024\/12\/donnees-financieres-298x300.png 298w, https:\/\/bu.optimum-automotive.com\/wp-content\/uploads\/2024\/12\/donnees-financieres-150x150.png 150w, https:\/\/bu.optimum-automotive.com\/wp-content\/uploads\/2024\/12\/donnees-financieres-12x12.png 12w\" sizes=\"auto, (max-width: 488px) 100vw, 488px\" \/><\/figure><\/div><\/div>\n<\/div>\n<\/div>\n\n\n\n<div class=\"wp-block-uagb-container uagb-block-aef4d0cd alignfull uagb-is-root-container\">\n<div class=\"wp-block-uagb-container uagb-block-1909e206\">\n<div class=\"wp-block-uagb-container uag-hide-tab uag-hide-mob uagb-block-213cc113\">\n<figure class=\"wp-block-image size-full\"><img loading=\"lazy\" decoding=\"async\" width=\"404\" height=\"364\" src=\"https:\/\/bu.optimum-automotive.com\/wp-content\/uploads\/2024\/12\/geoloc-2.png\" alt=\"\" class=\"wp-image-4414\" srcset=\"https:\/\/bu.optimum-automotive.com\/wp-content\/uploads\/2024\/12\/geoloc-2.png 404w, https:\/\/bu.optimum-automotive.com\/wp-content\/uploads\/2024\/12\/geoloc-2-300x270.png 300w, https:\/\/bu.optimum-automotive.com\/wp-content\/uploads\/2024\/12\/geoloc-2-13x12.png 13w\" sizes=\"auto, (max-width: 404px) 100vw, 404px\" \/><\/figure>\n<\/div>\n\n\n\n<div class=\"wp-block-uagb-container uagb-block-44befd15\">\n<div class=\"wp-block-uagb-container uagb-block-0faac44e\">\n<h3 class=\"wp-block-heading\">Map data<\/h3>\n\n\n\n<p>If geolocation is enabled, a wide range of map backgrounds are available (Roads, Traffic, Relief, New Mobility, Streetview, etc.). The DATA CENTRE also provides access to various map attributes: speed limits by section, precise geocoding, etc...<\/p>\n\n\n\n<p>Cartographic data are multi-vendor (OPEN STREET MAP, GOOGLE MAPS, etc.).<\/p>\n<\/div>\n<\/div>\n\n\n\n<div class=\"wp-block-uagb-container uag-hide-desktop uagb-block-0421ee40\">\n<figure class=\"wp-block-image size-full\"><img loading=\"lazy\" decoding=\"async\" width=\"404\" height=\"364\" src=\"https:\/\/bu.optimum-automotive.com\/wp-content\/uploads\/2024\/12\/geoloc-1.png\" alt=\"\" class=\"wp-image-4413\" srcset=\"https:\/\/bu.optimum-automotive.com\/wp-content\/uploads\/2024\/12\/geoloc-1.png 404w, https:\/\/bu.optimum-automotive.com\/wp-content\/uploads\/2024\/12\/geoloc-1-300x270.png 300w, https:\/\/bu.optimum-automotive.com\/wp-content\/uploads\/2024\/12\/geoloc-1-13x12.png 13w\" sizes=\"auto, (max-width: 404px) 100vw, 404px\" \/><\/figure>\n<\/div>\n<\/div>\n<\/div>\n\n\n\n<div class=\"wp-block-uagb-container uagb-block-8fddc9b1 alignfull uagb-is-root-container\">\n<div class=\"wp-block-uagb-container uagb-block-6dd76077\">\n<div class=\"wp-block-uagb-container uagb-block-66d4bfef\">\n<h3 class=\"wp-block-heading\">Driver data<\/h3>\n\n\n\n<p>The DATA CENTRE collects a wide range of driver-related data: detailed driving and safety behavior, multi-device identification. In addition, the DATA CENTRE manages data exchange flows with drivers: sending\/receiving missions, field data collection, private and public messaging.<\/p>\n<\/div>\n\n\n\n<div class=\"wp-block-uagb-container uagb-block-a36e4668\"><div class=\"wp-block-image\">\n<figure class=\"aligncenter size-full is-resized\"><img loading=\"lazy\" decoding=\"async\" width=\"488\" height=\"492\" src=\"https:\/\/bu.optimum-automotive.com\/wp-content\/uploads\/2024\/12\/donnees-conducteurs.png\" alt=\"\" class=\"wp-image-4415\" style=\"width:400px\" srcset=\"https:\/\/bu.optimum-automotive.com\/wp-content\/uploads\/2024\/12\/donnees-conducteurs.png 488w, https:\/\/bu.optimum-automotive.com\/wp-content\/uploads\/2024\/12\/donnees-conducteurs-298x300.png 298w, https:\/\/bu.optimum-automotive.com\/wp-content\/uploads\/2024\/12\/donnees-conducteurs-150x150.png 150w, https:\/\/bu.optimum-automotive.com\/wp-content\/uploads\/2024\/12\/donnees-conducteurs-12x12.png 12w\" sizes=\"auto, (max-width: 488px) 100vw, 488px\" \/><\/figure><\/div><\/div>\n<\/div>\n<\/div>\n\n\n\n<div class=\"wp-block-uagb-container uagb-block-9faae6b7 alignfull uagb-is-root-container\">\n<div class=\"wp-block-uagb-container uagb-block-51e47216\">\n<div class=\"wp-block-uagb-container uag-hide-tab uag-hide-mob uagb-block-147f5efe\">\n<figure class=\"wp-block-image size-full\"><img loading=\"lazy\" decoding=\"async\" width=\"476\" height=\"289\" src=\"https:\/\/bu.optimum-automotive.com\/wp-content\/uploads\/2024\/05\/datahub-1.jpg\" alt=\"DATA CENTRE data fleet management\" class=\"wp-image-1128\" srcset=\"https:\/\/bu.optimum-automotive.com\/wp-content\/uploads\/2024\/05\/datahub-1.jpg 476w, https:\/\/bu.optimum-automotive.com\/wp-content\/uploads\/2024\/05\/datahub-1-300x182.jpg 300w\" sizes=\"auto, (max-width: 476px) 100vw, 476px\" \/><\/figure>\n<\/div>\n\n\n\n<div class=\"wp-block-uagb-container uagb-block-dec35809\">\n<div class=\"wp-block-uagb-container uagb-block-34320131\">\n<h3 class=\"wp-block-heading\">Other DATA CENTRE data<\/h3>\n\n\n\n<p>The DATA CENTRE also collects and exploits complementary data, with the aim of enriching processing algorithms and offering relevant solutions to drivers on the move (fuel or recharging stations, parking lots, etc.).<\/p>\n<\/div>\n<\/div>\n\n\n\n<div class=\"wp-block-uagb-container uag-hide-desktop uagb-block-2bd01b01\">\n<figure class=\"wp-block-image size-full\"><img loading=\"lazy\" decoding=\"async\" width=\"476\" height=\"289\" src=\"https:\/\/bu.optimum-automotive.com\/wp-content\/uploads\/2024\/05\/datahub-1.jpg\" alt=\"DATA CENTRE data fleet management\" class=\"wp-image-1128\" srcset=\"https:\/\/bu.optimum-automotive.com\/wp-content\/uploads\/2024\/05\/datahub-1.jpg 476w, https:\/\/bu.optimum-automotive.com\/wp-content\/uploads\/2024\/05\/datahub-1-300x182.jpg 300w\" sizes=\"auto, (max-width: 476px) 100vw, 476px\" \/><\/figure>\n<\/div>\n<\/div>\n<\/div>\n\n\n\n<div class=\"wp-block-uagb-container uagb-block-df633af8 alignfull uagb-is-root-container\">\n<div class=\"wp-block-uagb-container uagb-block-bf4cb563\">\n<div class=\"wp-block-uagb-container uagb-block-a6ee5552\">\n<h3 class=\"wp-block-heading has-text-color has-link-color wp-elements-aff499c85e42cda12c6308457c5a4617\" style=\"color:#ffffff\">Operating the DATA CENTRE<\/h3>\n\n\n\n<p class=\"has-text-color has-link-color wp-elements-77d8c291b4702b70f5947ee0ab449b78\" style=\"color:#ffffff\">The exceptionally rich data collected in the DATA CENTRE feeds dashboards and consulting and operating centers.<\/p>\n\n\n\n<p class=\"has-text-color has-link-color wp-elements-d4b168846a2cccf71a2f755ce9a27e33\" style=\"color:#ffffff\">The algorithms developed by OPTIMUM provide managers with the data they need to make the right decisions at the right time.<\/p>\n\n\n\n<p class=\"has-text-color has-link-color wp-elements-7d62f79c6f565d915dadef097c81786e\" style=\"color:#ffffff\">Whether it's optimizing costs, travel or service quality, our data analysis algorithms and consulting center deliver real, measurable benefits for every department.<\/p>\n<\/div>\n\n\n\n<div class=\"wp-block-uagb-container uagb-block-b0e75649\">\n<figure class=\"wp-block-image size-full mt-0 mb-0 uag-hide-mob\"><img loading=\"lazy\" decoding=\"async\" width=\"602\" height=\"345\" src=\"https:\/\/bu.optimum-automotive.com\/wp-content\/uploads\/2024\/05\/algorithmes-datahub.png\" alt=\"DATA CENTRE operations fleet management\" class=\"wp-image-1132\" srcset=\"https:\/\/bu.optimum-automotive.com\/wp-content\/uploads\/2024\/05\/algorithmes-datahub.png 602w, https:\/\/bu.optimum-automotive.com\/wp-content\/uploads\/2024\/05\/algorithmes-datahub-300x172.png 300w\" sizes=\"auto, (max-width: 602px) 100vw, 602px\" \/><\/figure>\n<\/div>\n<\/div>\n<\/div>","protected":false},"excerpt":{"rendered":"<p>La data au c\u0153ur de vos enjeux La gestion d\u2019un parc automobile et, plus largement la mobilit\u00e9, reposent avant tout sur la ma\u00eetrise des flux de donn\u00e9es.Afin de collecter, analyser, synth\u00e9tiser ces donn\u00e9es et d\u2019en tirer le maximum de b\u00e9n\u00e9fices gr\u00e2ce \u00e0 des algorithmes intelligents, OPTIMUM a con\u00e7u un DATA CENTRE d\u2019une richesse unique. Les [&hellip;]<\/p>","protected":false},"author":1,"featured_media":0,"parent":0,"menu_order":0,"comment_status":"closed","ping_status":"open","template":"page-without-title.php","meta":{"_coblocks_attr":"","_coblocks_dimensions":"","_coblocks_responsive_height":"","_coblocks_accordion_ie_support":"","_uag_custom_page_level_css":"","footnotes":""},"class_list":["post-2","page","type-page","status-publish","hentry"],"uagb_featured_image_src":{"full":false,"thumbnail":false,"medium":false,"medium_large":false,"large":false,"1536x1536":false,"2048x2048":false,"trp-custom-language-flag":false},"uagb_author_info":{"display_name":"camaleon","author_link":"https:\/\/bu.optimum-automotive.com\/en\/author\/camaleon\/"},"uagb_comment_info":0,"uagb_excerpt":"La data au c\u0153ur de vos enjeux La gestion d\u2019un parc automobile et, plus largement la mobilit\u00e9, reposent avant tout sur la ma\u00eetrise des flux de donn\u00e9es.Afin de collecter, analyser, synth\u00e9tiser ces donn\u00e9es et d\u2019en tirer le maximum de b\u00e9n\u00e9fices gr\u00e2ce \u00e0 des algorithmes intelligents, OPTIMUM a con\u00e7u un DATA CENTRE d\u2019une richesse unique. Les&hellip;","_links":{"self":[{"href":"https:\/\/bu.optimum-automotive.com\/en\/wp-json\/wp\/v2\/pages\/2","targetHints":{"allow":["GET"]}}],"collection":[{"href":"https:\/\/bu.optimum-automotive.com\/en\/wp-json\/wp\/v2\/pages"}],"about":[{"href":"https:\/\/bu.optimum-automotive.com\/en\/wp-json\/wp\/v2\/types\/page"}],"author":[{"embeddable":true,"href":"https:\/\/bu.optimum-automotive.com\/en\/wp-json\/wp\/v2\/users\/1"}],"replies":[{"embeddable":true,"href":"https:\/\/bu.optimum-automotive.com\/en\/wp-json\/wp\/v2\/comments?post=2"}],"version-history":[{"count":132,"href":"https:\/\/bu.optimum-automotive.com\/en\/wp-json\/wp\/v2\/pages\/2\/revisions"}],"predecessor-version":[{"id":5327,"href":"https:\/\/bu.optimum-automotive.com\/en\/wp-json\/wp\/v2\/pages\/2\/revisions\/5327"}],"wp:attachment":[{"href":"https:\/\/bu.optimum-automotive.com\/en\/wp-json\/wp\/v2\/media?parent=2"}],"curies":[{"name":"wp","href":"https:\/\/api.w.org\/{rel}","templated":true}]}}