{"id":7,"date":"2024-04-30T10:44:57","date_gmt":"2024-04-30T08:44:57","guid":{"rendered":"http:\/\/127.0.0.1\/site%20OA\/?page_id=7"},"modified":"2025-01-16T16:08:15","modified_gmt":"2025-01-16T15:08:15","slug":"pour-les-tpe-pme","status":"publish","type":"page","link":"https:\/\/bu.optimum-automotive.com\/en\/for-small-businesses\/","title":{"rendered":"For small businesses"},"content":{"rendered":"<div class=\"wp-block-uagb-container uagb-block-3e0fff77 alignfull uagb-is-root-container\"><div class=\"uagb-container-inner-blocks-wrap\">\n<div class=\"wp-block-uagb-container uagb-block-ad60e79b\">\n<h1 class=\"wp-block-heading mt-0 mb-0\">For small businesses<\/h1>\n\n\n\n<p>Vehicles are an essential part of your business, and you'd like to make the most of them. <strong>control and optimize operations <\/strong>for :<\/p>\n\n\n\n<ul class=\"wp-block-list\">\n<li><strong>Increase your productivity<\/strong><\/li>\n\n\n\n<li><strong>Optimize your service quality<\/strong><\/li>\n\n\n\n<li><strong>Reducing costs<\/strong><\/li>\n\n\n\n<li><strong>Simplify management and administrative tasks<\/strong><\/li>\n\n\n\n<li><strong>Securing vehicles, goods and drivers<\/strong><\/li>\n\n\n\n<li><strong>Preventing road risk<\/strong><\/li>\n<\/ul>\n<\/div>\n\n\n\n<div class=\"wp-block-uagb-container uagb-block-eb52fec0\">\n<div style=\"height:5px\" aria-hidden=\"true\" class=\"wp-block-spacer\"><\/div>\n\n\n\n<div class=\"lyte-wrapper\" style=\"width:560px;max-width:100%;margin:5px;\"><div class=\"lyMe\" id=\"WYL_KqUK7mLzRUk\"><div id=\"lyte_KqUK7mLzRUk\" data-src=\"https:\/\/bu.optimum-automotive.com\/wp-content\/plugins\/wp-youtube-lyte\/lyteCache.php?origThumbUrl=%2F%2Fi.ytimg.com%2Fvi%2FKqUK7mLzRUk%2Fhqdefault.jpg\" class=\"pL\"><div class=\"tC\"><div class=\"tT\"><\/div><\/div><div class=\"play\"><\/div><div class=\"ctrl\"><div class=\"Lctrl\"><\/div><div class=\"Rctrl\"><\/div><\/div><\/div><noscript><a href=\"https:\/\/youtu.be\/KqUK7mLzRUk\" rel=\"nofollow\"><img loading=\"lazy\" decoding=\"async\" src=\"https:\/\/bu.optimum-automotive.com\/wp-content\/plugins\/wp-youtube-lyte\/lyteCache.php?origThumbUrl=https%3A%2F%2Fi.ytimg.com%2Fvi%2FKqUK7mLzRUk%2F0.jpg\" alt=\"\" width=\"560\" height=\"295\" \/><br \/>Watch this video on YouTube<\/a><\/noscript><\/div><\/div><div class=\"lL\" style=\"max-width:100%;width:560px;margin:5px;\"><\/div>\n\n\n\n<div class=\"wp-block-buttons is-content-justification-center is-layout-flex wp-container-core-buttons-is-layout-1 wp-block-buttons-is-layout-flex\">\n<div class=\"wp-block-button\"><a class=\"wp-block-button__link has-blue-background-color has-background wp-element-button\" href=\"https:\/\/bu.optimum-automotive.com\/en\/demo\/\">Request a demo<\/a><\/div>\n\n\n\n<div class=\"wp-block-button\"><a class=\"wp-block-button__link has-background wp-element-button\" href=\"https:\/\/bu.optimum-automotive.com\/en\/contact\/\" style=\"background-color:#0d416a\">Contact us<\/a><\/div>\n<\/div>\n<\/div>\n<\/div><\/div>\n\n\n\n<div style=\"height:50px\" aria-hidden=\"true\" class=\"wp-block-spacer\"><\/div>\n\n\n\n<div class=\"wp-block-uagb-container uagb-block-d2d3c577 alignfull uagb-is-root-container\">\n<h2 class=\"wp-block-heading has-text-align-center\"><strong><strong>Our range of connected services <\/strong><\/strong><br><strong><strong>helps you reach your goals fast!<\/strong><\/strong><\/h2>\n\n\n\n<div class=\"wp-block-uagb-container uagb-block-fa30886b alignfull uagb-is-root-container\"><div class=\"uagb-container-inner-blocks-wrap\">\n<div class=\"wp-block-uagb-container uagb-block-85d4ad23\">\n<div class=\"wp-block-uagb-container uagb-block-5186513a\"><div class=\"wp-block-image\">\n<figure class=\"aligncenter size-full is-resized\"><img loading=\"lazy\" decoding=\"async\" width=\"450\" height=\"398\" src=\"https:\/\/bu.optimum-automotive.com\/wp-content\/uploads\/2024\/12\/solution-de-gestion-Optimum-Automotive.png\" alt=\"\" class=\"wp-image-4424\" style=\"width:450px\" srcset=\"https:\/\/bu.optimum-automotive.com\/wp-content\/uploads\/2024\/12\/solution-de-gestion-Optimum-Automotive.png 450w, https:\/\/bu.optimum-automotive.com\/wp-content\/uploads\/2024\/12\/solution-de-gestion-Optimum-Automotive-300x265.png 300w, https:\/\/bu.optimum-automotive.com\/wp-content\/uploads\/2024\/12\/solution-de-gestion-Optimum-Automotive-14x12.png 14w\" sizes=\"auto, (max-width: 450px) 100vw, 450px\" \/><\/figure><\/div>\n\n\n<div class=\"wp-block-uagb-container uagb-block-36df7aa8\">\n<div class=\"wp-block-uagb-container uagb-block-c3031dc7\">\n<p>Accessible 24\/7 from any terminal, the Optimum management solution brings together all the services you need:<\/p>\n\n\n\n<ul class=\"wp-block-list\">\n<ul class=\"wp-block-list\">\n<li><a href=\"#geolocalisation\"><strong>Geolocation<\/strong><\/a><\/li>\n\n\n\n<li><a href=\"#missions\"><strong>Mission management<\/strong><\/a><\/li>\n\n\n\n<li><a data-type=\"internal\" data-id=\"#ecoconduite\" href=\"#ecoconduite\"><strong>Driving analysis<\/strong><\/a><\/li>\n\n\n\n<li><a href=\"#protection\"><strong>Protection <\/strong><\/a><\/li>\n\n\n\n<li><a href=\"#antai\"><strong>Fines management<\/strong><\/a><\/li>\n\n\n\n<li><a href=\"#rapports\"><strong>Reports, alerts and advice center<\/strong><\/a><\/li>\n\n\n\n<li><a href=\"#applications\"><strong>Driver \/ Manager mobile applications<\/strong><\/a><\/li>\n\n\n\n<li><a data-type=\"internal\" data-id=\"#loin\" href=\"#loin\"><strong>And much more<\/strong><\/a>&#8230;<\/li>\n<\/ul>\n<\/ul>\n<\/div>\n\n\n\n<div class=\"wp-block-buttons is-content-justification-left is-layout-flex wp-container-core-buttons-is-layout-2 wp-block-buttons-is-layout-flex\">\n<div class=\"wp-block-button\"><a class=\"wp-block-button__link has-blue-background-color has-background wp-element-button\" href=\"https:\/\/bu.optimum-automotive.com\/en\/demo\/\">Request a demo<\/a><\/div>\n<\/div>\n<\/div>\n<\/div>\n<\/div>\n<\/div><\/div>\n<\/div>\n\n\n\n<div class=\"wp-block-uagb-container uagb-block-ecdc0c83 alignfull uagb-is-root-container\">\n<div class=\"wp-block-uagb-container uagb-block-4956055a\">\n<div class=\"wp-block-uagb-container uagb-block-0050d6b7 alignfull uagb-is-root-container\"><div class=\"uagb-container-inner-blocks-wrap\">\n<div class=\"wp-block-uagb-container uagb-block-08dc6aad\">\n<h2 class=\"wp-block-heading mb-0\" id=\"geolocalisation\">GEOLOCATION<\/h2>\n\n\n\n<h3 class=\"wp-block-heading mt-0\">Perfect visibility of activity in the field<\/h3>\n\n\n\n<p>Real-time vehicle geolocation, trip history, driver identification, route optimization, proximity search, instant alerts on abnormal or unauthorized movements, customizable multi-criteria reports...<\/p>\n\n\n\n<p><strong>Thanks to geolocation, nothing escapes you! You'll have perfect visibility of the activity of your vehicles and drivers, boosting productivity and eliminating unnecessary travel.<\/strong><\/p>\n\n\n\n<div class=\"wp-block-buttons is-content-justification-left is-layout-flex wp-container-core-buttons-is-layout-3 wp-block-buttons-is-layout-flex\">\n<div class=\"wp-block-button\"><a class=\"wp-block-button__link has-blue-background-color has-background wp-element-button\" href=\"https:\/\/bu.optimum-automotive.com\/en\/demo\/\">Request a demo<\/a><\/div>\n<\/div>\n<\/div>\n\n\n\n<div class=\"wp-block-uagb-container uagb-block-c795e4d0\"><div class=\"wp-block-image\">\n<figure class=\"aligncenter size-full\"><img loading=\"lazy\" decoding=\"async\" width=\"429\" height=\"410\" src=\"https:\/\/bu.optimum-automotive.com\/wp-content\/uploads\/2024\/12\/geolocalisation_vehicules.png\" alt=\"\" class=\"wp-image-4426\" srcset=\"https:\/\/bu.optimum-automotive.com\/wp-content\/uploads\/2024\/12\/geolocalisation_vehicules.png 429w, https:\/\/bu.optimum-automotive.com\/wp-content\/uploads\/2024\/12\/geolocalisation_vehicules-300x287.png 300w, https:\/\/bu.optimum-automotive.com\/wp-content\/uploads\/2024\/12\/geolocalisation_vehicules-13x12.png 13w\" sizes=\"auto, (max-width: 429px) 100vw, 429px\" \/><\/figure><\/div><\/div>\n<\/div><\/div>\n<\/div>\n<\/div>\n\n\n\n<div class=\"wp-block-uagb-container uagb-block-5c9e6289 alignfull uagb-is-root-container\">\n<div class=\"wp-block-uagb-container uagb-block-87333279\">\n<div class=\"wp-block-uagb-container uag-hide-tab uag-hide-mob uagb-block-54ec6a5e\"><div class=\"wp-block-image\">\n<figure class=\"aligncenter size-full\"><img loading=\"lazy\" decoding=\"async\" width=\"523\" height=\"482\" src=\"https:\/\/bu.optimum-automotive.com\/wp-content\/uploads\/2024\/12\/arton15.png\" alt=\"\" class=\"wp-image-4427\" srcset=\"https:\/\/bu.optimum-automotive.com\/wp-content\/uploads\/2024\/12\/arton15.png 523w, https:\/\/bu.optimum-automotive.com\/wp-content\/uploads\/2024\/12\/arton15-300x276.png 300w, https:\/\/bu.optimum-automotive.com\/wp-content\/uploads\/2024\/12\/arton15-13x12.png 13w\" sizes=\"auto, (max-width: 523px) 100vw, 523px\" \/><\/figure><\/div><\/div>\n\n\n\n<div class=\"wp-block-uagb-container uagb-block-c1beca3d\">\n<div class=\"wp-block-uagb-container uagb-block-5dfa3c8d\">\n<h2 class=\"wp-block-heading mb-0\" id=\"missions\">MISSIONS<\/h2>\n\n\n\n<h3 class=\"wp-block-heading mt-0\">More responsiveness, more productivity, more profitability<\/h3>\n\n\n\n<p>Real-time assignment transmission, just-in-time or scheduled schedule management, paperless signature, photo-taking, real-time report generation directly from your service providers' mobile applications...<\/p>\n\n\n\n<p><strong>With the Mission Management solution, you can precisely manage your business and achieve considerable productivity gains, while reducing your costs.<\/strong><\/p>\n\n\n\n<div class=\"wp-block-buttons is-content-justification-left is-layout-flex wp-container-core-buttons-is-layout-4 wp-block-buttons-is-layout-flex\">\n<div class=\"wp-block-button\"><a class=\"wp-block-button__link has-blue-background-color has-background wp-element-button\" href=\"https:\/\/bu.optimum-automotive.com\/en\/demo\/\">Request a demo<\/a><\/div>\n<\/div>\n<\/div>\n<\/div>\n\n\n\n<div class=\"wp-block-uagb-container uag-hide-desktop uagb-block-98612be1\"><div class=\"wp-block-image\">\n<figure class=\"aligncenter size-full\"><img loading=\"lazy\" decoding=\"async\" width=\"523\" height=\"482\" src=\"https:\/\/bu.optimum-automotive.com\/wp-content\/uploads\/2024\/12\/arton15-1.png\" alt=\"\" class=\"wp-image-4428\" srcset=\"https:\/\/bu.optimum-automotive.com\/wp-content\/uploads\/2024\/12\/arton15-1.png 523w, https:\/\/bu.optimum-automotive.com\/wp-content\/uploads\/2024\/12\/arton15-1-300x276.png 300w, https:\/\/bu.optimum-automotive.com\/wp-content\/uploads\/2024\/12\/arton15-1-13x12.png 13w\" sizes=\"auto, (max-width: 523px) 100vw, 523px\" \/><\/figure><\/div><\/div>\n<\/div>\n<\/div>\n\n\n\n<div class=\"wp-block-uagb-container uagb-block-195de0ad alignfull uagb-is-root-container\">\n<div class=\"wp-block-uagb-container uagb-block-97388bdc\">\n<div class=\"wp-block-uagb-container uagb-block-5b082e78 alignfull uagb-is-root-container\"><div class=\"uagb-container-inner-blocks-wrap\">\n<div class=\"wp-block-uagb-container uagb-block-ed9c1e88\">\n<h2 class=\"wp-block-heading mb-0\" id=\"ecoconduite\">ECOCONDUITY<\/h2>\n\n\n\n<h3 class=\"wp-block-heading mt-0\">Road risk prevention as a priority<\/h3>\n\n\n\n<p>Ongoing analysis of your drivers' behavior (cornering, braking, acceleration), identification of risky behaviors requiring ecoprevention action, stimulation tools to sustain your action over the long term. Our service offers you all the tools you need to protect your staff and the environment.<\/p>\n\n\n\n<p><strong>Because road risk prevention is an absolute necessity, the application enables you to reduce the number of accidents and protect the company director's liability.<\/strong><\/p>\n\n\n\n<div class=\"wp-block-buttons is-content-justification-left is-layout-flex wp-container-core-buttons-is-layout-5 wp-block-buttons-is-layout-flex\">\n<div class=\"wp-block-button\"><a class=\"wp-block-button__link has-blue-background-color has-background wp-element-button\" href=\"https:\/\/bu.optimum-automotive.com\/en\/demo\/\">Request a demo<\/a><\/div>\n<\/div>\n<\/div>\n\n\n\n<div class=\"wp-block-uagb-container uagb-block-16d6fac7\"><div class=\"wp-block-image\">\n<figure class=\"aligncenter size-full\"><img loading=\"lazy\" decoding=\"async\" width=\"471\" height=\"430\" src=\"https:\/\/bu.optimum-automotive.com\/wp-content\/uploads\/2024\/05\/arton16.png\" alt=\"eco-driving application\" class=\"wp-image-283\" srcset=\"https:\/\/bu.optimum-automotive.com\/wp-content\/uploads\/2024\/05\/arton16.png 471w, https:\/\/bu.optimum-automotive.com\/wp-content\/uploads\/2024\/05\/arton16-300x274.png 300w\" sizes=\"auto, (max-width: 471px) 100vw, 471px\" \/><\/figure><\/div><\/div>\n<\/div><\/div>\n<\/div>\n<\/div>\n\n\n\n<div class=\"wp-block-uagb-container uagb-block-ee352d34 alignfull uagb-is-root-container\">\n<div class=\"wp-block-uagb-container uagb-block-3e6abde1\">\n<div class=\"wp-block-uagb-container uag-hide-tab uag-hide-mob uagb-block-aef715fc\"><div class=\"wp-block-image\">\n<figure class=\"aligncenter size-full is-resized\"><img loading=\"lazy\" decoding=\"async\" width=\"488\" height=\"492\" src=\"https:\/\/bu.optimum-automotive.com\/wp-content\/uploads\/2024\/12\/protection_vehicules.png\" alt=\"\" class=\"wp-image-4429\" style=\"width:350px\" srcset=\"https:\/\/bu.optimum-automotive.com\/wp-content\/uploads\/2024\/12\/protection_vehicules.png 488w, https:\/\/bu.optimum-automotive.com\/wp-content\/uploads\/2024\/12\/protection_vehicules-298x300.png 298w, https:\/\/bu.optimum-automotive.com\/wp-content\/uploads\/2024\/12\/protection_vehicules-150x150.png 150w, https:\/\/bu.optimum-automotive.com\/wp-content\/uploads\/2024\/12\/protection_vehicules-12x12.png 12w\" sizes=\"auto, (max-width: 488px) 100vw, 488px\" \/><\/figure><\/div><\/div>\n\n\n\n<div class=\"wp-block-uagb-container uagb-block-d77c4e6b\">\n<div class=\"wp-block-uagb-container uagb-block-b8985800\">\n<h2 class=\"wp-block-heading mb-0\" id=\"protection\">PROTECTION<\/h2>\n\n\n\n<h3 class=\"wp-block-heading mt-0\">No sooner stolen than found<\/h3>\n\n\n\n<p>Vehicle protection with a simple click on the mobile application, instant alerts (driver\/manager) in the event of unauthorized movement, geolocation and remote immobilization of the vehicle...<\/p>\n\n\n\n<p><strong>The Protection service enables you to effectively secure your vehicles and the goods\/equipment they carry. By being informed immediately, you can take immediate action with the help of the police.<\/strong><\/p>\n\n\n\n<div class=\"wp-block-buttons is-content-justification-left is-layout-flex wp-container-core-buttons-is-layout-6 wp-block-buttons-is-layout-flex\">\n<div class=\"wp-block-button\"><a class=\"wp-block-button__link has-blue-background-color has-background wp-element-button\" href=\"https:\/\/bu.optimum-automotive.com\/en\/demo\/\">Request a demo<\/a><\/div>\n<\/div>\n<\/div>\n<\/div>\n\n\n\n<div class=\"wp-block-uagb-container uag-hide-desktop uagb-block-e0c155b3\"><div class=\"wp-block-image\">\n<figure class=\"aligncenter size-full is-resized\"><img loading=\"lazy\" decoding=\"async\" width=\"488\" height=\"492\" src=\"https:\/\/bu.optimum-automotive.com\/wp-content\/uploads\/2024\/12\/protection_vehicules-1.png\" alt=\"\" class=\"wp-image-4430\" style=\"width:350px\" srcset=\"https:\/\/bu.optimum-automotive.com\/wp-content\/uploads\/2024\/12\/protection_vehicules-1.png 488w, https:\/\/bu.optimum-automotive.com\/wp-content\/uploads\/2024\/12\/protection_vehicules-1-298x300.png 298w, https:\/\/bu.optimum-automotive.com\/wp-content\/uploads\/2024\/12\/protection_vehicules-1-150x150.png 150w, https:\/\/bu.optimum-automotive.com\/wp-content\/uploads\/2024\/12\/protection_vehicules-1-12x12.png 12w\" sizes=\"auto, (max-width: 488px) 100vw, 488px\" \/><\/figure><\/div><\/div>\n<\/div>\n<\/div>\n\n\n\n<div class=\"wp-block-uagb-container uagb-block-3b283131 alignfull uagb-is-root-container\">\n<div class=\"wp-block-uagb-container uagb-block-8699635e\">\n<div class=\"wp-block-uagb-container uagb-block-900f7504 alignfull uagb-is-root-container\"><div class=\"uagb-container-inner-blocks-wrap\">\n<div class=\"wp-block-uagb-container uagb-block-2a70f34f\">\n<h2 class=\"wp-block-heading mb-0\" id=\"antai\">ANTAI<\/h2>\n\n\n\n<h3 class=\"wp-block-heading mt-0\">Rigorous infringement management<\/h3>\n\n\n\n<p>The platform is connected directly to ANTAI (Agence Nationale de Traitement Automatis\u00e9 des Infractions). The latter sends daily requests for infringement designation to the platform, and the manager has 45 days to respond (designation or other predefined response). After this period, the \"paper\" notice of violation will be sent to the company.<\/p>\n\n\n\n<p><strong>Manage your employees' infractions simply and in real time.<\/strong><\/p>\n\n\n\n<div class=\"wp-block-buttons is-content-justification-left is-layout-flex wp-container-core-buttons-is-layout-7 wp-block-buttons-is-layout-flex\">\n<div class=\"wp-block-button\"><a class=\"wp-block-button__link has-blue-background-color has-background wp-element-button\" href=\"https:\/\/bu.optimum-automotive.com\/en\/demo\/\">Request a demo<\/a><\/div>\n<\/div>\n<\/div>\n\n\n\n<div class=\"wp-block-uagb-container uagb-block-66fc43cc\"><div class=\"wp-block-image\">\n<figure class=\"aligncenter size-full\"><img loading=\"lazy\" decoding=\"async\" width=\"429\" height=\"410\" src=\"https:\/\/bu.optimum-automotive.com\/wp-content\/uploads\/2024\/12\/ANTAI_vehicules.png\" alt=\"\" class=\"wp-image-4431\" srcset=\"https:\/\/bu.optimum-automotive.com\/wp-content\/uploads\/2024\/12\/ANTAI_vehicules.png 429w, https:\/\/bu.optimum-automotive.com\/wp-content\/uploads\/2024\/12\/ANTAI_vehicules-300x287.png 300w, https:\/\/bu.optimum-automotive.com\/wp-content\/uploads\/2024\/12\/ANTAI_vehicules-13x12.png 13w\" sizes=\"auto, (max-width: 429px) 100vw, 429px\" \/><\/figure><\/div><\/div>\n<\/div><\/div>\n<\/div>\n<\/div>\n\n\n\n<div class=\"wp-block-uagb-container uagb-block-3386697b alignfull uagb-is-root-container\">\n<div class=\"wp-block-uagb-container uagb-block-60e3ae32\">\n<div class=\"wp-block-uagb-container uag-hide-tab uag-hide-mob uagb-block-579809be\"><div class=\"wp-block-image\">\n<figure class=\"aligncenter size-full\"><img loading=\"lazy\" decoding=\"async\" width=\"429\" height=\"410\" src=\"https:\/\/bu.optimum-automotive.com\/wp-content\/uploads\/2024\/12\/aletres_entretien-alertes.png\" alt=\"\" class=\"wp-image-4432\" srcset=\"https:\/\/bu.optimum-automotive.com\/wp-content\/uploads\/2024\/12\/aletres_entretien-alertes.png 429w, https:\/\/bu.optimum-automotive.com\/wp-content\/uploads\/2024\/12\/aletres_entretien-alertes-300x287.png 300w, https:\/\/bu.optimum-automotive.com\/wp-content\/uploads\/2024\/12\/aletres_entretien-alertes-13x12.png 13w\" sizes=\"auto, (max-width: 429px) 100vw, 429px\" \/><\/figure><\/div><\/div>\n\n\n\n<div class=\"wp-block-uagb-container uagb-block-aa4093a0\">\n<div class=\"wp-block-uagb-container uagb-block-54f4fb4b\">\n<h2 class=\"wp-block-heading mb-0\" id=\"rapports\"><strong>Reports and alerts center<\/strong><\/h2>\n\n\n\n<h3 class=\"wp-block-heading mt-0\">Automation to guide your action<\/h3>\n\n\n\n<p>The OPTIMUM platform features a customizable alert center. Configure alerts and receive instant notifications of anomalies.<br>What's more, you'll benefit from fully configurable, automated management reports, delivered directly to your mailbox at your preferred frequency.<br>Powered by artificial intelligence, your management platform also delivers real-time optimization advice.<\/p>\n\n\n\n<div class=\"wp-block-buttons is-content-justification-left is-layout-flex wp-container-core-buttons-is-layout-8 wp-block-buttons-is-layout-flex\">\n<div class=\"wp-block-button\"><a class=\"wp-block-button__link has-blue-background-color has-background wp-element-button\" href=\"https:\/\/bu.optimum-automotive.com\/en\/demo\/\">Request a demo<\/a><\/div>\n<\/div>\n<\/div>\n<\/div>\n\n\n\n<div class=\"wp-block-uagb-container uag-hide-desktop uagb-block-bde9ac98\"><div class=\"wp-block-image\">\n<figure class=\"aligncenter size-full\"><img loading=\"lazy\" decoding=\"async\" width=\"429\" height=\"410\" src=\"https:\/\/bu.optimum-automotive.com\/wp-content\/uploads\/2024\/12\/aletres_entretien-alertes-1.png\" alt=\"\" class=\"wp-image-4433\" srcset=\"https:\/\/bu.optimum-automotive.com\/wp-content\/uploads\/2024\/12\/aletres_entretien-alertes-1.png 429w, https:\/\/bu.optimum-automotive.com\/wp-content\/uploads\/2024\/12\/aletres_entretien-alertes-1-300x287.png 300w, https:\/\/bu.optimum-automotive.com\/wp-content\/uploads\/2024\/12\/aletres_entretien-alertes-1-13x12.png 13w\" sizes=\"auto, (max-width: 429px) 100vw, 429px\" \/><\/figure><\/div><\/div>\n<\/div>\n<\/div>\n\n\n\n<div class=\"wp-block-uagb-container uagb-block-e6d3ac75 alignfull uagb-is-root-container\">\n<div class=\"wp-block-uagb-container uagb-block-bc90f8aa\">\n<div class=\"wp-block-uagb-container uagb-block-8a3fbd89 alignfull uagb-is-root-container\"><div class=\"uagb-container-inner-blocks-wrap\">\n<div class=\"wp-block-uagb-container uagb-block-7c8dff78\">\n<h2 class=\"wp-block-heading mb-0\" id=\"applications\"><strong>Mobile application<br>Driver \/ Manager<\/strong><\/h2>\n\n\n\n<h3 class=\"wp-block-heading mt-0\">Perfect visibility even on the move<\/h3>\n\n\n\n<p>Available on the \"Google Play\" and \"App Store\" stores, the OPTIMUM CONNECT mobile application lets you manage your vehicles on the move. Depending on the connected services you subscribe to, access the OPTIMUM solution's wealth of functions from your smartphone.<\/p>\n\n\n\n<p>With the application, your drivers also have access to a wide range of functions based on their profile: trip history, eco-driving score, privacy\/professional management, and much more...<\/p>\n\n\n\n<div class=\"wp-block-buttons is-content-justification-left is-layout-flex wp-container-core-buttons-is-layout-9 wp-block-buttons-is-layout-flex\">\n<div class=\"wp-block-button\"><a class=\"wp-block-button__link has-blue-background-color has-background wp-element-button\" href=\"https:\/\/bu.optimum-automotive.com\/en\/demo\/\">Request a demo<\/a><\/div>\n<\/div>\n\n\n\n<p><a id=\"_msocom_1\"><\/a><\/p>\n\n\n\n<p><a id=\"_msocom_2\"><\/a><\/p>\n<\/div>\n\n\n\n<div class=\"wp-block-uagb-container uagb-block-c5bb020c\"><div class=\"wp-block-image\">\n<figure class=\"aligncenter size-full\"><img loading=\"lazy\" decoding=\"async\" width=\"475\" height=\"486\" src=\"https:\/\/bu.optimum-automotive.com\/wp-content\/uploads\/2024\/12\/apply.png\" alt=\"\" class=\"wp-image-4434\" style=\"object-fit:cover\" srcset=\"https:\/\/bu.optimum-automotive.com\/wp-content\/uploads\/2024\/12\/apply.png 475w, https:\/\/bu.optimum-automotive.com\/wp-content\/uploads\/2024\/12\/apply-293x300.png 293w, https:\/\/bu.optimum-automotive.com\/wp-content\/uploads\/2024\/12\/apply-12x12.png 12w\" sizes=\"auto, (max-width: 475px) 100vw, 475px\" \/><\/figure><\/div><\/div>\n<\/div><\/div>\n<\/div>\n<\/div>","protected":false},"excerpt":{"rendered":"<p>Pour les TPE\/PME Les v\u00e9hicules sont indispensables \u00e0 votre activit\u00e9 et vous souhaitez en ma\u00eetriser et optimiser l\u2019exploitation pour&nbsp;: Notre gamme de services connect\u00e9s vous permet d\u2019atteindre rapidement vos objectifs&nbsp;! Accessible 24\/7 depuis n\u2019importe quel terminal, la solution de gestion Optimum regroupe tous les services dont vous avez besoin\u00a0: G\u00c9OLOCALISATION Une parfaite visibilit\u00e9 de l\u2019activit\u00e9 [&hellip;]<\/p>","protected":false},"author":1,"featured_media":0,"parent":0,"menu_order":0,"comment_status":"closed","ping_status":"closed","template":"page-without-title.php","meta":{"_coblocks_attr":"","_coblocks_dimensions":"","_coblocks_responsive_height":"","_coblocks_accordion_ie_support":"","_uag_custom_page_level_css":"","footnotes":""},"class_list":["post-7","page","type-page","status-publish","hentry"],"uagb_featured_image_src":{"full":false,"thumbnail":false,"medium":false,"medium_large":false,"large":false,"1536x1536":false,"2048x2048":false,"trp-custom-language-flag":false},"uagb_author_info":{"display_name":"camaleon","author_link":"https:\/\/bu.optimum-automotive.com\/en\/author\/camaleon\/"},"uagb_comment_info":0,"uagb_excerpt":"Pour les TPE\/PME Les v\u00e9hicules sont indispensables \u00e0 votre activit\u00e9 et vous souhaitez en ma\u00eetriser et optimiser l\u2019exploitation pour&nbsp;: Notre gamme de services connect\u00e9s vous permet d\u2019atteindre rapidement vos objectifs&nbsp;! Accessible 24\/7 depuis n\u2019importe quel terminal, la solution de gestion Optimum regroupe tous les services dont vous avez besoin\u00a0: G\u00c9OLOCALISATION Une parfaite visibilit\u00e9 de l\u2019activit\u00e9&hellip;","_links":{"self":[{"href":"https:\/\/bu.optimum-automotive.com\/en\/wp-json\/wp\/v2\/pages\/7","targetHints":{"allow":["GET"]}}],"collection":[{"href":"https:\/\/bu.optimum-automotive.com\/en\/wp-json\/wp\/v2\/pages"}],"about":[{"href":"https:\/\/bu.optimum-automotive.com\/en\/wp-json\/wp\/v2\/types\/page"}],"author":[{"embeddable":true,"href":"https:\/\/bu.optimum-automotive.com\/en\/wp-json\/wp\/v2\/users\/1"}],"replies":[{"embeddable":true,"href":"https:\/\/bu.optimum-automotive.com\/en\/wp-json\/wp\/v2\/comments?post=7"}],"version-history":[{"count":126,"href":"https:\/\/bu.optimum-automotive.com\/en\/wp-json\/wp\/v2\/pages\/7\/revisions"}],"predecessor-version":[{"id":5187,"href":"https:\/\/bu.optimum-automotive.com\/en\/wp-json\/wp\/v2\/pages\/7\/revisions\/5187"}],"wp:attachment":[{"href":"https:\/\/bu.optimum-automotive.com\/en\/wp-json\/wp\/v2\/media?parent=7"}],"curies":[{"name":"wp","href":"https:\/\/api.w.org\/{rel}","templated":true}]}}