{"id":13,"date":"2024-04-30T10:45:57","date_gmt":"2024-04-30T08:45:57","guid":{"rendered":"http:\/\/127.0.0.1\/site%20OA\/?page_id=13"},"modified":"2025-01-10T15:15:39","modified_gmt":"2025-01-10T14:15:39","slug":"demo","status":"publish","type":"page","link":"https:\/\/bu.optimum-automotive.com\/es\/demo\/","title":{"rendered":"DEMO"},"content":{"rendered":"<div class=\"wp-block-uagb-container uagb-block-30973301 alignfull uagb-is-root-container\">\n<div class=\"wp-block-uagb-container uagb-block-ea8881b1\">\n<div class=\"wp-block-uagb-container uagb-block-9fa9fc8d\">\n<h1 class=\"wp-block-heading has-text-align-center mb-0 mt-0\"><strong>Calculemos<\/strong> <mark style=\"background-color:rgba(0, 0, 0, 0)\" class=\"has-inline-color has-blue-color\">tus ahorros<\/mark><\/h1>\n\n\n\n<p>Porque su empresa es \u00fanica, nos esmeramos en estudiar su flota, el tipo de conductores que tiene, sus necesidades espec\u00edficas, sus limitaciones y sus objetivos.<\/p>\n\n\n\n<p>Juntos calcularemos exactamente cu\u00e1nto puede ahorrar y qu\u00e9 servicios deben activarse para cada veh\u00edculo\/conductor.<\/p>\n\n\n\n<p><strong>De media, nuestros clientes ahorran 125 euros\/mes\/veh\u00edculo* al adoptar servicios conectados. Analicemos el impacto en su empresa o comunidad.<\/strong><\/p>\n\n\n\n<p><small>* Encuesta a nuestros clientes en 2023<\/small><\/p>\n\n\n\n<div style=\"height:9px\" aria-hidden=\"true\" class=\"wp-block-spacer\"><\/div>\n\n\n\n<h2 class=\"wp-block-heading has-text-align-center mb-0 mt-0 has-blue-color has-text-color has-link-color wp-elements-ed88ca2b96c5390c0be9469bd0209d1a\"><mark style=\"background-color:rgba(0, 0, 0, 0)\" class=\"has-inline-color has-blue-color\">M\u00e1s informaci\u00f3n<\/mark><\/h2>\n\n\n\n<div style=\"height:1px\" aria-hidden=\"true\" class=\"wp-block-spacer\"><\/div>\n\n\n<div class=\"wp-block-image\">\n<figure class=\"aligncenter size-full is-resized\"><img loading=\"lazy\" decoding=\"async\" width=\"291\" height=\"99\" src=\"https:\/\/bu.optimum-automotive.com\/wp-content\/uploads\/2025\/01\/Logo-mobility_pack.png\" alt=\"\" class=\"wp-image-4707\" style=\"width:190px;height:auto\" srcset=\"https:\/\/bu.optimum-automotive.com\/wp-content\/uploads\/2025\/01\/Logo-mobility_pack.png 291w, https:\/\/bu.optimum-automotive.com\/wp-content\/uploads\/2025\/01\/Logo-mobility_pack-18x6.png 18w\" sizes=\"auto, (max-width: 291px) 100vw, 291px\" \/><\/figure><\/div>\n\n\n<div style=\"height:13px\" aria-hidden=\"true\" class=\"wp-block-spacer\"><\/div>\n\n\n\n<p><strong>Optimice la gesti\u00f3n de la movilidad de su empresa<\/strong><br>Los viajes de negocios implican gastos diversos: combustible, peajes, alojamiento, comidas y mucho m\u00e1s. Para simplificar su gesti\u00f3n e integrar soluciones como Cr\u00e9dit Mobilit\u00e9s o el Forfait Mobilit\u00e9s Durables, opte por <em>Movilidad<\/em><em> Paquete<\/em>.<\/p>\n\n\n\n<p>Esta soluci\u00f3n completa incluye una plataforma de gesti\u00f3n, una tarjeta de pago internacional y una aplicaci\u00f3n m\u00f3vil intuitiva para su personal.<\/p>\n\n\n\n<p><strong>Gesti\u00f3n centralizada y conectada<\/strong><br>Con <em>Pack Movilidad<\/em>Todos los gastos de su empresa se integran autom\u00e1ticamente en su plataforma de gesti\u00f3n de flotas. Esto le proporciona una visibilidad \u00f3ptima de su coste total de propiedad.<sup>1<\/sup> (coste total de propiedad) de su flota de veh\u00edculos y el TCM<sup>2<\/sup> (coste total de la movilidad).<\/p>\n\n\n\n<p><strong>Exclusividad gratuita para nuestros clientes<\/strong><br>Aproveche la gesti\u00f3n centralizada, \u00fanica en el mercado, para una movilidad fluida y optimizada.<\/p>\n\n\n\n<p class=\"has-small-font-size\"><sup>(1)<\/sup>&nbsp;<em>Total Cost of Ownerhsip - Coste total de propiedad<br><\/em><sup>(2) <\/sup><em>Coste total de la movilidad<\/em><\/p>\n\n\n\n<div class=\"wp-block-buttons is-layout-flex wp-block-buttons-is-layout-flex\">\n<div class=\"wp-block-button\"><a class=\"wp-block-button__link has-background wp-element-button\" href=\"https:\/\/mobility-pack.com\/\" style=\"background-color:#84ba26\" target=\"_blank\" rel=\"noreferrer noopener\">M\u00e1s informaci\u00f3n<\/a><\/div>\n<\/div>\n<\/div>\n\n\n\n<div class=\"wp-block-uagb-container uagb-block-39ee90da\"><p><div class=\"wpforms-container wpforms-container-full wpforms-render-modern\" id=\"wpforms-1519\"><form id=\"wpforms-form-1519\" class=\"wpforms-validate wpforms-form wpforms-ajax-form\" data-formid=\"1519\" method=\"post\" enctype=\"multipart\/form-data\" action=\"\/wp-json\/wp\/v2\/pages\/13\" data-token=\"24dd49bbd98b8c57319ea7dd9c06634e\" data-token-time=\"1777632762\" data-trp-original-action=\"\/es\/wp-json\/wp\/v2\/pages\/13\"><noscript class=\"wpforms-error-noscript\">Por favor, active JavaScript en su navegador para completar este formulario.<\/noscript><div class=\"wpforms-hidden\" id=\"wpforms-error-noscript\">Por favor, active JavaScript en su navegador para completar este formulario.<\/div><div class=\"wpforms-field-container\"><div id=\"wpforms-1519-field_1-container\" class=\"wpforms-field wpforms-field-name wpforms-one-half wpforms-first\" data-field-id=\"1\"><label class=\"wpforms-field-label\" for=\"wpforms-1519-field_1\"> Empresa u organizaci\u00f3n  <span class=\"wpforms-required-label\" aria-hidden=\"true\">*<\/span><\/label><input type=\"text\" id=\"wpforms-1519-field_1\" class=\"wpforms-field-medium wpforms-field-required\" name=\"wpforms[fields][1]\" aria-errormessage=\"wpforms-1519-field_1-error\" required><\/div><div id=\"wpforms-1519-field_9-container\" class=\"wpforms-field wpforms-field-text wpforms-one-half\" data-field-id=\"9\"><label class=\"wpforms-field-label\" for=\"wpforms-1519-field_9\">Nombre y apellidos  <span class=\"wpforms-required-label\" aria-hidden=\"true\">*<\/span><\/label><input type=\"text\" id=\"wpforms-1519-field_9\" class=\"wpforms-field-medium wpforms-field-required\" name=\"wpforms[fields][9]\" aria-errormessage=\"wpforms-1519-field_9-error\" required><\/div><div id=\"wpforms-1519-field_10-container\" class=\"wpforms-field wpforms-field-text wpforms-one-half wpforms-first\" data-field-id=\"10\"><label class=\"wpforms-field-label\" for=\"wpforms-1519-field_10\"> Funci\u00f3n <\/label><input type=\"text\" id=\"wpforms-1519-field_10\" class=\"wpforms-field-medium\" name=\"wpforms[fields][10]\" aria-errormessage=\"wpforms-1519-field_10-error\" ><\/div><div id=\"wpforms-1519-field_8-container\" class=\"wpforms-field wpforms-field-email wpforms-one-half\" data-field-id=\"8\"><label class=\"wpforms-field-label\" for=\"wpforms-1519-field_8\">Correo electr\u00f3nico <span class=\"wpforms-required-label\" aria-hidden=\"true\">*<\/span><\/label><input type=\"email\" id=\"wpforms-1519-field_8\" class=\"wpforms-field-medium wpforms-field-required\" name=\"wpforms[fields][8]\" spellcheck=\"false\" aria-errormessage=\"wpforms-1519-field_8-error\" required><\/div><div id=\"wpforms-1519-field_11-container\" class=\"wpforms-field wpforms-field-text wpforms-one-third wpforms-first\" data-field-id=\"11\"><label class=\"wpforms-field-label\" for=\"wpforms-1519-field_11\">tel\u00e9fono <span class=\"wpforms-required-label\" aria-hidden=\"true\">*<\/span><\/label><input type=\"text\" id=\"wpforms-1519-field_11\" class=\"wpforms-field-medium wpforms-field-required\" name=\"wpforms[fields][11]\" aria-errormessage=\"wpforms-1519-field_11-error\" required><\/div><div id=\"wpforms-1519-field_12-container\" class=\"wpforms-field wpforms-field-text wpforms-one-third\" data-field-id=\"12\"><label class=\"wpforms-field-label\" for=\"wpforms-1519-field_12\">Pa\u00eds <\/label><input type=\"text\" id=\"wpforms-1519-field_12\" class=\"wpforms-field-medium\" name=\"wpforms[fields][12]\" aria-errormessage=\"wpforms-1519-field_12-error\" ><\/div><div id=\"wpforms-1519-field_13-container\" class=\"wpforms-field wpforms-field-text wpforms-one-third\" data-field-id=\"13\"><label class=\"wpforms-field-label\" for=\"wpforms-1519-field_13\"> C\u00f3digo postal  <span class=\"wpforms-required-label\" aria-hidden=\"true\">*<\/span><\/label><input type=\"text\" id=\"wpforms-1519-field_13\" class=\"wpforms-field-medium wpforms-field-required\" name=\"wpforms[fields][13]\" aria-errormessage=\"wpforms-1519-field_13-error\" required><\/div><div id=\"wpforms-1519-field_19-container\" class=\"wpforms-field wpforms-field-select wpforms-field-select-style-classic\" data-field-id=\"19\"><label class=\"wpforms-field-label\" for=\"wpforms-1519-field_19\">\u00bfCu\u00e1ntos veh\u00edculos quieres equipar? <span class=\"wpforms-required-label\" aria-hidden=\"true\">*<\/span><\/label><select id=\"wpforms-1519-field_19\" class=\"wpforms-field-medium wpforms-field-required\" name=\"wpforms[fields][19]\" required=\"required\"><option value=\"1-2\" >1-2<\/option><option value=\"3-50\" >3-50<\/option><option value=\"51-100\" >51-100<\/option><option value=\"101-500\" >101-500<\/option><option value=\"plus de 500\" >m\u00e1s de 500<\/option><\/select><\/div><div id=\"wpforms-1519-field_17-container\" class=\"wpforms-field wpforms-field-checkbox wpforms-list-3-columns\" data-field-id=\"17\"><fieldset><legend class=\"wpforms-field-label\">\u00bfQu\u00e9 servicios podr\u00edan interesarle?<\/legend><ul id=\"wpforms-1519-field_17\"><li class=\"choice-1 depth-1\"><input type=\"checkbox\" id=\"wpforms-1519-field_17_1\" name=\"wpforms[fields][17][]\" value=\"Workflow\" aria-errormessage=\"wpforms-1519-field_17_1-error\"  ><label class=\"wpforms-field-label-inline\" for=\"wpforms-1519-field_17_1\">Flujo de trabajo<\/label><\/li><li class=\"choice-2 depth-1\"><input type=\"checkbox\" id=\"wpforms-1519-field_17_2\" name=\"wpforms[fields][17][]\" value=\"Gestion de parc\" aria-errormessage=\"wpforms-1519-field_17_2-error\"  ><label class=\"wpforms-field-label-inline\" for=\"wpforms-1519-field_17_2\">Gesti\u00f3n de flotas<\/label><\/li><li class=\"choice-7 depth-1\"><input type=\"checkbox\" id=\"wpforms-1519-field_17_7\" name=\"wpforms[fields][17][]\" value=\"G\u00e9olocalisation\" aria-errormessage=\"wpforms-1519-field_17_7-error\"  ><label class=\"wpforms-field-label-inline\" for=\"wpforms-1519-field_17_7\">Geolocalizaci\u00f3n<\/label><\/li><li class=\"choice-3 depth-1\"><input type=\"checkbox\" id=\"wpforms-1519-field_17_3\" name=\"wpforms[fields][17][]\" value=\"Sinistres et dommages\" aria-errormessage=\"wpforms-1519-field_17_3-error\"  ><label class=\"wpforms-field-label-inline\" for=\"wpforms-1519-field_17_3\">Siniestros y da\u00f1os<\/label><\/li><li class=\"choice-8 depth-1\"><input type=\"checkbox\" id=\"wpforms-1519-field_17_8\" name=\"wpforms[fields][17][]\" value=\"Fuel monitoring\" aria-errormessage=\"wpforms-1519-field_17_8-error\"  ><label class=\"wpforms-field-label-inline\" for=\"wpforms-1519-field_17_8\">Control del combustible<\/label><\/li><li class=\"choice-6 depth-1\"><input type=\"checkbox\" id=\"wpforms-1519-field_17_6\" name=\"wpforms[fields][17][]\" value=\"Gestion des missions\" aria-errormessage=\"wpforms-1519-field_17_6-error\"  ><label class=\"wpforms-field-label-inline\" for=\"wpforms-1519-field_17_6\">Gesti\u00f3n de misiones<\/label><\/li><li class=\"choice-5 depth-1\"><input type=\"checkbox\" id=\"wpforms-1519-field_17_5\" name=\"wpforms[fields][17][]\" value=\"Analyse de conduite\" aria-errormessage=\"wpforms-1519-field_17_5-error\"  ><label class=\"wpforms-field-label-inline\" for=\"wpforms-1519-field_17_5\">An\u00e1lisis de la conducci\u00f3n<\/label><\/li><li class=\"choice-4 depth-1\"><input type=\"checkbox\" id=\"wpforms-1519-field_17_4\" name=\"wpforms[fields][17][]\" value=\"Optimisation fiscale\" aria-errormessage=\"wpforms-1519-field_17_4-error\"  ><label class=\"wpforms-field-label-inline\" for=\"wpforms-1519-field_17_4\">Optimizaci\u00f3n fiscal<\/label><\/li><li class=\"choice-10 depth-1\"><input type=\"checkbox\" id=\"wpforms-1519-field_17_10\" name=\"wpforms[fields][17][]\" value=\"Protection\" aria-errormessage=\"wpforms-1519-field_17_10-error\"  ><label class=\"wpforms-field-label-inline\" for=\"wpforms-1519-field_17_10\">Protecci\u00f3n<\/label><\/li><\/ul><\/fieldset><\/div><div id=\"wpforms-1519-field_15-container\" class=\"wpforms-field wpforms-field-textarea\" data-field-id=\"15\"><label class=\"wpforms-field-label\" for=\"wpforms-1519-field_15\"> Su mensaje<\/label><textarea id=\"wpforms-1519-field_15\" class=\"wpforms-field-medium\" name=\"wpforms[fields][15]\" aria-errormessage=\"wpforms-1519-field_15-error\" ><\/textarea><\/div><div id=\"wpforms-1519-field_16-container\" class=\"wpforms-field wpforms-field-checkbox\" data-field-id=\"16\"><fieldset><legend class=\"wpforms-field-label\">RGPD: Reglamento General de Protecci\u00f3n de Datos <span class=\"wpforms-required-label\" aria-hidden=\"true\">*<\/span><\/legend><ul id=\"wpforms-1519-field_16\" class=\"wpforms-field-required\"><li class=\"choice-1 depth-1\"><input type=\"checkbox\" id=\"wpforms-1519-field_16_1\" name=\"wpforms[fields][16][]\" value=\"En cochant cette case, vous reconnaissez avoir pris connaissance et accept\u00e9 les conditions g\u00e9n\u00e9rales d&#039;utilisation du site.\" aria-errormessage=\"wpforms-1519-field_16_1-error\" required><label class=\"wpforms-field-label-inline\" for=\"wpforms-1519-field_16_1\">Al marcar esta casilla, reconoce haber le\u00eddo y aceptado las condiciones generales de uso del sitio.<\/label><\/li><\/ul><\/fieldset><\/div><div id=\"wpforms-1519-field_18-container\" class=\"wpforms-field wpforms-field-email\" data-field-id=\"18\"><label class=\"wpforms-field-label wpforms-label-hide\" for=\"wpforms-1519-field_18\" aria-hidden=\"false\">Correo electr\u00f3nico<\/label><input type=\"email\" id=\"wpforms-1519-field_18\" class=\"wpforms-field-medium\" name=\"wpforms[fields][18]\" spellcheck=\"false\" aria-errormessage=\"wpforms-1519-field_18-error\" ><\/div><div id=\"wpforms-1519-field_20-container\" class=\"wpforms-field wpforms-field-text\" data-field-id=\"20\"><label class=\"wpforms-field-label wpforms-label-hide\" for=\"wpforms-1519-field_20\" aria-hidden=\"false\">origen<\/label><input type=\"text\" id=\"wpforms-1519-field_20\" class=\"wpforms-field-medium\" name=\"wpforms[fields][20]\" aria-errormessage=\"wpforms-1519-field_20-error\" ><\/div><div id=\"wpforms-1519-field_21-container\" class=\"wpforms-field wpforms-field-text\" data-field-id=\"21\"><label class=\"wpforms-field-label wpforms-label-hide\" for=\"wpforms-1519-field_21\" aria-hidden=\"false\">campa\u00f1a<\/label><input type=\"text\" id=\"wpforms-1519-field_21\" class=\"wpforms-field-medium\" name=\"wpforms[fields][21]\" aria-errormessage=\"wpforms-1519-field_21-error\" ><\/div><div id=\"wpforms-1519-field_22-container\" class=\"wpforms-field wpforms-field-text\" data-field-id=\"22\"><label class=\"wpforms-field-label wpforms-label-hide\" for=\"wpforms-1519-field_22\" aria-hidden=\"false\">idsales<\/label><input type=\"text\" id=\"wpforms-1519-field_22\" class=\"wpforms-field-medium\" name=\"wpforms[fields][22]\" aria-errormessage=\"wpforms-1519-field_22-error\" ><\/div><\/div><!-- .wpforms-field-container --><div class=\"wpforms-recaptcha-container wpforms-is-recaptcha wpforms-is-recaptcha-type-v3\" ><input type=\"hidden\" name=\"wpforms[recaptcha]\" value=\"\"><\/div><div class=\"wpforms-submit-container\" ><input type=\"hidden\" name=\"wpforms[id]\" value=\"1519\"><input type=\"hidden\" name=\"page_title\" value=\"\"><input type=\"hidden\" name=\"page_url\" value=\"https:\/\/bu.optimum-automotive.com\/es\/wp-json\/wp\/v2\/pages\/13\"><button type=\"submit\" name=\"wpforms[submit]\" id=\"wpforms-submit-1519\" class=\"wpforms-submit\" data-alt-text=\"Envoi...\" data-submit-text=\"Envoyer\" aria-live=\"assertive\" value=\"wpforms-submit\">Enviar<\/button><img loading=\"lazy\" decoding=\"async\" src=\"https:\/\/bu.optimum-automotive.com\/wp-content\/plugins\/wpforms-lite\/assets\/images\/submit-spin.svg\" class=\"wpforms-submit-spinner\" style=\"display: none;\" width=\"26\" height=\"26\" alt=\"Cargando\"><\/div><input type=\"hidden\" name=\"trp-form-language\" value=\"es\"\/><\/form><\/div>  <!-- .wpforms-container --><br \/>\n<script>document.getElementById('wpforms-1519-field_20-container').setAttribute(\"style\", \"padding:0\");document.getElementById('wpforms-1519-field_21-container').setAttribute(\"style\", \"padding:0\");\ndocument.getElementById('wpforms-1519-field_22-container').setAttribute(\"style\", \"padding:0\");document.getElementById('wpforms-1519-field_18-container').setAttribute(\"style\", \"padding:0\");document.getElementById('wpforms-1519-field_20').setAttribute(\"type\", \"hidden\");document.getElementById('wpforms-1519-field_21').setAttribute(\"type\", \"hidden\");document.getElementById('wpforms-1519-field_22').setAttribute(\"type\", \"hidden\");document.getElementById('wpforms-1519-field_18').setAttribute(\"type\", \"hidden\");document.getElementById('wpforms-1519-field_18').setAttribute('value','contact@optimum-automotive.com'); var myvalue = \"United States of America\";document.getElementById('wpforms-1519-field_12').setAttribute('value', myvalue);<\/script><br \/>\n<script>document.getElementById('wpforms-1519-field_19').setAttribute(\"onchange\",\"changeQte();\"); <\/script><br \/>\n<br \/>\n\t<br \/>\n\t<br \/>\n\t<br \/>\n\t<br \/>\n\t<br \/>\n\t<br \/>\n<br \/>\n <script>function changeQte(){\n\t\t\tif(document.getElementById('wpforms-1519-field_19').value == \"1-2\") { \n\t\t\t\tdocument.getElementById('wpforms-1519-field_18').setAttribute('value','lead-middle@optimum-automotive.com')\n\t\t\t}else if(document.getElementById('wpforms-1519-field_19').value == \"3-50\") { \n\t\t\t\tdocument.getElementById('wpforms-1519-field_18').setAttribute('value','lead-middle@optimum-automotive.com')\n\t\t\t} else { \n\t\t\t\tdocument.getElementById('wpforms-1519-field_18').setAttribute('value','lead-gc@optimum-automotive.com')\n\t\t\t}\n\t\t};<\/script><\/p>\n<\/div>\n<\/div>\n<\/div>","protected":false},"excerpt":{"rendered":"<p>Calcule su ahorro Como su empresa es \u00fanica, nos preocupamos mucho de estudiar su flota de veh\u00edculos, el tipo de conductores que tiene, sus necesidades espec\u00edficas, sus limitaciones y sus objetivos. Juntos, calcularemos exactamente cu\u00e1nto puede ahorrar y qu\u00e9 servicios deben activarse para cada veh\u00edculo\/conductor. De media, nuestros clientes ahorran 125 \u20ac\/mes\/veh\u00edculo* [...].<\/p>","protected":false},"author":1,"featured_media":0,"parent":0,"menu_order":0,"comment_status":"closed","ping_status":"closed","template":"page-without-title.php","meta":{"_coblocks_attr":"","_coblocks_dimensions":"","_coblocks_responsive_height":"","_coblocks_accordion_ie_support":"","_uag_custom_page_level_css":"","footnotes":""},"class_list":["post-13","page","type-page","status-publish","hentry"],"uagb_featured_image_src":{"full":false,"thumbnail":false,"medium":false,"medium_large":false,"large":false,"1536x1536":false,"2048x2048":false,"trp-custom-language-flag":false},"uagb_author_info":{"display_name":"camaleon","author_link":"https:\/\/bu.optimum-automotive.com\/es\/author\/camaleon\/"},"uagb_comment_info":0,"uagb_excerpt":"Calculons vos \u00e9conomies Parce que votre entreprise est unique, nous \u00e9tudions avec le plus grand soin votre parc automobile, la typologie de vos conducteurs, vos sp\u00e9cificit\u00e9s, contraintes et objectifs. Ensemble nous estimons pr\u00e9cis\u00e9ment, le montant de vos \u00e9conomies et les services \u00e0 activer pour chaque v\u00e9hicule\/conducteur. Nos clients r\u00e9alisent en moyenne 125\u20ac d\u2019\u00e9conomies\/mois\/v\u00e9hicule* en adoptant&hellip;","_links":{"self":[{"href":"https:\/\/bu.optimum-automotive.com\/es\/wp-json\/wp\/v2\/pages\/13","targetHints":{"allow":["GET"]}}],"collection":[{"href":"https:\/\/bu.optimum-automotive.com\/es\/wp-json\/wp\/v2\/pages"}],"about":[{"href":"https:\/\/bu.optimum-automotive.com\/es\/wp-json\/wp\/v2\/types\/page"}],"author":[{"embeddable":true,"href":"https:\/\/bu.optimum-automotive.com\/es\/wp-json\/wp\/v2\/users\/1"}],"replies":[{"embeddable":true,"href":"https:\/\/bu.optimum-automotive.com\/es\/wp-json\/wp\/v2\/comments?post=13"}],"version-history":[{"count":154,"href":"https:\/\/bu.optimum-automotive.com\/es\/wp-json\/wp\/v2\/pages\/13\/revisions"}],"predecessor-version":[{"id":4717,"href":"https:\/\/bu.optimum-automotive.com\/es\/wp-json\/wp\/v2\/pages\/13\/revisions\/4717"}],"wp:attachment":[{"href":"https:\/\/bu.optimum-automotive.com\/es\/wp-json\/wp\/v2\/media?parent=13"}],"curies":[{"name":"wp","href":"https:\/\/api.w.org\/{rel}","templated":true}]}}