{"id":17,"date":"2024-04-30T10:47:18","date_gmt":"2024-04-30T08:47:18","guid":{"rendered":"http:\/\/127.0.0.1\/site%20OA\/?page_id=17"},"modified":"2024-08-28T15:30:52","modified_gmt":"2024-08-28T13:30:52","slug":"contact","status":"publish","type":"page","link":"https:\/\/bu.optimum-automotive.com\/es\/pongase-en-contacto-con\/","title":{"rendered":"Optimice la gesti\u00f3n de sus veh\u00edculos"},"content":{"rendered":"<div class=\"wp-block-uagb-container uagb-block-772a7e2e alignfull uagb-is-root-container\">\n<div class=\"wp-block-uagb-container uagb-block-865bf30e\">\n<div class=\"wp-block-uagb-container uagb-block-8cb52be6\">\n<h1 class=\"wp-block-heading mt-0\">Optimizar la gesti\u00f3n<mark style=\"background-color:rgba(0, 0, 0, 0)\" class=\"has-inline-color has-blue-color\"> <\/mark><br><mark style=\"background-color:rgba(0, 0, 0, 0)\" class=\"has-inline-color has-blue-color\">\u00a1de sus veh\u00edculos!<\/mark><\/h1>\n\n\n\n<ul class=\"wp-block-list\">\n<li><strong>Optimizaci\u00f3n de costes<\/strong><\/li>\n\n\n\n<li><strong>Reducir la huella de carbono<\/strong><\/li>\n\n\n\n<li><strong>Prevenci\u00f3n de riesgos viales<\/strong><\/li>\n\n\n\n<li><strong>Asegurar veh\u00edculos, conductores y mercanc\u00edas<\/strong><\/li>\n\n\n\n<li><strong>Formas nuevas y alternativas de movilidad<\/strong><\/li>\n\n\n\n<li><strong>... \u00a1y mucho m\u00e1s!<\/strong><\/li>\n<\/ul>\n\n\n<div class=\"wp-block-image\">\n<figure class=\"aligncenter size-full is-resized\"><img loading=\"lazy\" decoding=\"async\" width=\"407\" height=\"188\" src=\"https:\/\/bu.optimum-automotive.com\/wp-content\/uploads\/2024\/05\/oa_world.png\" alt=\"nuestros equipos en 3 continentes\" class=\"wp-image-1611\" style=\"width:319px\" srcset=\"https:\/\/bu.optimum-automotive.com\/wp-content\/uploads\/2024\/05\/oa_world.png 407w, https:\/\/bu.optimum-automotive.com\/wp-content\/uploads\/2024\/05\/oa_world-300x139.png 300w\" sizes=\"auto, (max-width: 407px) 100vw, 407px\" \/><\/figure><\/div>\n\n\n<p>Presentes en 3 continentes y en m\u00e1s de 30 pa\u00edses, nuestros equipos est\u00e1n a su disposici\u00f3n para responder a sus preguntas y ayudarle a definir y aplicar un verdadero plan de optimizaci\u00f3n de la gesti\u00f3n de su flota de veh\u00edculos.<\/p>\n\n\n\n<p>Rellene el siguiente formulario para que podamos ponernos en contacto con usted lo antes posible.<\/p>\n\n\n\n<p>Hasta pronto.<\/p>\n<\/div>\n\n\n\n<div class=\"wp-block-uagb-container uagb-block-7f5c926a\"><p><div class=\"wpforms-container wpforms-container-full wpforms-render-modern\" id=\"wpforms-1598\"><form id=\"wpforms-form-1598\" class=\"wpforms-validate wpforms-form wpforms-ajax-form\" data-formid=\"1598\" method=\"post\" enctype=\"multipart\/form-data\" action=\"\/wp-json\/wp\/v2\/pages\/17\" data-token=\"e07c927768f54acd3adefc48cff727c6\" data-token-time=\"1777633398\" data-trp-original-action=\"\/es\/wp-json\/wp\/v2\/pages\/17\"><noscript class=\"wpforms-error-noscript\">Por favor, active JavaScript en su navegador para completar este formulario.<\/noscript><div class=\"wpforms-hidden\" id=\"wpforms-error-noscript\">Por favor, active JavaScript en su navegador para completar este formulario.<\/div><div class=\"wpforms-field-container\"><div id=\"wpforms-1598-field_14-container\" class=\"wpforms-field wpforms-field-text wpforms-one-half wpforms-first\" data-field-id=\"14\"><label class=\"wpforms-field-label\" for=\"wpforms-1598-field_14\">Pa\u00eds <span class=\"wpforms-required-label\" aria-hidden=\"true\">*<\/span><\/label><input type=\"text\" id=\"wpforms-1598-field_14\" class=\"wpforms-field-medium wpforms-field-required\" name=\"wpforms[fields][14]\" aria-errormessage=\"wpforms-1598-field_14-error\" required><\/div><div id=\"wpforms-1598-field_9-container\" class=\"wpforms-field wpforms-field-select wpforms-one-half wpforms-field-select-style-classic\" data-field-id=\"9\"><label class=\"wpforms-field-label\" for=\"wpforms-1598-field_9\">Su solicitud se refiere a : <span class=\"wpforms-required-label\" aria-hidden=\"true\">*<\/span><\/label><select id=\"wpforms-1598-field_9\" class=\"wpforms-field-medium wpforms-field-required\" name=\"wpforms[fields][9]\" required=\"required\"><option value=\"...\"  selected='selected'>...<\/option><option value=\"Information commerciale\" >Informaci\u00f3n comercial<\/option><option value=\"Information technique\" >Informaci\u00f3n t\u00e9cnica<\/option><option value=\"Autre\" >Otros<\/option><\/select><\/div><div id=\"wpforms-1598-field_1-container\" class=\"wpforms-field wpforms-field-name\" data-field-id=\"1\"><fieldset><legend class=\"wpforms-field-label\">Nombre <span class=\"wpforms-required-label\" aria-hidden=\"true\">*<\/span><\/legend><div class=\"wpforms-field-row wpforms-field-medium\"><div class=\"wpforms-field-row-block wpforms-first wpforms-one-half\"><input type=\"text\" id=\"wpforms-1598-field_1\" class=\"wpforms-field-name-first wpforms-field-required\" name=\"wpforms[fields][1][first]\" aria-errormessage=\"wpforms-1598-field_1-error\" required><label for=\"wpforms-1598-field_1\" class=\"wpforms-field-sublabel after\">N\u00famero<\/label><\/div><div class=\"wpforms-field-row-block wpforms-one-half\"><input type=\"text\" id=\"wpforms-1598-field_1-last\" class=\"wpforms-field-name-last wpforms-field-required\" name=\"wpforms[fields][1][last]\" aria-errormessage=\"wpforms-1598-field_1-last-error\" required><label for=\"wpforms-1598-field_1-last\" class=\"wpforms-field-sublabel after\">Apellidos<\/label><\/div><\/div><\/fieldset><\/div><div id=\"wpforms-1598-field_8-container\" class=\"wpforms-field wpforms-field-email wpforms-one-half wpforms-first\" data-field-id=\"8\"><label class=\"wpforms-field-label\" for=\"wpforms-1598-field_8\">Correo electr\u00f3nico <span class=\"wpforms-required-label\" aria-hidden=\"true\">*<\/span><\/label><input type=\"email\" id=\"wpforms-1598-field_8\" class=\"wpforms-field-medium wpforms-field-required\" name=\"wpforms[fields][8]\" spellcheck=\"false\" aria-errormessage=\"wpforms-1598-field_8-error\" required><\/div><div id=\"wpforms-1598-field_10-container\" class=\"wpforms-field wpforms-field-text wpforms-one-half\" data-field-id=\"10\"><label class=\"wpforms-field-label\" for=\"wpforms-1598-field_10\">Empresa <span class=\"wpforms-required-label\" aria-hidden=\"true\">*<\/span><\/label><input type=\"text\" id=\"wpforms-1598-field_10\" class=\"wpforms-field-medium wpforms-field-required\" name=\"wpforms[fields][10]\" aria-errormessage=\"wpforms-1598-field_10-error\" required><\/div><div id=\"wpforms-1598-field_11-container\" class=\"wpforms-field wpforms-field-text wpforms-one-half wpforms-first\" data-field-id=\"11\"><label class=\"wpforms-field-label\" for=\"wpforms-1598-field_11\"> Tel\u00e9fono  <span class=\"wpforms-required-label\" aria-hidden=\"true\">*<\/span><\/label><input type=\"text\" id=\"wpforms-1598-field_11\" class=\"wpforms-field-medium wpforms-field-required\" name=\"wpforms[fields][11]\" aria-errormessage=\"wpforms-1598-field_11-error\" required><\/div><div id=\"wpforms-1598-field_12-container\" class=\"wpforms-field wpforms-field-text wpforms-one-half\" data-field-id=\"12\"><label class=\"wpforms-field-label\" for=\"wpforms-1598-field_12\">C\u00f3digo postal <span class=\"wpforms-required-label\" aria-hidden=\"true\">*<\/span><\/label><input type=\"text\" id=\"wpforms-1598-field_12\" class=\"wpforms-field-medium wpforms-field-required\" name=\"wpforms[fields][12]\" aria-errormessage=\"wpforms-1598-field_12-error\" required><\/div><div id=\"wpforms-1598-field_7-container\" class=\"wpforms-field wpforms-field-textarea\" data-field-id=\"7\"><label class=\"wpforms-field-label\" for=\"wpforms-1598-field_7\">Su mensaje<\/label><textarea id=\"wpforms-1598-field_7\" class=\"wpforms-field-medium\" name=\"wpforms[fields][7]\" aria-errormessage=\"wpforms-1598-field_7-error\" ><\/textarea><\/div><div id=\"wpforms-1598-field_13-container\" class=\"wpforms-field wpforms-field-checkbox\" data-field-id=\"13\"><fieldset><legend class=\"wpforms-field-label\">RGPD: Reglamento General de Protecci\u00f3n de Datos <span class=\"wpforms-required-label\" aria-hidden=\"true\">*<\/span><\/legend><ul id=\"wpforms-1598-field_13\" class=\"wpforms-field-required\"><li class=\"choice-1 depth-1\"><input type=\"checkbox\" id=\"wpforms-1598-field_13_1\" name=\"wpforms[fields][13][]\" value=\"En cochant cette case, vous reconnaissez avoir pris connaissance et accept\u00e9 les conditions g\u00e9n\u00e9rales d&#039;utilisation du site.\" aria-errormessage=\"wpforms-1598-field_13_1-error\" required><label class=\"wpforms-field-label-inline\" for=\"wpforms-1598-field_13_1\">Al marcar esta casilla, reconoce haber le\u00eddo y aceptado las condiciones generales de uso del sitio.<\/label><\/li><\/ul><\/fieldset><\/div><div id=\"wpforms-1598-field_15-container\" class=\"wpforms-field wpforms-field-email\" data-field-id=\"15\"><label class=\"wpforms-field-label wpforms-label-hide\" for=\"wpforms-1598-field_15\" aria-hidden=\"false\">contacto por correo electr\u00f3nico <span class=\"wpforms-required-label\" aria-hidden=\"true\">*<\/span><\/label><input type=\"email\" id=\"wpforms-1598-field_15\" class=\"wpforms-field-medium wpforms-field-required\" name=\"wpforms[fields][15]\" spellcheck=\"false\" aria-errormessage=\"wpforms-1598-field_15-error\" required><\/div><\/div><!-- .wpforms-field-container --><div class=\"wpforms-recaptcha-container wpforms-is-recaptcha wpforms-is-recaptcha-type-v3\" ><input type=\"hidden\" name=\"wpforms[recaptcha]\" value=\"\"><\/div><div class=\"wpforms-submit-container\" ><input type=\"hidden\" name=\"wpforms[id]\" value=\"1598\"><input type=\"hidden\" name=\"page_title\" value=\"\"><input type=\"hidden\" name=\"page_url\" value=\"https:\/\/bu.optimum-automotive.com\/es\/wp-json\/wp\/v2\/pages\/17\"><button type=\"submit\" name=\"wpforms[submit]\" id=\"wpforms-submit-1598\" class=\"wpforms-submit\" data-alt-text=\"Envoi...\" data-submit-text=\"Envoyer\" aria-live=\"assertive\" value=\"wpforms-submit\">Enviar<\/button><img loading=\"lazy\" decoding=\"async\" src=\"https:\/\/bu.optimum-automotive.com\/wp-content\/plugins\/wpforms-lite\/assets\/images\/submit-spin.svg\" class=\"wpforms-submit-spinner\" style=\"display: none;\" width=\"26\" height=\"26\" alt=\"Cargando\"><\/div><input type=\"hidden\" name=\"trp-form-language\" value=\"es\"\/><\/form><\/div>  <!-- .wpforms-container --><script>document.getElementById('wpforms-1598-field_15').setAttribute(\"type\", \"hidden\");document.getElementById('wpforms-1598-field_9').setAttribute(\"onchange\",\"changeQte();\");<\/script><br \/>\n<script>function changeQte(){if(document.getElementById('wpforms-1598-field_9').value == \"Information technique\") {document.getElementById('wpforms-1598-field_15').setAttribute('value','support@optimum-automotive.zendesk.com')}};<\/script><\/p>\n<\/div>\n<\/div>\n<\/div>","protected":false},"excerpt":{"rendered":"<p>Optimice la gesti\u00f3n de sus veh\u00edculos Presentes en 3 continentes y en m\u00e1s de 30 pa\u00edses, nuestros equipos est\u00e1n a su disposici\u00f3n para responder a sus preguntas y ayudarle a definir y aplicar un verdadero plan de optimizaci\u00f3n de la gesti\u00f3n de su flota de veh\u00edculos. Rellene el siguiente formulario para que podamos ponernos en contacto con usted.<\/p>","protected":false},"author":1,"featured_media":0,"parent":0,"menu_order":0,"comment_status":"closed","ping_status":"closed","template":"page-without-title.php","meta":{"_coblocks_attr":"","_coblocks_dimensions":"","_coblocks_responsive_height":"","_coblocks_accordion_ie_support":"","_uag_custom_page_level_css":"","footnotes":""},"class_list":["post-17","page","type-page","status-publish","hentry"],"uagb_featured_image_src":{"full":false,"thumbnail":false,"medium":false,"medium_large":false,"large":false,"1536x1536":false,"2048x2048":false,"trp-custom-language-flag":false},"uagb_author_info":{"display_name":"camaleon","author_link":"https:\/\/bu.optimum-automotive.com\/es\/author\/camaleon\/"},"uagb_comment_info":0,"uagb_excerpt":"Optimisez la gestion de vos v\u00e9hicules&nbsp;! Pr\u00e9sentes sur 3 continents et plus de&nbsp;30&nbsp;pays, nos \u00e9quipes sont \u00e0 votre disposition pour r\u00e9pondre \u00e0 vos questions et vous accompagner dans la d\u00e9finition et la mise en \u0153uvre d\u2019un v\u00e9ritable plan d\u2019optimisation de votre gestion de flotte automobile. Nous vous remercions de remplir le formulaire ci-contre afin que&hellip;","_links":{"self":[{"href":"https:\/\/bu.optimum-automotive.com\/es\/wp-json\/wp\/v2\/pages\/17","targetHints":{"allow":["GET"]}}],"collection":[{"href":"https:\/\/bu.optimum-automotive.com\/es\/wp-json\/wp\/v2\/pages"}],"about":[{"href":"https:\/\/bu.optimum-automotive.com\/es\/wp-json\/wp\/v2\/types\/page"}],"author":[{"embeddable":true,"href":"https:\/\/bu.optimum-automotive.com\/es\/wp-json\/wp\/v2\/users\/1"}],"replies":[{"embeddable":true,"href":"https:\/\/bu.optimum-automotive.com\/es\/wp-json\/wp\/v2\/comments?post=17"}],"version-history":[{"count":25,"href":"https:\/\/bu.optimum-automotive.com\/es\/wp-json\/wp\/v2\/pages\/17\/revisions"}],"predecessor-version":[{"id":2370,"href":"https:\/\/bu.optimum-automotive.com\/es\/wp-json\/wp\/v2\/pages\/17\/revisions\/2370"}],"wp:attachment":[{"href":"https:\/\/bu.optimum-automotive.com\/es\/wp-json\/wp\/v2\/media?parent=17"}],"curies":[{"name":"wp","href":"https:\/\/api.w.org\/{rel}","templated":true}]}}