{"id":2,"date":"2024-04-29T16:15:17","date_gmt":"2024-04-29T14:15:17","guid":{"rendered":"http:\/\/127.0.0.1\/site%20OA\/?page_id=2"},"modified":"2025-01-20T16:15:36","modified_gmt":"2025-01-20T15:15:36","slug":"data-center","status":"publish","type":"page","link":"https:\/\/bu.optimum-automotive.com\/es\/centro-de-datos\/","title":{"rendered":"CENTRO DE DATOS"},"content":{"rendered":"<div class=\"wp-block-uagb-container uagb-block-4902cace alignfull uagb-is-root-container\">\n<div class=\"wp-block-uagb-container uagb-block-ed203023\">\n<div class=\"wp-block-uagb-container uagb-block-546bac69\"><h1 class=\"mt-0 mb-0 wp-block-post-title\">CENTRO DE DATOS<\/h1>\n\n\n<h3 class=\"wp-block-heading mt-0\">Los datos en el centro de sus retos<\/h3>\n\n\n\n<p>La gesti\u00f3n de una flota de veh\u00edculos, y de la movilidad en general, depende sobre todo del control de los flujos de datos.<br>Para recopilar, analizar y sintetizar estos datos y sacarles el m\u00e1ximo partido mediante algoritmos inteligentes, OPTIMUM ha dise\u00f1ado un <em>CENTRO DE DATOS<\/em> de una riqueza \u00fanica.<\/p>\n<\/div>\n\n\n\n<div class=\"wp-block-uagb-container uagb-block-07dfa9d5\">\n<figure class=\"wp-block-image size-large has-lightbox\"><img loading=\"lazy\" decoding=\"async\" width=\"1024\" height=\"591\" src=\"https:\/\/bu.optimum-automotive.com\/wp-content\/uploads\/2025\/01\/DataHUB_ES.jpg\" alt=\"Centro de datos: flujo de datos\" class=\"wp-image-5295\" srcset=\"\" sizes=\"auto, (max-width: 1024px) 100vw, 1024px\" data-srcset=\"\" \/><\/figure>\n<\/div>\n<\/div>\n\n\n\n<div style=\"height:33px\" aria-hidden=\"true\" class=\"wp-block-spacer\"><\/div>\n<\/div>\n\n\n\n<p><\/p>\n\n\n\n<div class=\"wp-block-uagb-container uagb-block-d746d6b7 alignfull uagb-is-root-container\">\n<div class=\"wp-block-uagb-container uagb-block-420e44ad\">\n<div class=\"wp-block-uagb-container uag-hide-tab uag-hide-mob uagb-block-fe32cdd4\">\n<figure class=\"wp-block-image size-full is-resized\"><img loading=\"lazy\" decoding=\"async\" width=\"408\" height=\"401\" src=\"https:\/\/bu.optimum-automotive.com\/wp-content\/uploads\/2024\/12\/boitier_can.png\" alt=\"\" class=\"wp-image-4410\" style=\"width:400px\" srcset=\"https:\/\/bu.optimum-automotive.com\/wp-content\/uploads\/2024\/12\/boitier_can.png 408w, https:\/\/bu.optimum-automotive.com\/wp-content\/uploads\/2024\/12\/boitier_can-300x295.png 300w, https:\/\/bu.optimum-automotive.com\/wp-content\/uploads\/2024\/12\/boitier_can-12x12.png 12w\" sizes=\"auto, (max-width: 408px) 100vw, 408px\" \/><\/figure>\n<\/div>\n\n\n\n<div class=\"wp-block-uagb-container uagb-block-8040cdc4\">\n<div class=\"wp-block-uagb-container uagb-block-64b33d22\">\n<h3 class=\"wp-block-heading\">Datos del veh\u00edculo (CAN*)<\/h3>\n\n\n\n<p>Tanto si se trata de un cuadro del fabricante del veh\u00edculo** como de un cuadro de terceros (OEM), se recogen los datos b\u00e1sicos exactos: lecturas del cuentakil\u00f3metros, consumo de combustible, pr\u00f3ximos intervalos de mantenimiento, aver\u00edas y c\u00f3digos de fallo, etc.....<\/p>\n\n\n\n<p><small>* Red de \u00e1rea de controlador<\/small><br><small>** Optimum est\u00e1 certificado para acceder a los datos de las unidades de equipo original de Peugeot, Citro\u00ebn, DS Automobiles y Renault.<\/small><\/p>\n<\/div>\n<\/div>\n\n\n\n<div class=\"wp-block-uagb-container uag-hide-desktop uagb-block-9e34a2f6\">\n<figure class=\"wp-block-image size-full is-resized\"><img loading=\"lazy\" decoding=\"async\" width=\"408\" height=\"401\" src=\"https:\/\/bu.optimum-automotive.com\/wp-content\/uploads\/2024\/12\/boitier_can.png\" alt=\"\" class=\"wp-image-4410\" style=\"width:400px\" srcset=\"https:\/\/bu.optimum-automotive.com\/wp-content\/uploads\/2024\/12\/boitier_can.png 408w, https:\/\/bu.optimum-automotive.com\/wp-content\/uploads\/2024\/12\/boitier_can-300x295.png 300w, https:\/\/bu.optimum-automotive.com\/wp-content\/uploads\/2024\/12\/boitier_can-12x12.png 12w\" sizes=\"auto, (max-width: 408px) 100vw, 408px\" \/><\/figure>\n<\/div>\n<\/div>\n<\/div>\n\n\n\n<div class=\"wp-block-uagb-container uagb-block-1c7bd1aa alignfull uagb-is-root-container\">\n<div class=\"wp-block-uagb-container uagb-block-7d5a79dc\">\n<div class=\"wp-block-uagb-container uagb-block-ec0c1d6f\">\n<h3 class=\"wp-block-heading\">datos reglamentarios gesti\u00f3n de flotas<\/h3>\n\n\n\n<p>El DATA CENTRE tambi\u00e9n est\u00e1 conectado con las autoridades administrativas y los repositorios: SIV (fichero nacional de matriculaci\u00f3n de veh\u00edculos, que permite obtener informaci\u00f3n autom\u00e1tica sobre su flota en cuanto se integra), ANTAI (Agence Nationale de Traitement Automatis\u00e9 des Infractions - Agencia Nacional de Tratamiento Automatizado de las Infracciones), que automatiza la gesti\u00f3n de las infracciones.<\/p>\n<\/div>\n\n\n\n<div class=\"wp-block-uagb-container uagb-block-2841fdb1\"><div class=\"wp-block-image is-style-default\">\n<figure class=\"aligncenter size-full is-resized\"><img loading=\"lazy\" decoding=\"async\" width=\"277\" height=\"277\" src=\"https:\/\/bu.optimum-automotive.com\/wp-content\/uploads\/2024\/12\/datahub.png\" alt=\"\" class=\"wp-image-4411\" style=\"aspect-ratio:1;object-fit:cover;width:400px\" srcset=\"https:\/\/bu.optimum-automotive.com\/wp-content\/uploads\/2024\/12\/datahub.png 277w, https:\/\/bu.optimum-automotive.com\/wp-content\/uploads\/2024\/12\/datahub-150x150.png 150w, https:\/\/bu.optimum-automotive.com\/wp-content\/uploads\/2024\/12\/datahub-12x12.png 12w\" sizes=\"auto, (max-width: 277px) 100vw, 277px\" \/><\/figure><\/div><\/div>\n<\/div>\n<\/div>\n\n\n\n<div class=\"wp-block-uagb-container uagb-block-5c9e6289 alignfull uagb-is-root-container\">\n<div class=\"wp-block-uagb-container uagb-block-87333279\">\n<div class=\"wp-block-uagb-container uag-hide-tab uag-hide-mob uagb-block-54ec6a5e\">\n<figure class=\"wp-block-image size-full\"><img loading=\"lazy\" decoding=\"async\" width=\"397\" height=\"275\" src=\"https:\/\/bu.optimum-automotive.com\/wp-content\/uploads\/2024\/05\/referentiels-automotive.png\" alt=\"bases de datos y repositorios de automoci\u00f3n gesti\u00f3n de flotas\" class=\"wp-image-1122\" srcset=\"https:\/\/bu.optimum-automotive.com\/wp-content\/uploads\/2024\/05\/referentiels-automotive.png 397w, https:\/\/bu.optimum-automotive.com\/wp-content\/uploads\/2024\/05\/referentiels-automotive-300x208.png 300w\" sizes=\"auto, (max-width: 397px) 100vw, 397px\" \/><\/figure>\n<\/div>\n\n\n\n<div class=\"wp-block-uagb-container uagb-block-c1beca3d\">\n<div class=\"wp-block-uagb-container uagb-block-5dfa3c8d\">\n<h3 class=\"wp-block-heading\">Bases de datos y repositorios de automoci\u00f3n<\/h3>\n\n\n\n<p>La conexi\u00f3n a 2 fuentes de referencia en el mundo del autom\u00f3vil enriquece los datos de los veh\u00edculos y facilita las relaciones con terceros (empresas de alquiler, de mantenimiento, etc.): <strong>AUTOVISTA<\/strong> (cat\u00e1logo universal de veh\u00edculos, apertura a la configuraci\u00f3n de veh\u00edculos y gesti\u00f3n del cat\u00e1logo Car Policy), <strong>AUTODATA<\/strong> (planes de mantenimiento, plazos, seguimiento t\u00e9cnico de los veh\u00edculos).<\/p>\n<\/div>\n<\/div>\n\n\n\n<div class=\"wp-block-uagb-container uag-hide-desktop uagb-block-c6598103\">\n<figure class=\"wp-block-image size-full\"><img loading=\"lazy\" decoding=\"async\" width=\"397\" height=\"275\" src=\"https:\/\/bu.optimum-automotive.com\/wp-content\/uploads\/2024\/05\/referentiels-automotive.png\" alt=\"bases de datos y repositorios de automoci\u00f3n gesti\u00f3n de flotas\" class=\"wp-image-1122\" srcset=\"https:\/\/bu.optimum-automotive.com\/wp-content\/uploads\/2024\/05\/referentiels-automotive.png 397w, https:\/\/bu.optimum-automotive.com\/wp-content\/uploads\/2024\/05\/referentiels-automotive-300x208.png 300w\" sizes=\"auto, (max-width: 397px) 100vw, 397px\" \/><\/figure>\n<\/div>\n<\/div>\n<\/div>\n\n\n\n<div class=\"wp-block-uagb-container uagb-block-181dfeb4 alignfull uagb-is-root-container\">\n<div class=\"wp-block-uagb-container uagb-block-4a27dbb8\">\n<div class=\"wp-block-uagb-container uagb-block-97ba0079\">\n<h3 class=\"wp-block-heading\">Datos financieros y contractuales<\/h3>\n\n\n\n<p>El CENTRO DE DATOS recopila e integra los contratos y facturas de los distintos proveedores de la automoci\u00f3n (empresas de alquiler, de mantenimiento, proveedores de neum\u00e1ticos, tarjetas de combustible, etc.) a trav\u00e9s de API o transferencias de archivos. Esta recopilaci\u00f3n de datos y el tratamiento algor\u00edtmico asociado permiten un seguimiento \u00fanico instant\u00e1neo o evolutivo del TCO.<\/p>\n<\/div>\n\n\n\n<div class=\"wp-block-uagb-container uagb-block-20aa9554\"><div class=\"wp-block-image\">\n<figure class=\"aligncenter size-full is-resized\"><img loading=\"lazy\" decoding=\"async\" width=\"488\" height=\"492\" src=\"https:\/\/bu.optimum-automotive.com\/wp-content\/uploads\/2024\/12\/donnees-financieres.png\" alt=\"\" class=\"wp-image-4412\" style=\"width:400px\" srcset=\"https:\/\/bu.optimum-automotive.com\/wp-content\/uploads\/2024\/12\/donnees-financieres.png 488w, https:\/\/bu.optimum-automotive.com\/wp-content\/uploads\/2024\/12\/donnees-financieres-298x300.png 298w, https:\/\/bu.optimum-automotive.com\/wp-content\/uploads\/2024\/12\/donnees-financieres-150x150.png 150w, https:\/\/bu.optimum-automotive.com\/wp-content\/uploads\/2024\/12\/donnees-financieres-12x12.png 12w\" sizes=\"auto, (max-width: 488px) 100vw, 488px\" \/><\/figure><\/div><\/div>\n<\/div>\n<\/div>\n\n\n\n<div class=\"wp-block-uagb-container uagb-block-aef4d0cd alignfull uagb-is-root-container\">\n<div class=\"wp-block-uagb-container uagb-block-1909e206\">\n<div class=\"wp-block-uagb-container uag-hide-tab uag-hide-mob uagb-block-213cc113\">\n<figure class=\"wp-block-image size-full\"><img loading=\"lazy\" decoding=\"async\" width=\"404\" height=\"364\" src=\"https:\/\/bu.optimum-automotive.com\/wp-content\/uploads\/2024\/12\/geoloc-2.png\" alt=\"\" class=\"wp-image-4414\" srcset=\"https:\/\/bu.optimum-automotive.com\/wp-content\/uploads\/2024\/12\/geoloc-2.png 404w, https:\/\/bu.optimum-automotive.com\/wp-content\/uploads\/2024\/12\/geoloc-2-300x270.png 300w, https:\/\/bu.optimum-automotive.com\/wp-content\/uploads\/2024\/12\/geoloc-2-13x12.png 13w\" sizes=\"auto, (max-width: 404px) 100vw, 404px\" \/><\/figure>\n<\/div>\n\n\n\n<div class=\"wp-block-uagb-container uagb-block-44befd15\">\n<div class=\"wp-block-uagb-container uagb-block-0faac44e\">\n<h3 class=\"wp-block-heading\">Datos cartogr\u00e1ficos<\/h3>\n\n\n\n<p>Si la geolocalizaci\u00f3n est\u00e1 activada, se dispone de varios fondos de mapa (Carreteras, Tr\u00e1fico, Relieve, Nueva Movilidad, Streetview, etc.). El DATA CENTRE tambi\u00e9n permite acceder a diversos atributos del mapa: l\u00edmites de velocidad por tramo, geocodificaci\u00f3n precisa, etc.<\/p>\n\n\n\n<p>Los datos cartogr\u00e1ficos pueden obtenerse de diversos proveedores (OPEN STREET MAP, GOOGLE MAPS, etc.).<\/p>\n<\/div>\n<\/div>\n\n\n\n<div class=\"wp-block-uagb-container uag-hide-desktop uagb-block-0421ee40\">\n<figure class=\"wp-block-image size-full\"><img loading=\"lazy\" decoding=\"async\" width=\"404\" height=\"364\" src=\"https:\/\/bu.optimum-automotive.com\/wp-content\/uploads\/2024\/12\/geoloc-1.png\" alt=\"\" class=\"wp-image-4413\" srcset=\"https:\/\/bu.optimum-automotive.com\/wp-content\/uploads\/2024\/12\/geoloc-1.png 404w, https:\/\/bu.optimum-automotive.com\/wp-content\/uploads\/2024\/12\/geoloc-1-300x270.png 300w, https:\/\/bu.optimum-automotive.com\/wp-content\/uploads\/2024\/12\/geoloc-1-13x12.png 13w\" sizes=\"auto, (max-width: 404px) 100vw, 404px\" \/><\/figure>\n<\/div>\n<\/div>\n<\/div>\n\n\n\n<div class=\"wp-block-uagb-container uagb-block-8fddc9b1 alignfull uagb-is-root-container\">\n<div class=\"wp-block-uagb-container uagb-block-6dd76077\">\n<div class=\"wp-block-uagb-container uagb-block-66d4bfef\">\n<h3 class=\"wp-block-heading\">Datos del conductor<\/h3>\n\n\n\n<p>El DATA CENTRE recoge una amplia gama de datos relacionados con el conductor: comportamiento detallado de conducci\u00f3n y seguridad, identificaci\u00f3n multidispositivo. Adem\u00e1s, el DATA CENTRE gestiona los flujos de intercambio de datos con los conductores: env\u00edo\/recepci\u00f3n de misiones, recogida de datos de campo, mensajer\u00eda privada y p\u00fablica.<\/p>\n<\/div>\n\n\n\n<div class=\"wp-block-uagb-container uagb-block-a36e4668\"><div class=\"wp-block-image\">\n<figure class=\"aligncenter size-full is-resized\"><img loading=\"lazy\" decoding=\"async\" width=\"488\" height=\"492\" src=\"https:\/\/bu.optimum-automotive.com\/wp-content\/uploads\/2024\/12\/donnees-conducteurs.png\" alt=\"\" class=\"wp-image-4415\" style=\"width:400px\" srcset=\"https:\/\/bu.optimum-automotive.com\/wp-content\/uploads\/2024\/12\/donnees-conducteurs.png 488w, https:\/\/bu.optimum-automotive.com\/wp-content\/uploads\/2024\/12\/donnees-conducteurs-298x300.png 298w, https:\/\/bu.optimum-automotive.com\/wp-content\/uploads\/2024\/12\/donnees-conducteurs-150x150.png 150w, https:\/\/bu.optimum-automotive.com\/wp-content\/uploads\/2024\/12\/donnees-conducteurs-12x12.png 12w\" sizes=\"auto, (max-width: 488px) 100vw, 488px\" \/><\/figure><\/div><\/div>\n<\/div>\n<\/div>\n\n\n\n<div class=\"wp-block-uagb-container uagb-block-9faae6b7 alignfull uagb-is-root-container\">\n<div class=\"wp-block-uagb-container uagb-block-51e47216\">\n<div class=\"wp-block-uagb-container uag-hide-tab uag-hide-mob uagb-block-147f5efe\">\n<figure class=\"wp-block-image size-full\"><img loading=\"lazy\" decoding=\"async\" width=\"476\" height=\"289\" src=\"https:\/\/bu.optimum-automotive.com\/wp-content\/uploads\/2024\/05\/datahub-1.jpg\" alt=\"CENTRO DE DATOS gesti\u00f3n de flotas de datos\" class=\"wp-image-1128\" srcset=\"https:\/\/bu.optimum-automotive.com\/wp-content\/uploads\/2024\/05\/datahub-1.jpg 476w, https:\/\/bu.optimum-automotive.com\/wp-content\/uploads\/2024\/05\/datahub-1-300x182.jpg 300w\" sizes=\"auto, (max-width: 476px) 100vw, 476px\" \/><\/figure>\n<\/div>\n\n\n\n<div class=\"wp-block-uagb-container uagb-block-dec35809\">\n<div class=\"wp-block-uagb-container uagb-block-34320131\">\n<h3 class=\"wp-block-heading\">Otros datos del CENTRO DE DATOS<\/h3>\n\n\n\n<p>El CENTRO DE DATOS tambi\u00e9n recoge y explota datos adicionales con el objetivo de enriquecer los algoritmos de tratamiento y ofrecer soluciones pertinentes a los conductores en movimiento (estaciones de servicio o de recarga, aparcamientos, etc.).<\/p>\n<\/div>\n<\/div>\n\n\n\n<div class=\"wp-block-uagb-container uag-hide-desktop uagb-block-2bd01b01\">\n<figure class=\"wp-block-image size-full\"><img loading=\"lazy\" decoding=\"async\" width=\"476\" height=\"289\" src=\"https:\/\/bu.optimum-automotive.com\/wp-content\/uploads\/2024\/05\/datahub-1.jpg\" alt=\"CENTRO DE DATOS gesti\u00f3n de flotas de datos\" class=\"wp-image-1128\" srcset=\"https:\/\/bu.optimum-automotive.com\/wp-content\/uploads\/2024\/05\/datahub-1.jpg 476w, https:\/\/bu.optimum-automotive.com\/wp-content\/uploads\/2024\/05\/datahub-1-300x182.jpg 300w\" sizes=\"auto, (max-width: 476px) 100vw, 476px\" \/><\/figure>\n<\/div>\n<\/div>\n<\/div>\n\n\n\n<div class=\"wp-block-uagb-container uagb-block-df633af8 alignfull uagb-is-root-container\">\n<div class=\"wp-block-uagb-container uagb-block-bf4cb563\">\n<div class=\"wp-block-uagb-container uagb-block-a6ee5552\">\n<h3 class=\"wp-block-heading has-text-color has-link-color wp-elements-aff499c85e42cda12c6308457c5a4617\" style=\"color:#ffffff\">Funcionamiento del CENTRO DE DATOS<\/h3>\n\n\n\n<p class=\"has-text-color has-link-color wp-elements-77d8c291b4702b70f5947ee0ab449b78\" style=\"color:#ffffff\">Los datos excepcionalmente ricos recogidos en el CENTRO DE DATOS alimentan los cuadros de mando y los centros de asesoramiento y operaciones.<\/p>\n\n\n\n<p class=\"has-text-color has-link-color wp-elements-d4b168846a2cccf71a2f755ce9a27e33\" style=\"color:#ffffff\">Los algoritmos desarrollados por OPTIMUM proporcionan los datos que los gestores necesitan para tomar las decisiones adecuadas en el momento oportuno.<\/p>\n\n\n\n<p class=\"has-text-color has-link-color wp-elements-7d62f79c6f565d915dadef097c81786e\" style=\"color:#ffffff\">Ya se trate de optimizar los costes, los desplazamientos o la calidad del servicio, nuestros algoritmos de an\u00e1lisis de datos y nuestro centro de asesoramiento aportan beneficios reales y cuantificables a todos los departamentos.<\/p>\n<\/div>\n\n\n\n<div class=\"wp-block-uagb-container uagb-block-b0e75649\">\n<figure class=\"wp-block-image size-full mt-0 mb-0 uag-hide-mob\"><img loading=\"lazy\" decoding=\"async\" width=\"602\" height=\"345\" src=\"https:\/\/bu.optimum-automotive.com\/wp-content\/uploads\/2024\/05\/algorithmes-datahub.png\" alt=\"Operaciones del CENTRO DE DATOS Gesti\u00f3n de activos\" class=\"wp-image-1132\" srcset=\"https:\/\/bu.optimum-automotive.com\/wp-content\/uploads\/2024\/05\/algorithmes-datahub.png 602w, https:\/\/bu.optimum-automotive.com\/wp-content\/uploads\/2024\/05\/algorithmes-datahub-300x172.png 300w\" sizes=\"auto, (max-width: 602px) 100vw, 602px\" \/><\/figure>\n<\/div>\n<\/div>\n<\/div>","protected":false},"excerpt":{"rendered":"<p>La data au c\u0153ur de vos enjeux La gestion d\u2019un parc automobile et, plus largement la mobilit\u00e9, reposent avant tout sur la ma\u00eetrise des flux de donn\u00e9es.Afin de collecter, analyser, synth\u00e9tiser ces donn\u00e9es et d\u2019en tirer le maximum de b\u00e9n\u00e9fices gr\u00e2ce \u00e0 des algorithmes intelligents, OPTIMUM a con\u00e7u un DATA CENTRE d\u2019une richesse unique. Les [&hellip;]<\/p>","protected":false},"author":1,"featured_media":0,"parent":0,"menu_order":0,"comment_status":"closed","ping_status":"open","template":"page-without-title.php","meta":{"_coblocks_attr":"","_coblocks_dimensions":"","_coblocks_responsive_height":"","_coblocks_accordion_ie_support":"","_uag_custom_page_level_css":"","footnotes":""},"class_list":["post-2","page","type-page","status-publish","hentry"],"uagb_featured_image_src":{"full":false,"thumbnail":false,"medium":false,"medium_large":false,"large":false,"1536x1536":false,"2048x2048":false,"trp-custom-language-flag":false},"uagb_author_info":{"display_name":"camaleon","author_link":"https:\/\/bu.optimum-automotive.com\/es\/author\/camaleon\/"},"uagb_comment_info":0,"uagb_excerpt":"La data au c\u0153ur de vos enjeux La gestion d\u2019un parc automobile et, plus largement la mobilit\u00e9, reposent avant tout sur la ma\u00eetrise des flux de donn\u00e9es.Afin de collecter, analyser, synth\u00e9tiser ces donn\u00e9es et d\u2019en tirer le maximum de b\u00e9n\u00e9fices gr\u00e2ce \u00e0 des algorithmes intelligents, OPTIMUM a con\u00e7u un DATA CENTRE d\u2019une richesse unique. Les&hellip;","_links":{"self":[{"href":"https:\/\/bu.optimum-automotive.com\/es\/wp-json\/wp\/v2\/pages\/2","targetHints":{"allow":["GET"]}}],"collection":[{"href":"https:\/\/bu.optimum-automotive.com\/es\/wp-json\/wp\/v2\/pages"}],"about":[{"href":"https:\/\/bu.optimum-automotive.com\/es\/wp-json\/wp\/v2\/types\/page"}],"author":[{"embeddable":true,"href":"https:\/\/bu.optimum-automotive.com\/es\/wp-json\/wp\/v2\/users\/1"}],"replies":[{"embeddable":true,"href":"https:\/\/bu.optimum-automotive.com\/es\/wp-json\/wp\/v2\/comments?post=2"}],"version-history":[{"count":132,"href":"https:\/\/bu.optimum-automotive.com\/es\/wp-json\/wp\/v2\/pages\/2\/revisions"}],"predecessor-version":[{"id":5327,"href":"https:\/\/bu.optimum-automotive.com\/es\/wp-json\/wp\/v2\/pages\/2\/revisions\/5327"}],"wp:attachment":[{"href":"https:\/\/bu.optimum-automotive.com\/es\/wp-json\/wp\/v2\/media?parent=2"}],"curies":[{"name":"wp","href":"https:\/\/api.w.org\/{rel}","templated":true}]}}