{"id":7,"date":"2024-04-30T10:44:57","date_gmt":"2024-04-30T08:44:57","guid":{"rendered":"http:\/\/127.0.0.1\/site%20OA\/?page_id=7"},"modified":"2025-01-16T16:08:15","modified_gmt":"2025-01-16T15:08:15","slug":"pour-les-tpe-pme","status":"publish","type":"page","link":"https:\/\/bu.optimum-automotive.com\/es\/para-pequenas-empresas\/","title":{"rendered":"Para empresas muy peque\u00f1as"},"content":{"rendered":"<div class=\"wp-block-uagb-container uagb-block-3e0fff77 alignfull uagb-is-root-container\"><div class=\"uagb-container-inner-blocks-wrap\">\n<div class=\"wp-block-uagb-container uagb-block-ad60e79b\">\n<h1 class=\"wp-block-heading mt-0 mb-0\">Para empresas muy peque\u00f1as<\/h1>\n\n\n\n<p>Los veh\u00edculos son esenciales para su negocio, y usted quiere sacarles el m\u00e1ximo partido. <strong>controlar y optimizar las operaciones <\/strong>para :<\/p>\n\n\n\n<ul class=\"wp-block-list\">\n<li><strong>Desarrolle su productividad<\/strong><\/li>\n\n\n\n<li><strong>Optimizar la calidad del servicio<\/strong><\/li>\n\n\n\n<li><strong>Reducir costes<\/strong><\/li>\n\n\n\n<li><strong>Simplificar la gesti\u00f3n y las tareas administrativas<\/strong><\/li>\n\n\n\n<li><strong>Asegurar veh\u00edculos, mercanc\u00edas y conductores<\/strong><\/li>\n\n\n\n<li><strong>Prevenir el riesgo vial<\/strong><\/li>\n<\/ul>\n<\/div>\n\n\n\n<div class=\"wp-block-uagb-container uagb-block-eb52fec0\">\n<div style=\"height:5px\" aria-hidden=\"true\" class=\"wp-block-spacer\"><\/div>\n\n\n\n<div class=\"lyte-wrapper\" style=\"width:560px;max-width:100%;margin:5px;\"><div class=\"lyMe\" id=\"WYL_KqUK7mLzRUk\"><div id=\"lyte_KqUK7mLzRUk\" data-src=\"https:\/\/bu.optimum-automotive.com\/wp-content\/plugins\/wp-youtube-lyte\/lyteCache.php?origThumbUrl=%2F%2Fi.ytimg.com%2Fvi%2FKqUK7mLzRUk%2Fhqdefault.jpg\" class=\"pL\"><div class=\"tC\"><div class=\"tT\"><\/div><\/div><div class=\"play\"><\/div><div class=\"ctrl\"><div class=\"Lctrl\"><\/div><div class=\"Rctrl\"><\/div><\/div><\/div><noscript><a href=\"https:\/\/youtu.be\/KqUK7mLzRUk\" rel=\"nofollow\"><img loading=\"lazy\" decoding=\"async\" src=\"https:\/\/bu.optimum-automotive.com\/wp-content\/plugins\/wp-youtube-lyte\/lyteCache.php?origThumbUrl=https%3A%2F%2Fi.ytimg.com%2Fvi%2FKqUK7mLzRUk%2F0.jpg\" alt=\"\" width=\"560\" height=\"295\" \/><br \/>Vea este v\u00eddeo en YouTube<\/a><\/noscript><\/div><\/div><div class=\"lL\" style=\"max-width:100%;width:560px;margin:5px;\"><\/div>\n\n\n\n<div class=\"wp-block-buttons is-content-justification-center is-layout-flex wp-container-core-buttons-is-layout-1 wp-block-buttons-is-layout-flex\">\n<div class=\"wp-block-button\"><a class=\"wp-block-button__link has-blue-background-color has-background wp-element-button\" href=\"https:\/\/bu.optimum-automotive.com\/es\/demo\/\">Solicitar una demostraci\u00f3n<\/a><\/div>\n\n\n\n<div class=\"wp-block-button\"><a class=\"wp-block-button__link has-background wp-element-button\" href=\"https:\/\/bu.optimum-automotive.com\/es\/pongase-en-contacto-con\/\" style=\"background-color:#0d416a\">P\u00f3ngase en contacto con nosotros<\/a><\/div>\n<\/div>\n<\/div>\n<\/div><\/div>\n\n\n\n<div style=\"height:50px\" aria-hidden=\"true\" class=\"wp-block-spacer\"><\/div>\n\n\n\n<div class=\"wp-block-uagb-container uagb-block-d2d3c577 alignfull uagb-is-root-container\">\n<h2 class=\"wp-block-heading has-text-align-center\"><strong><strong>Nuestra gama de servicios conectados <\/strong><\/strong><br><strong><strong>\u00a1para ayudarle a alcanzar sus objetivos r\u00e1pidamente!<\/strong><\/strong><\/h2>\n\n\n\n<div class=\"wp-block-uagb-container uagb-block-fa30886b alignfull uagb-is-root-container\"><div class=\"uagb-container-inner-blocks-wrap\">\n<div class=\"wp-block-uagb-container uagb-block-85d4ad23\">\n<div class=\"wp-block-uagb-container uagb-block-5186513a\"><div class=\"wp-block-image\">\n<figure class=\"aligncenter size-full is-resized\"><img loading=\"lazy\" decoding=\"async\" width=\"450\" height=\"398\" src=\"https:\/\/bu.optimum-automotive.com\/wp-content\/uploads\/2024\/12\/solution-de-gestion-Optimum-Automotive.png\" alt=\"\" class=\"wp-image-4424\" style=\"width:450px\" srcset=\"https:\/\/bu.optimum-automotive.com\/wp-content\/uploads\/2024\/12\/solution-de-gestion-Optimum-Automotive.png 450w, https:\/\/bu.optimum-automotive.com\/wp-content\/uploads\/2024\/12\/solution-de-gestion-Optimum-Automotive-300x265.png 300w, https:\/\/bu.optimum-automotive.com\/wp-content\/uploads\/2024\/12\/solution-de-gestion-Optimum-Automotive-14x12.png 14w\" sizes=\"auto, (max-width: 450px) 100vw, 450px\" \/><\/figure><\/div>\n\n\n<div class=\"wp-block-uagb-container uagb-block-36df7aa8\">\n<div class=\"wp-block-uagb-container uagb-block-c3031dc7\">\n<p>Accesible 24\/7 desde cualquier terminal, la soluci\u00f3n de gesti\u00f3n Optimum re\u00fane todos los servicios que necesita:<\/p>\n\n\n\n<ul class=\"wp-block-list\">\n<ul class=\"wp-block-list\">\n<li><a href=\"#geolocalisation\"><strong>Geolocalizaci\u00f3n<\/strong><\/a><\/li>\n\n\n\n<li><a href=\"#missions\"><strong>Gesti\u00f3n de misiones<\/strong><\/a><\/li>\n\n\n\n<li><a data-type=\"internal\" data-id=\"#ecoconduite\" href=\"#ecoconduite\"><strong>An\u00e1lisis de la conducci\u00f3n<\/strong><\/a><\/li>\n\n\n\n<li><a href=\"#protection\"><strong>Protecci\u00f3n <\/strong><\/a><\/li>\n\n\n\n<li><a href=\"#antai\"><strong>Gesti\u00f3n de multas<\/strong><\/a><\/li>\n\n\n\n<li><a href=\"#rapports\"><strong>Informes, alertas y centro de asesoramiento<\/strong><\/a><\/li>\n\n\n\n<li><a href=\"#applications\"><strong>Aplicaciones m\u00f3viles para conductores y directivos<\/strong><\/a><\/li>\n\n\n\n<li><a data-type=\"internal\" data-id=\"#loin\" href=\"#loin\"><strong>Y mucho m\u00e1s<\/strong><\/a>&#8230;<\/li>\n<\/ul>\n<\/ul>\n<\/div>\n\n\n\n<div class=\"wp-block-buttons is-content-justification-left is-layout-flex wp-container-core-buttons-is-layout-2 wp-block-buttons-is-layout-flex\">\n<div class=\"wp-block-button\"><a class=\"wp-block-button__link has-blue-background-color has-background wp-element-button\" href=\"https:\/\/bu.optimum-automotive.com\/es\/demo\/\">Solicitar una demostraci\u00f3n<\/a><\/div>\n<\/div>\n<\/div>\n<\/div>\n<\/div>\n<\/div><\/div>\n<\/div>\n\n\n\n<div class=\"wp-block-uagb-container uagb-block-ecdc0c83 alignfull uagb-is-root-container\">\n<div class=\"wp-block-uagb-container uagb-block-4956055a\">\n<div class=\"wp-block-uagb-container uagb-block-0050d6b7 alignfull uagb-is-root-container\"><div class=\"uagb-container-inner-blocks-wrap\">\n<div class=\"wp-block-uagb-container uagb-block-08dc6aad\">\n<h2 class=\"wp-block-heading mb-0\" id=\"geolocalisation\">GEOLOCACI\u00d3N<\/h2>\n\n\n\n<h3 class=\"wp-block-heading mt-0\">Perfecta visibilidad de la actividad sobre el terreno<\/h3>\n\n\n\n<p>Geolocalizaci\u00f3n en tiempo real de sus veh\u00edculos, historial de trayectos, identificaci\u00f3n de conductores, optimizaci\u00f3n de rutas, b\u00fasqueda por proximidad, alertas instant\u00e1neas de movimientos an\u00f3malos o no autorizados, informes multicriterio personalizables...<\/p>\n\n\n\n<p><strong>Gracias a la geolocalizaci\u00f3n, \u00a1no se le escapa nada! Tendr\u00e1 una visibilidad perfecta de la actividad de sus veh\u00edculos y conductores, para que pueda aumentar su productividad y eliminar los desplazamientos innecesarios.<\/strong><\/p>\n\n\n\n<div class=\"wp-block-buttons is-content-justification-left is-layout-flex wp-container-core-buttons-is-layout-3 wp-block-buttons-is-layout-flex\">\n<div class=\"wp-block-button\"><a class=\"wp-block-button__link has-blue-background-color has-background wp-element-button\" href=\"https:\/\/bu.optimum-automotive.com\/es\/demo\/\">Solicitar una demostraci\u00f3n<\/a><\/div>\n<\/div>\n<\/div>\n\n\n\n<div class=\"wp-block-uagb-container uagb-block-c795e4d0\"><div class=\"wp-block-image\">\n<figure class=\"aligncenter size-full\"><img loading=\"lazy\" decoding=\"async\" width=\"429\" height=\"410\" src=\"https:\/\/bu.optimum-automotive.com\/wp-content\/uploads\/2024\/12\/geolocalisation_vehicules.png\" alt=\"\" class=\"wp-image-4426\" srcset=\"https:\/\/bu.optimum-automotive.com\/wp-content\/uploads\/2024\/12\/geolocalisation_vehicules.png 429w, https:\/\/bu.optimum-automotive.com\/wp-content\/uploads\/2024\/12\/geolocalisation_vehicules-300x287.png 300w, https:\/\/bu.optimum-automotive.com\/wp-content\/uploads\/2024\/12\/geolocalisation_vehicules-13x12.png 13w\" sizes=\"auto, (max-width: 429px) 100vw, 429px\" \/><\/figure><\/div><\/div>\n<\/div><\/div>\n<\/div>\n<\/div>\n\n\n\n<div class=\"wp-block-uagb-container uagb-block-5c9e6289 alignfull uagb-is-root-container\">\n<div class=\"wp-block-uagb-container uagb-block-87333279\">\n<div class=\"wp-block-uagb-container uag-hide-tab uag-hide-mob uagb-block-54ec6a5e\"><div class=\"wp-block-image\">\n<figure class=\"aligncenter size-full\"><img loading=\"lazy\" decoding=\"async\" width=\"523\" height=\"482\" src=\"https:\/\/bu.optimum-automotive.com\/wp-content\/uploads\/2024\/12\/arton15.png\" alt=\"\" class=\"wp-image-4427\" srcset=\"https:\/\/bu.optimum-automotive.com\/wp-content\/uploads\/2024\/12\/arton15.png 523w, https:\/\/bu.optimum-automotive.com\/wp-content\/uploads\/2024\/12\/arton15-300x276.png 300w, https:\/\/bu.optimum-automotive.com\/wp-content\/uploads\/2024\/12\/arton15-13x12.png 13w\" sizes=\"auto, (max-width: 523px) 100vw, 523px\" \/><\/figure><\/div><\/div>\n\n\n\n<div class=\"wp-block-uagb-container uagb-block-c1beca3d\">\n<div class=\"wp-block-uagb-container uagb-block-5dfa3c8d\">\n<h2 class=\"wp-block-heading mb-0\" id=\"missions\">MISIONES<\/h2>\n\n\n\n<h3 class=\"wp-block-heading mt-0\">M\u00e1s capacidad de respuesta, m\u00e1s productividad, m\u00e1s rentabilidad<\/h3>\n\n\n\n<p>Transmisi\u00f3n de asignaciones en tiempo real, gesti\u00f3n de horarios justo a tiempo o programada, firma sin papel, toma de fotograf\u00edas, generaci\u00f3n de informes en tiempo real directamente desde la aplicaci\u00f3n m\u00f3vil de sus operarios...<\/p>\n\n\n\n<p><strong>La soluci\u00f3n de gesti\u00f3n de asignaciones le permite gestionar con precisi\u00f3n su actividad y lograr considerables ganancias de productividad al tiempo que reduce sus costes.<\/strong><\/p>\n\n\n\n<div class=\"wp-block-buttons is-content-justification-left is-layout-flex wp-container-core-buttons-is-layout-4 wp-block-buttons-is-layout-flex\">\n<div class=\"wp-block-button\"><a class=\"wp-block-button__link has-blue-background-color has-background wp-element-button\" href=\"https:\/\/bu.optimum-automotive.com\/es\/demo\/\">Solicitar una demostraci\u00f3n<\/a><\/div>\n<\/div>\n<\/div>\n<\/div>\n\n\n\n<div class=\"wp-block-uagb-container uag-hide-desktop uagb-block-98612be1\"><div class=\"wp-block-image\">\n<figure class=\"aligncenter size-full\"><img loading=\"lazy\" decoding=\"async\" width=\"523\" height=\"482\" src=\"https:\/\/bu.optimum-automotive.com\/wp-content\/uploads\/2024\/12\/arton15-1.png\" alt=\"\" class=\"wp-image-4428\" srcset=\"https:\/\/bu.optimum-automotive.com\/wp-content\/uploads\/2024\/12\/arton15-1.png 523w, https:\/\/bu.optimum-automotive.com\/wp-content\/uploads\/2024\/12\/arton15-1-300x276.png 300w, https:\/\/bu.optimum-automotive.com\/wp-content\/uploads\/2024\/12\/arton15-1-13x12.png 13w\" sizes=\"auto, (max-width: 523px) 100vw, 523px\" \/><\/figure><\/div><\/div>\n<\/div>\n<\/div>\n\n\n\n<div class=\"wp-block-uagb-container uagb-block-195de0ad alignfull uagb-is-root-container\">\n<div class=\"wp-block-uagb-container uagb-block-97388bdc\">\n<div class=\"wp-block-uagb-container uagb-block-5b082e78 alignfull uagb-is-root-container\"><div class=\"uagb-container-inner-blocks-wrap\">\n<div class=\"wp-block-uagb-container uagb-block-ed9c1e88\">\n<h2 class=\"wp-block-heading mb-0\" id=\"ecoconduite\">ECOCONDUIDAD<\/h2>\n\n\n\n<h3 class=\"wp-block-heading mt-0\">La prevenci\u00f3n de riesgos viales como prioridad<\/h3>\n\n\n\n<p>An\u00e1lisis continuo del comportamiento de sus conductores (curvas, frenazos, aceleraciones), identificaci\u00f3n de comportamientos de riesgo que requieran una acci\u00f3n de eco-prevenci\u00f3n, herramientas de incentivaci\u00f3n para que su acci\u00f3n sea sostenible. Nuestro servicio le ofrece todas las herramientas que necesita para proteger a su personal y el medio ambiente.<\/p>\n\n\n\n<p><strong>Dado que la prevenci\u00f3n de riesgos viales es una necesidad absoluta, la aplicaci\u00f3n permite reducir el n\u00famero de accidentes y proteger la responsabilidad del director de la empresa.<\/strong><\/p>\n\n\n\n<div class=\"wp-block-buttons is-content-justification-left is-layout-flex wp-container-core-buttons-is-layout-5 wp-block-buttons-is-layout-flex\">\n<div class=\"wp-block-button\"><a class=\"wp-block-button__link has-blue-background-color has-background wp-element-button\" href=\"https:\/\/bu.optimum-automotive.com\/es\/demo\/\">Solicitar una demostraci\u00f3n<\/a><\/div>\n<\/div>\n<\/div>\n\n\n\n<div class=\"wp-block-uagb-container uagb-block-16d6fac7\"><div class=\"wp-block-image\">\n<figure class=\"aligncenter size-full\"><img loading=\"lazy\" decoding=\"async\" width=\"471\" height=\"430\" src=\"https:\/\/bu.optimum-automotive.com\/wp-content\/uploads\/2024\/05\/arton16.png\" alt=\"aplicaci\u00f3n de conducci\u00f3n ecol\u00f3gica\" class=\"wp-image-283\" srcset=\"https:\/\/bu.optimum-automotive.com\/wp-content\/uploads\/2024\/05\/arton16.png 471w, https:\/\/bu.optimum-automotive.com\/wp-content\/uploads\/2024\/05\/arton16-300x274.png 300w\" sizes=\"auto, (max-width: 471px) 100vw, 471px\" \/><\/figure><\/div><\/div>\n<\/div><\/div>\n<\/div>\n<\/div>\n\n\n\n<div class=\"wp-block-uagb-container uagb-block-ee352d34 alignfull uagb-is-root-container\">\n<div class=\"wp-block-uagb-container uagb-block-3e6abde1\">\n<div class=\"wp-block-uagb-container uag-hide-tab uag-hide-mob uagb-block-aef715fc\"><div class=\"wp-block-image\">\n<figure class=\"aligncenter size-full is-resized\"><img loading=\"lazy\" decoding=\"async\" width=\"488\" height=\"492\" src=\"https:\/\/bu.optimum-automotive.com\/wp-content\/uploads\/2024\/12\/protection_vehicules.png\" alt=\"\" class=\"wp-image-4429\" style=\"width:350px\" srcset=\"https:\/\/bu.optimum-automotive.com\/wp-content\/uploads\/2024\/12\/protection_vehicules.png 488w, https:\/\/bu.optimum-automotive.com\/wp-content\/uploads\/2024\/12\/protection_vehicules-298x300.png 298w, https:\/\/bu.optimum-automotive.com\/wp-content\/uploads\/2024\/12\/protection_vehicules-150x150.png 150w, https:\/\/bu.optimum-automotive.com\/wp-content\/uploads\/2024\/12\/protection_vehicules-12x12.png 12w\" sizes=\"auto, (max-width: 488px) 100vw, 488px\" \/><\/figure><\/div><\/div>\n\n\n\n<div class=\"wp-block-uagb-container uagb-block-d77c4e6b\">\n<div class=\"wp-block-uagb-container uagb-block-b8985800\">\n<h2 class=\"wp-block-heading mb-0\" id=\"protection\">PROTECCI\u00d3N<\/h2>\n\n\n\n<h3 class=\"wp-block-heading mt-0\">Tan pronto robado como encontrado<\/h3>\n\n\n\n<p>Protecci\u00f3n del veh\u00edculo con s\u00f3lo pulsar un bot\u00f3n de la aplicaci\u00f3n m\u00f3vil, alertas instant\u00e1neas (conductor\/gestor) en caso de movimiento no autorizado, geolocalizaci\u00f3n e inmovilizaci\u00f3n a distancia del veh\u00edculo...<\/p>\n\n\n\n<p><strong>El servicio Protection le permite asegurar eficazmente sus veh\u00edculos y las mercanc\u00edas\/equipos transportados. Al ser informado de inmediato, puede tomar medidas inmediatas con la ayuda de la polic\u00eda.<\/strong><\/p>\n\n\n\n<div class=\"wp-block-buttons is-content-justification-left is-layout-flex wp-container-core-buttons-is-layout-6 wp-block-buttons-is-layout-flex\">\n<div class=\"wp-block-button\"><a class=\"wp-block-button__link has-blue-background-color has-background wp-element-button\" href=\"https:\/\/bu.optimum-automotive.com\/es\/demo\/\">Solicitar una demostraci\u00f3n<\/a><\/div>\n<\/div>\n<\/div>\n<\/div>\n\n\n\n<div class=\"wp-block-uagb-container uag-hide-desktop uagb-block-e0c155b3\"><div class=\"wp-block-image\">\n<figure class=\"aligncenter size-full is-resized\"><img loading=\"lazy\" decoding=\"async\" width=\"488\" height=\"492\" src=\"https:\/\/bu.optimum-automotive.com\/wp-content\/uploads\/2024\/12\/protection_vehicules-1.png\" alt=\"\" class=\"wp-image-4430\" style=\"width:350px\" srcset=\"https:\/\/bu.optimum-automotive.com\/wp-content\/uploads\/2024\/12\/protection_vehicules-1.png 488w, https:\/\/bu.optimum-automotive.com\/wp-content\/uploads\/2024\/12\/protection_vehicules-1-298x300.png 298w, https:\/\/bu.optimum-automotive.com\/wp-content\/uploads\/2024\/12\/protection_vehicules-1-150x150.png 150w, https:\/\/bu.optimum-automotive.com\/wp-content\/uploads\/2024\/12\/protection_vehicules-1-12x12.png 12w\" sizes=\"auto, (max-width: 488px) 100vw, 488px\" \/><\/figure><\/div><\/div>\n<\/div>\n<\/div>\n\n\n\n<div class=\"wp-block-uagb-container uagb-block-3b283131 alignfull uagb-is-root-container\">\n<div class=\"wp-block-uagb-container uagb-block-8699635e\">\n<div class=\"wp-block-uagb-container uagb-block-900f7504 alignfull uagb-is-root-container\"><div class=\"uagb-container-inner-blocks-wrap\">\n<div class=\"wp-block-uagb-container uagb-block-2a70f34f\">\n<h2 class=\"wp-block-heading mb-0\" id=\"antai\">ANTAI<\/h2>\n\n\n\n<h3 class=\"wp-block-heading mt-0\">Gesti\u00f3n rigurosa de las infracciones<\/h3>\n\n\n\n<p>La plataforma est\u00e1 conectada directamente con ANTAI (Agence Nationale de Traitement Automatis\u00e9 des Infractions). ANTAI env\u00eda diariamente a la plataforma solicitudes de designaci\u00f3n de infracciones, y el gestor dispone de 45 d\u00edas para responder (designaci\u00f3n u otra respuesta predefinida). Transcurrido este plazo, se enviar\u00e1 a la empresa una multa en papel.<\/p>\n\n\n\n<p><strong>Gestione las infracciones de sus empleados de forma sencilla y en tiempo real.<\/strong><\/p>\n\n\n\n<div class=\"wp-block-buttons is-content-justification-left is-layout-flex wp-container-core-buttons-is-layout-7 wp-block-buttons-is-layout-flex\">\n<div class=\"wp-block-button\"><a class=\"wp-block-button__link has-blue-background-color has-background wp-element-button\" href=\"https:\/\/bu.optimum-automotive.com\/es\/demo\/\">Solicitar una demostraci\u00f3n<\/a><\/div>\n<\/div>\n<\/div>\n\n\n\n<div class=\"wp-block-uagb-container uagb-block-66fc43cc\"><div class=\"wp-block-image\">\n<figure class=\"aligncenter size-full\"><img loading=\"lazy\" decoding=\"async\" width=\"429\" height=\"410\" src=\"https:\/\/bu.optimum-automotive.com\/wp-content\/uploads\/2024\/12\/ANTAI_vehicules.png\" alt=\"\" class=\"wp-image-4431\" srcset=\"https:\/\/bu.optimum-automotive.com\/wp-content\/uploads\/2024\/12\/ANTAI_vehicules.png 429w, https:\/\/bu.optimum-automotive.com\/wp-content\/uploads\/2024\/12\/ANTAI_vehicules-300x287.png 300w, https:\/\/bu.optimum-automotive.com\/wp-content\/uploads\/2024\/12\/ANTAI_vehicules-13x12.png 13w\" sizes=\"auto, (max-width: 429px) 100vw, 429px\" \/><\/figure><\/div><\/div>\n<\/div><\/div>\n<\/div>\n<\/div>\n\n\n\n<div class=\"wp-block-uagb-container uagb-block-3386697b alignfull uagb-is-root-container\">\n<div class=\"wp-block-uagb-container uagb-block-60e3ae32\">\n<div class=\"wp-block-uagb-container uag-hide-tab uag-hide-mob uagb-block-579809be\"><div class=\"wp-block-image\">\n<figure class=\"aligncenter size-full\"><img loading=\"lazy\" decoding=\"async\" width=\"429\" height=\"410\" src=\"https:\/\/bu.optimum-automotive.com\/wp-content\/uploads\/2024\/12\/aletres_entretien-alertes.png\" alt=\"\" class=\"wp-image-4432\" srcset=\"https:\/\/bu.optimum-automotive.com\/wp-content\/uploads\/2024\/12\/aletres_entretien-alertes.png 429w, https:\/\/bu.optimum-automotive.com\/wp-content\/uploads\/2024\/12\/aletres_entretien-alertes-300x287.png 300w, https:\/\/bu.optimum-automotive.com\/wp-content\/uploads\/2024\/12\/aletres_entretien-alertes-13x12.png 13w\" sizes=\"auto, (max-width: 429px) 100vw, 429px\" \/><\/figure><\/div><\/div>\n\n\n\n<div class=\"wp-block-uagb-container uagb-block-aa4093a0\">\n<div class=\"wp-block-uagb-container uagb-block-54f4fb4b\">\n<h2 class=\"wp-block-heading mb-0\" id=\"rapports\"><strong>Centro de informes y alertas<\/strong><\/h2>\n\n\n\n<h3 class=\"wp-block-heading mt-0\">Automatizaci\u00f3n para guiar su acci\u00f3n<\/h3>\n\n\n\n<p>La plataforma OPTIMUM est\u00e1 equipada con una central de alertas configurable. Configure alertas y reciba notificaciones instant\u00e1neas en caso de anomal\u00edas.<br>Adem\u00e1s, se beneficiar\u00e1 de informes de gesti\u00f3n automatizados totalmente configurables, que recibir\u00e1 directamente en su bandeja de entrada al ritmo que desee.<br>Gracias a la inteligencia artificial, su plataforma de gesti\u00f3n tambi\u00e9n ofrece consejos de optimizaci\u00f3n en tiempo real.<\/p>\n\n\n\n<div class=\"wp-block-buttons is-content-justification-left is-layout-flex wp-container-core-buttons-is-layout-8 wp-block-buttons-is-layout-flex\">\n<div class=\"wp-block-button\"><a class=\"wp-block-button__link has-blue-background-color has-background wp-element-button\" href=\"https:\/\/bu.optimum-automotive.com\/es\/demo\/\">Solicitar una demostraci\u00f3n<\/a><\/div>\n<\/div>\n<\/div>\n<\/div>\n\n\n\n<div class=\"wp-block-uagb-container uag-hide-desktop uagb-block-bde9ac98\"><div class=\"wp-block-image\">\n<figure class=\"aligncenter size-full\"><img loading=\"lazy\" decoding=\"async\" width=\"429\" height=\"410\" src=\"https:\/\/bu.optimum-automotive.com\/wp-content\/uploads\/2024\/12\/aletres_entretien-alertes-1.png\" alt=\"\" class=\"wp-image-4433\" srcset=\"https:\/\/bu.optimum-automotive.com\/wp-content\/uploads\/2024\/12\/aletres_entretien-alertes-1.png 429w, https:\/\/bu.optimum-automotive.com\/wp-content\/uploads\/2024\/12\/aletres_entretien-alertes-1-300x287.png 300w, https:\/\/bu.optimum-automotive.com\/wp-content\/uploads\/2024\/12\/aletres_entretien-alertes-1-13x12.png 13w\" sizes=\"auto, (max-width: 429px) 100vw, 429px\" \/><\/figure><\/div><\/div>\n<\/div>\n<\/div>\n\n\n\n<div class=\"wp-block-uagb-container uagb-block-e6d3ac75 alignfull uagb-is-root-container\">\n<div class=\"wp-block-uagb-container uagb-block-bc90f8aa\">\n<div class=\"wp-block-uagb-container uagb-block-8a3fbd89 alignfull uagb-is-root-container\"><div class=\"uagb-container-inner-blocks-wrap\">\n<div class=\"wp-block-uagb-container uagb-block-7c8dff78\">\n<h2 class=\"wp-block-heading mb-0\" id=\"applications\"><strong>Aplicaci\u00f3n m\u00f3vil<br>Conductor \/ Gestor<\/strong><\/h2>\n\n\n\n<h3 class=\"wp-block-heading mt-0\">Perfecta visibilidad en movimiento<\/h3>\n\n\n\n<p>Disponible en las tiendas \"Google Play\" y \"App Store\", la aplicaci\u00f3n m\u00f3vil OPTIMUM CONNECT le permite gestionar sus veh\u00edculos en movimiento. En funci\u00f3n de los servicios conectados a los que se suscriba, podr\u00e1 acceder a todas las funciones de la soluci\u00f3n OPTIMUM desde su smartphone.<\/p>\n\n\n\n<p>Con la aplicaci\u00f3n, sus conductores tambi\u00e9n pueden acceder a una amplia gama de funciones basadas en su perfil: historial de trayectos, puntuaci\u00f3n de conducci\u00f3n ecol\u00f3gica, gesti\u00f3n de la privacidad\/profesional, y mucho m\u00e1s...<\/p>\n\n\n\n<div class=\"wp-block-buttons is-content-justification-left is-layout-flex wp-container-core-buttons-is-layout-9 wp-block-buttons-is-layout-flex\">\n<div class=\"wp-block-button\"><a class=\"wp-block-button__link has-blue-background-color has-background wp-element-button\" href=\"https:\/\/bu.optimum-automotive.com\/es\/demo\/\">Solicitar una demostraci\u00f3n<\/a><\/div>\n<\/div>\n\n\n\n<p><a id=\"_msocom_1\"><\/a><\/p>\n\n\n\n<p><a id=\"_msocom_2\"><\/a><\/p>\n<\/div>\n\n\n\n<div class=\"wp-block-uagb-container uagb-block-c5bb020c\"><div class=\"wp-block-image\">\n<figure class=\"aligncenter size-full\"><img loading=\"lazy\" decoding=\"async\" width=\"475\" height=\"486\" src=\"https:\/\/bu.optimum-automotive.com\/wp-content\/uploads\/2024\/12\/apply.png\" alt=\"\" class=\"wp-image-4434\" style=\"object-fit:cover\" srcset=\"https:\/\/bu.optimum-automotive.com\/wp-content\/uploads\/2024\/12\/apply.png 475w, https:\/\/bu.optimum-automotive.com\/wp-content\/uploads\/2024\/12\/apply-293x300.png 293w, https:\/\/bu.optimum-automotive.com\/wp-content\/uploads\/2024\/12\/apply-12x12.png 12w\" sizes=\"auto, (max-width: 475px) 100vw, 475px\" \/><\/figure><\/div><\/div>\n<\/div><\/div>\n<\/div>\n<\/div>","protected":false},"excerpt":{"rendered":"<p>Pour les TPE\/PME Les v\u00e9hicules sont indispensables \u00e0 votre activit\u00e9 et vous souhaitez en ma\u00eetriser et optimiser l\u2019exploitation pour&nbsp;: Notre gamme de services connect\u00e9s vous permet d\u2019atteindre rapidement vos objectifs&nbsp;! Accessible 24\/7 depuis n\u2019importe quel terminal, la solution de gestion Optimum regroupe tous les services dont vous avez besoin\u00a0: G\u00c9OLOCALISATION Une parfaite visibilit\u00e9 de l\u2019activit\u00e9 [&hellip;]<\/p>","protected":false},"author":1,"featured_media":0,"parent":0,"menu_order":0,"comment_status":"closed","ping_status":"closed","template":"page-without-title.php","meta":{"_coblocks_attr":"","_coblocks_dimensions":"","_coblocks_responsive_height":"","_coblocks_accordion_ie_support":"","_uag_custom_page_level_css":"","footnotes":""},"class_list":["post-7","page","type-page","status-publish","hentry"],"uagb_featured_image_src":{"full":false,"thumbnail":false,"medium":false,"medium_large":false,"large":false,"1536x1536":false,"2048x2048":false,"trp-custom-language-flag":false},"uagb_author_info":{"display_name":"camaleon","author_link":"https:\/\/bu.optimum-automotive.com\/es\/author\/camaleon\/"},"uagb_comment_info":0,"uagb_excerpt":"Pour les TPE\/PME Les v\u00e9hicules sont indispensables \u00e0 votre activit\u00e9 et vous souhaitez en ma\u00eetriser et optimiser l\u2019exploitation pour&nbsp;: Notre gamme de services connect\u00e9s vous permet d\u2019atteindre rapidement vos objectifs&nbsp;! Accessible 24\/7 depuis n\u2019importe quel terminal, la solution de gestion Optimum regroupe tous les services dont vous avez besoin\u00a0: G\u00c9OLOCALISATION Une parfaite visibilit\u00e9 de l\u2019activit\u00e9&hellip;","_links":{"self":[{"href":"https:\/\/bu.optimum-automotive.com\/es\/wp-json\/wp\/v2\/pages\/7","targetHints":{"allow":["GET"]}}],"collection":[{"href":"https:\/\/bu.optimum-automotive.com\/es\/wp-json\/wp\/v2\/pages"}],"about":[{"href":"https:\/\/bu.optimum-automotive.com\/es\/wp-json\/wp\/v2\/types\/page"}],"author":[{"embeddable":true,"href":"https:\/\/bu.optimum-automotive.com\/es\/wp-json\/wp\/v2\/users\/1"}],"replies":[{"embeddable":true,"href":"https:\/\/bu.optimum-automotive.com\/es\/wp-json\/wp\/v2\/comments?post=7"}],"version-history":[{"count":126,"href":"https:\/\/bu.optimum-automotive.com\/es\/wp-json\/wp\/v2\/pages\/7\/revisions"}],"predecessor-version":[{"id":5187,"href":"https:\/\/bu.optimum-automotive.com\/es\/wp-json\/wp\/v2\/pages\/7\/revisions\/5187"}],"wp:attachment":[{"href":"https:\/\/bu.optimum-automotive.com\/es\/wp-json\/wp\/v2\/media?parent=7"}],"curies":[{"name":"wp","href":"https:\/\/api.w.org\/{rel}","templated":true}]}}