{"id":7,"date":"2024-04-30T10:44:57","date_gmt":"2024-04-30T08:44:57","guid":{"rendered":"http:\/\/127.0.0.1\/site%20OA\/?page_id=7"},"modified":"2025-01-16T16:08:15","modified_gmt":"2025-01-16T15:08:15","slug":"pour-les-tpe-pme","status":"publish","type":"page","link":"https:\/\/bu.optimum-automotive.com\/it\/per-le-piccole-imprese\/","title":{"rendered":"Per le imprese molto piccole"},"content":{"rendered":"<div class=\"wp-block-uagb-container uagb-block-3e0fff77 alignfull uagb-is-root-container\"><div class=\"uagb-container-inner-blocks-wrap\">\n<div class=\"wp-block-uagb-container uagb-block-ad60e79b\">\n<h1 class=\"wp-block-heading mt-0 mb-0\">Per le imprese molto piccole<\/h1>\n\n\n\n<p>I veicoli sono essenziali per la vostra attivit\u00e0 e volete sfruttarli al meglio. <strong>controllo e ottimizzazione delle operazioni <\/strong>per :<\/p>\n\n\n\n<ul class=\"wp-block-list\">\n<li><strong>Sviluppare la produttivit\u00e0<\/strong><\/li>\n\n\n\n<li><strong>Ottimizzare la qualit\u00e0 del servizio<\/strong><\/li>\n\n\n\n<li><strong>Riduzione dei costi<\/strong><\/li>\n\n\n\n<li><strong>Semplificare la gestione e le attivit\u00e0 amministrative<\/strong><\/li>\n\n\n\n<li><strong>Messa in sicurezza di veicoli, merci e conducenti<\/strong><\/li>\n\n\n\n<li><strong>Prevenzione del rischio stradale<\/strong><\/li>\n<\/ul>\n<\/div>\n\n\n\n<div class=\"wp-block-uagb-container uagb-block-eb52fec0\">\n<div style=\"height:5px\" aria-hidden=\"true\" class=\"wp-block-spacer\"><\/div>\n\n\n\n<div class=\"lyte-wrapper\" style=\"width:560px;max-width:100%;margin:5px;\"><div class=\"lyMe\" id=\"WYL_KqUK7mLzRUk\"><div id=\"lyte_KqUK7mLzRUk\" data-src=\"https:\/\/bu.optimum-automotive.com\/wp-content\/plugins\/wp-youtube-lyte\/lyteCache.php?origThumbUrl=%2F%2Fi.ytimg.com%2Fvi%2FKqUK7mLzRUk%2Fhqdefault.jpg\" class=\"pL\"><div class=\"tC\"><div class=\"tT\"><\/div><\/div><div class=\"play\"><\/div><div class=\"ctrl\"><div class=\"Lctrl\"><\/div><div class=\"Rctrl\"><\/div><\/div><\/div><noscript><a href=\"https:\/\/youtu.be\/KqUK7mLzRUk\" rel=\"nofollow\"><img loading=\"lazy\" decoding=\"async\" src=\"https:\/\/bu.optimum-automotive.com\/wp-content\/plugins\/wp-youtube-lyte\/lyteCache.php?origThumbUrl=https%3A%2F%2Fi.ytimg.com%2Fvi%2FKqUK7mLzRUk%2F0.jpg\" alt=\"\" width=\"560\" height=\"295\" \/><br \/>Guarda questo video su YouTube<\/a><\/noscript><\/div><\/div><div class=\"lL\" style=\"max-width:100%;width:560px;margin:5px;\"><\/div>\n\n\n\n<div class=\"wp-block-buttons is-content-justification-center is-layout-flex wp-container-core-buttons-is-layout-1 wp-block-buttons-is-layout-flex\">\n<div class=\"wp-block-button\"><a class=\"wp-block-button__link has-blue-background-color has-background wp-element-button\" href=\"https:\/\/bu.optimum-automotive.com\/it\/demo\/\">Richiedi una demo<\/a><\/div>\n\n\n\n<div class=\"wp-block-button\"><a class=\"wp-block-button__link has-background wp-element-button\" href=\"https:\/\/bu.optimum-automotive.com\/it\/contatto\/\" style=\"background-color:#0d416a\">Contattateci<\/a><\/div>\n<\/div>\n<\/div>\n<\/div><\/div>\n\n\n\n<div style=\"height:50px\" aria-hidden=\"true\" class=\"wp-block-spacer\"><\/div>\n\n\n\n<div class=\"wp-block-uagb-container uagb-block-d2d3c577 alignfull uagb-is-root-container\">\n<h2 class=\"wp-block-heading has-text-align-center\"><strong><strong>La nostra gamma di servizi connessi <\/strong><\/strong><br><strong><strong>per aiutarvi a raggiungere rapidamente i vostri obiettivi!<\/strong><\/strong><\/h2>\n\n\n\n<div class=\"wp-block-uagb-container uagb-block-fa30886b alignfull uagb-is-root-container\"><div class=\"uagb-container-inner-blocks-wrap\">\n<div class=\"wp-block-uagb-container uagb-block-85d4ad23\">\n<div class=\"wp-block-uagb-container uagb-block-5186513a\"><div class=\"wp-block-image\">\n<figure class=\"aligncenter size-full is-resized\"><img loading=\"lazy\" decoding=\"async\" width=\"450\" height=\"398\" src=\"https:\/\/bu.optimum-automotive.com\/wp-content\/uploads\/2024\/12\/solution-de-gestion-Optimum-Automotive.png\" alt=\"\" class=\"wp-image-4424\" style=\"width:450px\" srcset=\"https:\/\/bu.optimum-automotive.com\/wp-content\/uploads\/2024\/12\/solution-de-gestion-Optimum-Automotive.png 450w, https:\/\/bu.optimum-automotive.com\/wp-content\/uploads\/2024\/12\/solution-de-gestion-Optimum-Automotive-300x265.png 300w, https:\/\/bu.optimum-automotive.com\/wp-content\/uploads\/2024\/12\/solution-de-gestion-Optimum-Automotive-14x12.png 14w\" sizes=\"auto, (max-width: 450px) 100vw, 450px\" \/><\/figure><\/div>\n\n\n<div class=\"wp-block-uagb-container uagb-block-36df7aa8\">\n<div class=\"wp-block-uagb-container uagb-block-c3031dc7\">\n<p>Accessibile 24 ore su 24, 7 giorni su 7, da qualsiasi terminale, la soluzione di gestione Optimum riunisce tutti i servizi necessari:<\/p>\n\n\n\n<ul class=\"wp-block-list\">\n<ul class=\"wp-block-list\">\n<li><a href=\"#geolocalisation\"><strong>Geolocalizzazione<\/strong><\/a><\/li>\n\n\n\n<li><a href=\"#missions\"><strong>Gestione della missione<\/strong><\/a><\/li>\n\n\n\n<li><a data-type=\"internal\" data-id=\"#ecoconduite\" href=\"#ecoconduite\"><strong>Analisi di guida<\/strong><\/a><\/li>\n\n\n\n<li><a href=\"#protection\"><strong>Protezione <\/strong><\/a><\/li>\n\n\n\n<li><a href=\"#antai\"><strong>Gestione delle multe<\/strong><\/a><\/li>\n\n\n\n<li><a href=\"#rapports\"><strong>Rapporti, avvisi e centro di consulenza<\/strong><\/a><\/li>\n\n\n\n<li><a href=\"#applications\"><strong>Applicazioni mobili per autisti e manager<\/strong><\/a><\/li>\n\n\n\n<li><a data-type=\"internal\" data-id=\"#loin\" href=\"#loin\"><strong>E molto altro ancora<\/strong><\/a>&#8230;<\/li>\n<\/ul>\n<\/ul>\n<\/div>\n\n\n\n<div class=\"wp-block-buttons is-content-justification-left is-layout-flex wp-container-core-buttons-is-layout-2 wp-block-buttons-is-layout-flex\">\n<div class=\"wp-block-button\"><a class=\"wp-block-button__link has-blue-background-color has-background wp-element-button\" href=\"https:\/\/bu.optimum-automotive.com\/it\/demo\/\">Richiedi una demo<\/a><\/div>\n<\/div>\n<\/div>\n<\/div>\n<\/div>\n<\/div><\/div>\n<\/div>\n\n\n\n<div class=\"wp-block-uagb-container uagb-block-ecdc0c83 alignfull uagb-is-root-container\">\n<div class=\"wp-block-uagb-container uagb-block-4956055a\">\n<div class=\"wp-block-uagb-container uagb-block-0050d6b7 alignfull uagb-is-root-container\"><div class=\"uagb-container-inner-blocks-wrap\">\n<div class=\"wp-block-uagb-container uagb-block-08dc6aad\">\n<h2 class=\"wp-block-heading mb-0\" id=\"geolocalisation\">GEOLOCAZIONE<\/h2>\n\n\n\n<h3 class=\"wp-block-heading mt-0\">Perfetta visibilit\u00e0 dell'attivit\u00e0 sul campo<\/h3>\n\n\n\n<p>Geolocalizzazione in tempo reale dei vostri veicoli, cronologia dei viaggi, identificazione dei conducenti, ottimizzazione dei percorsi, ricerca di prossimit\u00e0, avvisi istantanei su movimenti anomali o non autorizzati, report multicriteri personalizzabili...<\/p>\n\n\n\n<p><strong>Grazie alla geolocalizzazione, non vi sfugge nulla! Avrete una visibilit\u00e0 perfetta dell'attivit\u00e0 dei vostri veicoli e dei vostri autisti, in modo da aumentare la vostra produttivit\u00e0 ed eliminare i viaggi inutili.<\/strong><\/p>\n\n\n\n<div class=\"wp-block-buttons is-content-justification-left is-layout-flex wp-container-core-buttons-is-layout-3 wp-block-buttons-is-layout-flex\">\n<div class=\"wp-block-button\"><a class=\"wp-block-button__link has-blue-background-color has-background wp-element-button\" href=\"https:\/\/bu.optimum-automotive.com\/it\/demo\/\">Richiedi una demo<\/a><\/div>\n<\/div>\n<\/div>\n\n\n\n<div class=\"wp-block-uagb-container uagb-block-c795e4d0\"><div class=\"wp-block-image\">\n<figure class=\"aligncenter size-full\"><img loading=\"lazy\" decoding=\"async\" width=\"429\" height=\"410\" src=\"https:\/\/bu.optimum-automotive.com\/wp-content\/uploads\/2024\/12\/geolocalisation_vehicules.png\" alt=\"\" class=\"wp-image-4426\" srcset=\"https:\/\/bu.optimum-automotive.com\/wp-content\/uploads\/2024\/12\/geolocalisation_vehicules.png 429w, https:\/\/bu.optimum-automotive.com\/wp-content\/uploads\/2024\/12\/geolocalisation_vehicules-300x287.png 300w, https:\/\/bu.optimum-automotive.com\/wp-content\/uploads\/2024\/12\/geolocalisation_vehicules-13x12.png 13w\" sizes=\"auto, (max-width: 429px) 100vw, 429px\" \/><\/figure><\/div><\/div>\n<\/div><\/div>\n<\/div>\n<\/div>\n\n\n\n<div class=\"wp-block-uagb-container uagb-block-5c9e6289 alignfull uagb-is-root-container\">\n<div class=\"wp-block-uagb-container uagb-block-87333279\">\n<div class=\"wp-block-uagb-container uag-hide-tab uag-hide-mob uagb-block-54ec6a5e\"><div class=\"wp-block-image\">\n<figure class=\"aligncenter size-full\"><img loading=\"lazy\" decoding=\"async\" width=\"523\" height=\"482\" src=\"https:\/\/bu.optimum-automotive.com\/wp-content\/uploads\/2024\/12\/arton15.png\" alt=\"\" class=\"wp-image-4427\" srcset=\"https:\/\/bu.optimum-automotive.com\/wp-content\/uploads\/2024\/12\/arton15.png 523w, https:\/\/bu.optimum-automotive.com\/wp-content\/uploads\/2024\/12\/arton15-300x276.png 300w, https:\/\/bu.optimum-automotive.com\/wp-content\/uploads\/2024\/12\/arton15-13x12.png 13w\" sizes=\"auto, (max-width: 523px) 100vw, 523px\" \/><\/figure><\/div><\/div>\n\n\n\n<div class=\"wp-block-uagb-container uagb-block-c1beca3d\">\n<div class=\"wp-block-uagb-container uagb-block-5dfa3c8d\">\n<h2 class=\"wp-block-heading mb-0\" id=\"missions\">MISSIONI<\/h2>\n\n\n\n<h3 class=\"wp-block-heading mt-0\">Pi\u00f9 reattivit\u00e0, pi\u00f9 produttivit\u00e0, pi\u00f9 redditivit\u00e0<\/h3>\n\n\n\n<p>Trasmissione in tempo reale degli incarichi, gestione just-in-time o programmata degli orari, firma senza carta, scatto di foto, generazione di report in tempo reale direttamente dall'applicazione mobile dei vostri operatori...<\/p>\n\n\n\n<p><strong>La soluzione di gestione degli incarichi vi consente di gestire con precisione le vostre attivit\u00e0 e di ottenere un notevole aumento della produttivit\u00e0, riducendo al contempo i costi.<\/strong><\/p>\n\n\n\n<div class=\"wp-block-buttons is-content-justification-left is-layout-flex wp-container-core-buttons-is-layout-4 wp-block-buttons-is-layout-flex\">\n<div class=\"wp-block-button\"><a class=\"wp-block-button__link has-blue-background-color has-background wp-element-button\" href=\"https:\/\/bu.optimum-automotive.com\/it\/demo\/\">Richiedi una demo<\/a><\/div>\n<\/div>\n<\/div>\n<\/div>\n\n\n\n<div class=\"wp-block-uagb-container uag-hide-desktop uagb-block-98612be1\"><div class=\"wp-block-image\">\n<figure class=\"aligncenter size-full\"><img loading=\"lazy\" decoding=\"async\" width=\"523\" height=\"482\" src=\"https:\/\/bu.optimum-automotive.com\/wp-content\/uploads\/2024\/12\/arton15-1.png\" alt=\"\" class=\"wp-image-4428\" srcset=\"https:\/\/bu.optimum-automotive.com\/wp-content\/uploads\/2024\/12\/arton15-1.png 523w, https:\/\/bu.optimum-automotive.com\/wp-content\/uploads\/2024\/12\/arton15-1-300x276.png 300w, https:\/\/bu.optimum-automotive.com\/wp-content\/uploads\/2024\/12\/arton15-1-13x12.png 13w\" sizes=\"auto, (max-width: 523px) 100vw, 523px\" \/><\/figure><\/div><\/div>\n<\/div>\n<\/div>\n\n\n\n<div class=\"wp-block-uagb-container uagb-block-195de0ad alignfull uagb-is-root-container\">\n<div class=\"wp-block-uagb-container uagb-block-97388bdc\">\n<div class=\"wp-block-uagb-container uagb-block-5b082e78 alignfull uagb-is-root-container\"><div class=\"uagb-container-inner-blocks-wrap\">\n<div class=\"wp-block-uagb-container uagb-block-ed9c1e88\">\n<h2 class=\"wp-block-heading mb-0\" id=\"ecoconduite\">ECOCONDUCIBILIT\u00c0<\/h2>\n\n\n\n<h3 class=\"wp-block-heading mt-0\">La prevenzione dei rischi stradali come priorit\u00e0<\/h3>\n\n\n\n<p>Analisi continua del comportamento dei vostri autisti (curve, frenate, accelerazioni), identificazione dei comportamenti a rischio che richiedono un'azione di prevenzione ecologica, strumenti di incentivazione per rendere sostenibile la vostra azione. Il nostro servizio vi fornisce tutti gli strumenti necessari per proteggere il vostro personale e l'ambiente.<\/p>\n\n\n\n<p><strong>Poich\u00e9 la prevenzione dei rischi stradali \u00e8 una necessit\u00e0 assoluta, l'applicazione consente di ridurre il numero di incidenti e di tutelare la responsabilit\u00e0 dell'amministratore della societ\u00e0.<\/strong><\/p>\n\n\n\n<div class=\"wp-block-buttons is-content-justification-left is-layout-flex wp-container-core-buttons-is-layout-5 wp-block-buttons-is-layout-flex\">\n<div class=\"wp-block-button\"><a class=\"wp-block-button__link has-blue-background-color has-background wp-element-button\" href=\"https:\/\/bu.optimum-automotive.com\/it\/demo\/\">Richiedi una demo<\/a><\/div>\n<\/div>\n<\/div>\n\n\n\n<div class=\"wp-block-uagb-container uagb-block-16d6fac7\"><div class=\"wp-block-image\">\n<figure class=\"aligncenter size-full\"><img loading=\"lazy\" decoding=\"async\" width=\"471\" height=\"430\" src=\"https:\/\/bu.optimum-automotive.com\/wp-content\/uploads\/2024\/05\/arton16.png\" alt=\"applicazione di guida ecologica\" class=\"wp-image-283\" srcset=\"https:\/\/bu.optimum-automotive.com\/wp-content\/uploads\/2024\/05\/arton16.png 471w, https:\/\/bu.optimum-automotive.com\/wp-content\/uploads\/2024\/05\/arton16-300x274.png 300w\" sizes=\"auto, (max-width: 471px) 100vw, 471px\" \/><\/figure><\/div><\/div>\n<\/div><\/div>\n<\/div>\n<\/div>\n\n\n\n<div class=\"wp-block-uagb-container uagb-block-ee352d34 alignfull uagb-is-root-container\">\n<div class=\"wp-block-uagb-container uagb-block-3e6abde1\">\n<div class=\"wp-block-uagb-container uag-hide-tab uag-hide-mob uagb-block-aef715fc\"><div class=\"wp-block-image\">\n<figure class=\"aligncenter size-full is-resized\"><img loading=\"lazy\" decoding=\"async\" width=\"488\" height=\"492\" src=\"https:\/\/bu.optimum-automotive.com\/wp-content\/uploads\/2024\/12\/protection_vehicules.png\" alt=\"\" class=\"wp-image-4429\" style=\"width:350px\" srcset=\"https:\/\/bu.optimum-automotive.com\/wp-content\/uploads\/2024\/12\/protection_vehicules.png 488w, https:\/\/bu.optimum-automotive.com\/wp-content\/uploads\/2024\/12\/protection_vehicules-298x300.png 298w, https:\/\/bu.optimum-automotive.com\/wp-content\/uploads\/2024\/12\/protection_vehicules-150x150.png 150w, https:\/\/bu.optimum-automotive.com\/wp-content\/uploads\/2024\/12\/protection_vehicules-12x12.png 12w\" sizes=\"auto, (max-width: 488px) 100vw, 488px\" \/><\/figure><\/div><\/div>\n\n\n\n<div class=\"wp-block-uagb-container uagb-block-d77c4e6b\">\n<div class=\"wp-block-uagb-container uagb-block-b8985800\">\n<h2 class=\"wp-block-heading mb-0\" id=\"protection\">PROTEZIONE<\/h2>\n\n\n\n<h3 class=\"wp-block-heading mt-0\">Non prima di essere stato rubato e ritrovato<\/h3>\n\n\n\n<p>Protezione del veicolo con un semplice clic sull'applicazione mobile, avvisi immediati (conducente\/gestore) in caso di movimento non autorizzato, geolocalizzazione e immobilizzazione a distanza del veicolo...<\/p>\n\n\n\n<p><strong>Il servizio di protezione vi consente di proteggere efficacemente i vostri veicoli e le merci\/attrezzature trasportate. Essendo informati immediatamente, potete intervenire subito con l'aiuto delle forze dell'ordine.<\/strong><\/p>\n\n\n\n<div class=\"wp-block-buttons is-content-justification-left is-layout-flex wp-container-core-buttons-is-layout-6 wp-block-buttons-is-layout-flex\">\n<div class=\"wp-block-button\"><a class=\"wp-block-button__link has-blue-background-color has-background wp-element-button\" href=\"https:\/\/bu.optimum-automotive.com\/it\/demo\/\">Richiedi una demo<\/a><\/div>\n<\/div>\n<\/div>\n<\/div>\n\n\n\n<div class=\"wp-block-uagb-container uag-hide-desktop uagb-block-e0c155b3\"><div class=\"wp-block-image\">\n<figure class=\"aligncenter size-full is-resized\"><img loading=\"lazy\" decoding=\"async\" width=\"488\" height=\"492\" src=\"https:\/\/bu.optimum-automotive.com\/wp-content\/uploads\/2024\/12\/protection_vehicules-1.png\" alt=\"\" class=\"wp-image-4430\" style=\"width:350px\" srcset=\"https:\/\/bu.optimum-automotive.com\/wp-content\/uploads\/2024\/12\/protection_vehicules-1.png 488w, https:\/\/bu.optimum-automotive.com\/wp-content\/uploads\/2024\/12\/protection_vehicules-1-298x300.png 298w, https:\/\/bu.optimum-automotive.com\/wp-content\/uploads\/2024\/12\/protection_vehicules-1-150x150.png 150w, https:\/\/bu.optimum-automotive.com\/wp-content\/uploads\/2024\/12\/protection_vehicules-1-12x12.png 12w\" sizes=\"auto, (max-width: 488px) 100vw, 488px\" \/><\/figure><\/div><\/div>\n<\/div>\n<\/div>\n\n\n\n<div class=\"wp-block-uagb-container uagb-block-3b283131 alignfull uagb-is-root-container\">\n<div class=\"wp-block-uagb-container uagb-block-8699635e\">\n<div class=\"wp-block-uagb-container uagb-block-900f7504 alignfull uagb-is-root-container\"><div class=\"uagb-container-inner-blocks-wrap\">\n<div class=\"wp-block-uagb-container uagb-block-2a70f34f\">\n<h2 class=\"wp-block-heading mb-0\" id=\"antai\">ANTAI<\/h2>\n\n\n\n<h3 class=\"wp-block-heading mt-0\">Gestione rigorosa delle violazioni<\/h3>\n\n\n\n<p>La piattaforma \u00e8 collegata direttamente all'ANTAI (Agence Nationale de Traitement Automatis\u00e9 des Infractions). L'ANTAI invia quotidianamente alla piattaforma le richieste di designazione delle infrazioni e il dirigente ha 45 giorni di tempo per rispondere (designazione o altra risposta predefinita). Dopo questo periodo, l'azienda ricever\u00e0 un biglietto cartaceo.<\/p>\n\n\n\n<p><strong>Gestite le infrazioni dei vostri dipendenti in modo semplice e in tempo reale.<\/strong><\/p>\n\n\n\n<div class=\"wp-block-buttons is-content-justification-left is-layout-flex wp-container-core-buttons-is-layout-7 wp-block-buttons-is-layout-flex\">\n<div class=\"wp-block-button\"><a class=\"wp-block-button__link has-blue-background-color has-background wp-element-button\" href=\"https:\/\/bu.optimum-automotive.com\/it\/demo\/\">Richiedi una demo<\/a><\/div>\n<\/div>\n<\/div>\n\n\n\n<div class=\"wp-block-uagb-container uagb-block-66fc43cc\"><div class=\"wp-block-image\">\n<figure class=\"aligncenter size-full\"><img loading=\"lazy\" decoding=\"async\" width=\"429\" height=\"410\" src=\"https:\/\/bu.optimum-automotive.com\/wp-content\/uploads\/2024\/12\/ANTAI_vehicules.png\" alt=\"\" class=\"wp-image-4431\" srcset=\"https:\/\/bu.optimum-automotive.com\/wp-content\/uploads\/2024\/12\/ANTAI_vehicules.png 429w, https:\/\/bu.optimum-automotive.com\/wp-content\/uploads\/2024\/12\/ANTAI_vehicules-300x287.png 300w, https:\/\/bu.optimum-automotive.com\/wp-content\/uploads\/2024\/12\/ANTAI_vehicules-13x12.png 13w\" sizes=\"auto, (max-width: 429px) 100vw, 429px\" \/><\/figure><\/div><\/div>\n<\/div><\/div>\n<\/div>\n<\/div>\n\n\n\n<div class=\"wp-block-uagb-container uagb-block-3386697b alignfull uagb-is-root-container\">\n<div class=\"wp-block-uagb-container uagb-block-60e3ae32\">\n<div class=\"wp-block-uagb-container uag-hide-tab uag-hide-mob uagb-block-579809be\"><div class=\"wp-block-image\">\n<figure class=\"aligncenter size-full\"><img loading=\"lazy\" decoding=\"async\" width=\"429\" height=\"410\" src=\"https:\/\/bu.optimum-automotive.com\/wp-content\/uploads\/2024\/12\/aletres_entretien-alertes.png\" alt=\"\" class=\"wp-image-4432\" srcset=\"https:\/\/bu.optimum-automotive.com\/wp-content\/uploads\/2024\/12\/aletres_entretien-alertes.png 429w, https:\/\/bu.optimum-automotive.com\/wp-content\/uploads\/2024\/12\/aletres_entretien-alertes-300x287.png 300w, https:\/\/bu.optimum-automotive.com\/wp-content\/uploads\/2024\/12\/aletres_entretien-alertes-13x12.png 13w\" sizes=\"auto, (max-width: 429px) 100vw, 429px\" \/><\/figure><\/div><\/div>\n\n\n\n<div class=\"wp-block-uagb-container uagb-block-aa4093a0\">\n<div class=\"wp-block-uagb-container uagb-block-54f4fb4b\">\n<h2 class=\"wp-block-heading mb-0\" id=\"rapports\"><strong>Centro rapporti e avvisi<\/strong><\/h2>\n\n\n\n<h3 class=\"wp-block-heading mt-0\">Automazione per guidare l'azione<\/h3>\n\n\n\n<p>La piattaforma OPTIMUM \u00e8 dotata di una centrale di allarme configurabile. Configurate gli avvisi e ricevete notifiche istantanee in caso di anomalie.<br>Inoltre, potrete beneficiare di rapporti di gestione automatici completamente configurabili, consegnati direttamente nella vostra casella di posta elettronica al ritmo che desiderate.<br>Grazie all'intelligenza artificiale, la piattaforma di gestione offre anche consigli per l'ottimizzazione in tempo reale.<\/p>\n\n\n\n<div class=\"wp-block-buttons is-content-justification-left is-layout-flex wp-container-core-buttons-is-layout-8 wp-block-buttons-is-layout-flex\">\n<div class=\"wp-block-button\"><a class=\"wp-block-button__link has-blue-background-color has-background wp-element-button\" href=\"https:\/\/bu.optimum-automotive.com\/it\/demo\/\">Richiedi una demo<\/a><\/div>\n<\/div>\n<\/div>\n<\/div>\n\n\n\n<div class=\"wp-block-uagb-container uag-hide-desktop uagb-block-bde9ac98\"><div class=\"wp-block-image\">\n<figure class=\"aligncenter size-full\"><img loading=\"lazy\" decoding=\"async\" width=\"429\" height=\"410\" src=\"https:\/\/bu.optimum-automotive.com\/wp-content\/uploads\/2024\/12\/aletres_entretien-alertes-1.png\" alt=\"\" class=\"wp-image-4433\" srcset=\"https:\/\/bu.optimum-automotive.com\/wp-content\/uploads\/2024\/12\/aletres_entretien-alertes-1.png 429w, https:\/\/bu.optimum-automotive.com\/wp-content\/uploads\/2024\/12\/aletres_entretien-alertes-1-300x287.png 300w, https:\/\/bu.optimum-automotive.com\/wp-content\/uploads\/2024\/12\/aletres_entretien-alertes-1-13x12.png 13w\" sizes=\"auto, (max-width: 429px) 100vw, 429px\" \/><\/figure><\/div><\/div>\n<\/div>\n<\/div>\n\n\n\n<div class=\"wp-block-uagb-container uagb-block-e6d3ac75 alignfull uagb-is-root-container\">\n<div class=\"wp-block-uagb-container uagb-block-bc90f8aa\">\n<div class=\"wp-block-uagb-container uagb-block-8a3fbd89 alignfull uagb-is-root-container\"><div class=\"uagb-container-inner-blocks-wrap\">\n<div class=\"wp-block-uagb-container uagb-block-7c8dff78\">\n<h2 class=\"wp-block-heading mb-0\" id=\"applications\"><strong>Applicazione mobile<br>Autista \/ Manager<\/strong><\/h2>\n\n\n\n<h3 class=\"wp-block-heading mt-0\">Perfetta visibilit\u00e0 in movimento<\/h3>\n\n\n\n<p>Disponibile sugli store \"Google Play\" e \"App Store\", l'applicazione mobile OPTIMUM CONNECT consente di gestire i veicoli in mobilit\u00e0. A seconda dei servizi connessi sottoscritti, \u00e8 possibile accedere all'intera gamma di funzioni della soluzione OPTIMUM dal proprio smartphone.<\/p>\n\n\n\n<p>Con l'applicazione, i vostri autisti possono anche accedere a un'ampia gamma di funzioni basate sul loro profilo: cronologia dei viaggi, punteggio di guida ecologica, gestione della privacy\/professionale e molto altro...<\/p>\n\n\n\n<div class=\"wp-block-buttons is-content-justification-left is-layout-flex wp-container-core-buttons-is-layout-9 wp-block-buttons-is-layout-flex\">\n<div class=\"wp-block-button\"><a class=\"wp-block-button__link has-blue-background-color has-background wp-element-button\" href=\"https:\/\/bu.optimum-automotive.com\/it\/demo\/\">Richiedi una demo<\/a><\/div>\n<\/div>\n\n\n\n<p><a id=\"_msocom_1\"><\/a><\/p>\n\n\n\n<p><a id=\"_msocom_2\"><\/a><\/p>\n<\/div>\n\n\n\n<div class=\"wp-block-uagb-container uagb-block-c5bb020c\"><div class=\"wp-block-image\">\n<figure class=\"aligncenter size-full\"><img loading=\"lazy\" decoding=\"async\" width=\"475\" height=\"486\" src=\"https:\/\/bu.optimum-automotive.com\/wp-content\/uploads\/2024\/12\/apply.png\" alt=\"\" class=\"wp-image-4434\" style=\"object-fit:cover\" srcset=\"https:\/\/bu.optimum-automotive.com\/wp-content\/uploads\/2024\/12\/apply.png 475w, https:\/\/bu.optimum-automotive.com\/wp-content\/uploads\/2024\/12\/apply-293x300.png 293w, https:\/\/bu.optimum-automotive.com\/wp-content\/uploads\/2024\/12\/apply-12x12.png 12w\" sizes=\"auto, (max-width: 475px) 100vw, 475px\" \/><\/figure><\/div><\/div>\n<\/div><\/div>\n<\/div>\n<\/div>","protected":false},"excerpt":{"rendered":"<p>Pour les TPE\/PME Les v\u00e9hicules sont indispensables \u00e0 votre activit\u00e9 et vous souhaitez en ma\u00eetriser et optimiser l\u2019exploitation pour&nbsp;: Notre gamme de services connect\u00e9s vous permet d\u2019atteindre rapidement vos objectifs&nbsp;! Accessible 24\/7 depuis n\u2019importe quel terminal, la solution de gestion Optimum regroupe tous les services dont vous avez besoin\u00a0: G\u00c9OLOCALISATION Une parfaite visibilit\u00e9 de l\u2019activit\u00e9 [&hellip;]<\/p>","protected":false},"author":1,"featured_media":0,"parent":0,"menu_order":0,"comment_status":"closed","ping_status":"closed","template":"page-without-title.php","meta":{"_coblocks_attr":"","_coblocks_dimensions":"","_coblocks_responsive_height":"","_coblocks_accordion_ie_support":"","_uag_custom_page_level_css":"","footnotes":""},"class_list":["post-7","page","type-page","status-publish","hentry"],"uagb_featured_image_src":{"full":false,"thumbnail":false,"medium":false,"medium_large":false,"large":false,"1536x1536":false,"2048x2048":false,"trp-custom-language-flag":false},"uagb_author_info":{"display_name":"camaleon","author_link":"https:\/\/bu.optimum-automotive.com\/it\/author\/camaleon\/"},"uagb_comment_info":0,"uagb_excerpt":"Pour les TPE\/PME Les v\u00e9hicules sont indispensables \u00e0 votre activit\u00e9 et vous souhaitez en ma\u00eetriser et optimiser l\u2019exploitation pour&nbsp;: Notre gamme de services connect\u00e9s vous permet d\u2019atteindre rapidement vos objectifs&nbsp;! Accessible 24\/7 depuis n\u2019importe quel terminal, la solution de gestion Optimum regroupe tous les services dont vous avez besoin\u00a0: G\u00c9OLOCALISATION Une parfaite visibilit\u00e9 de l\u2019activit\u00e9&hellip;","_links":{"self":[{"href":"https:\/\/bu.optimum-automotive.com\/it\/wp-json\/wp\/v2\/pages\/7","targetHints":{"allow":["GET"]}}],"collection":[{"href":"https:\/\/bu.optimum-automotive.com\/it\/wp-json\/wp\/v2\/pages"}],"about":[{"href":"https:\/\/bu.optimum-automotive.com\/it\/wp-json\/wp\/v2\/types\/page"}],"author":[{"embeddable":true,"href":"https:\/\/bu.optimum-automotive.com\/it\/wp-json\/wp\/v2\/users\/1"}],"replies":[{"embeddable":true,"href":"https:\/\/bu.optimum-automotive.com\/it\/wp-json\/wp\/v2\/comments?post=7"}],"version-history":[{"count":126,"href":"https:\/\/bu.optimum-automotive.com\/it\/wp-json\/wp\/v2\/pages\/7\/revisions"}],"predecessor-version":[{"id":5187,"href":"https:\/\/bu.optimum-automotive.com\/it\/wp-json\/wp\/v2\/pages\/7\/revisions\/5187"}],"wp:attachment":[{"href":"https:\/\/bu.optimum-automotive.com\/it\/wp-json\/wp\/v2\/media?parent=7"}],"curies":[{"name":"wp","href":"https:\/\/api.w.org\/{rel}","templated":true}]}}