{"id":2,"date":"2024-04-29T16:15:17","date_gmt":"2024-04-29T14:15:17","guid":{"rendered":"http:\/\/127.0.0.1\/site%20OA\/?page_id=2"},"modified":"2025-01-20T16:15:36","modified_gmt":"2025-01-20T15:15:36","slug":"data-center","status":"publish","type":"page","link":"https:\/\/bu.optimum-automotive.com\/pt\/centro-de-dados\/","title":{"rendered":"DATA CENTRE"},"content":{"rendered":"<div class=\"wp-block-uagb-container uagb-block-4902cace alignfull uagb-is-root-container\">\n<div class=\"wp-block-uagb-container uagb-block-ed203023\">\n<div class=\"wp-block-uagb-container uagb-block-546bac69\"><h1 class=\"mt-0 mb-0 wp-block-post-title\">DATA CENTRE<\/h1>\n\n\n<h3 class=\"wp-block-heading mt-0\">Os dados no centro dos seus desafios<\/h3>\n\n\n\n<p>A gest\u00e3o de uma frota de ve\u00edculos, e da mobilidade em geral, depende sobretudo do controlo dos fluxos de dados.<br>Para recolher, analisar e sintetizar estes dados e tirar o m\u00e1ximo partido dos mesmos atrav\u00e9s de algoritmos inteligentes, a OPTIMUM concebeu um <em>DATA CENTRE<\/em> de uma riqueza \u00fanica.<\/p>\n<\/div>\n\n\n\n<div class=\"wp-block-uagb-container uagb-block-07dfa9d5\">\n<figure class=\"wp-block-image size-large has-lightbox\"><img loading=\"lazy\" decoding=\"async\" width=\"1024\" height=\"591\" src=\"https:\/\/bu.optimum-automotive.com\/wp-content\/uploads\/2025\/01\/DataHUB_PT.jpg\" alt=\"Centro de dados: fluxo de dados\" class=\"wp-image-5295\" srcset=\"\" sizes=\"auto, (max-width: 1024px) 100vw, 1024px\" data-srcset=\"\" \/><\/figure>\n<\/div>\n<\/div>\n\n\n\n<div style=\"height:33px\" aria-hidden=\"true\" class=\"wp-block-spacer\"><\/div>\n<\/div>\n\n\n\n<p><\/p>\n\n\n\n<div class=\"wp-block-uagb-container uagb-block-d746d6b7 alignfull uagb-is-root-container\">\n<div class=\"wp-block-uagb-container uagb-block-420e44ad\">\n<div class=\"wp-block-uagb-container uag-hide-tab uag-hide-mob uagb-block-fe32cdd4\">\n<figure class=\"wp-block-image size-full is-resized\"><img loading=\"lazy\" decoding=\"async\" width=\"408\" height=\"401\" src=\"https:\/\/bu.optimum-automotive.com\/wp-content\/uploads\/2024\/12\/boitier_can.png\" alt=\"\" class=\"wp-image-4410\" style=\"width:400px\" srcset=\"https:\/\/bu.optimum-automotive.com\/wp-content\/uploads\/2024\/12\/boitier_can.png 408w, https:\/\/bu.optimum-automotive.com\/wp-content\/uploads\/2024\/12\/boitier_can-300x295.png 300w, https:\/\/bu.optimum-automotive.com\/wp-content\/uploads\/2024\/12\/boitier_can-12x12.png 12w\" sizes=\"auto, (max-width: 408px) 100vw, 408px\" \/><\/figure>\n<\/div>\n\n\n\n<div class=\"wp-block-uagb-container uagb-block-8040cdc4\">\n<div class=\"wp-block-uagb-container uagb-block-64b33d22\">\n<h3 class=\"wp-block-heading\">Dados do ve\u00edculo (CAN*)<\/h3>\n\n\n\n<p>Quer se trate de uma caixa do fabricante do ve\u00edculo** ou de uma caixa de terceiros (OEM), s\u00e3o recolhidos os dados b\u00e1sicos exactos: leituras do conta-quil\u00f3metros, consumo de combust\u00edvel, intervalos de manuten\u00e7\u00e3o seguintes, avarias e c\u00f3digos de avaria, etc.....<\/p>\n\n\n\n<p><small>* Rede de \u00c1rea do Controlador<\/small><br><small>** O Optimum est\u00e1 certificado para aceder aos dados das unidades de equipamento de origem da Peugeot, Citro\u00ebn, DS Automobiles e Renault.<\/small><\/p>\n<\/div>\n<\/div>\n\n\n\n<div class=\"wp-block-uagb-container uag-hide-desktop uagb-block-9e34a2f6\">\n<figure class=\"wp-block-image size-full is-resized\"><img loading=\"lazy\" decoding=\"async\" width=\"408\" height=\"401\" src=\"https:\/\/bu.optimum-automotive.com\/wp-content\/uploads\/2024\/12\/boitier_can.png\" alt=\"\" class=\"wp-image-4410\" style=\"width:400px\" srcset=\"https:\/\/bu.optimum-automotive.com\/wp-content\/uploads\/2024\/12\/boitier_can.png 408w, https:\/\/bu.optimum-automotive.com\/wp-content\/uploads\/2024\/12\/boitier_can-300x295.png 300w, https:\/\/bu.optimum-automotive.com\/wp-content\/uploads\/2024\/12\/boitier_can-12x12.png 12w\" sizes=\"auto, (max-width: 408px) 100vw, 408px\" \/><\/figure>\n<\/div>\n<\/div>\n<\/div>\n\n\n\n<div class=\"wp-block-uagb-container uagb-block-1c7bd1aa alignfull uagb-is-root-container\">\n<div class=\"wp-block-uagb-container uagb-block-7d5a79dc\">\n<div class=\"wp-block-uagb-container uagb-block-ec0c1d6f\">\n<h3 class=\"wp-block-heading\">dados regulamentares gest\u00e3o da frota<\/h3>\n\n\n\n<p>O DATA CENTRE est\u00e1 igualmente ligado \u00e0s autoridades administrativas e aos reposit\u00f3rios: SIV (Ficheiro Nacional de Matr\u00edcula de Ve\u00edculos, que permite a informa\u00e7\u00e3o autom\u00e1tica da sua frota a partir da sua integra\u00e7\u00e3o), ANTAI (Agence Nationale de Traitement Automatis\u00e9 des Infractions - Ag\u00eancia Nacional de Tratamento Autom\u00e1tico das Infrac\u00e7\u00f5es), que automatiza a gest\u00e3o das infrac\u00e7\u00f5es.<\/p>\n<\/div>\n\n\n\n<div class=\"wp-block-uagb-container uagb-block-2841fdb1\"><div class=\"wp-block-image is-style-default\">\n<figure class=\"aligncenter size-full is-resized\"><img loading=\"lazy\" decoding=\"async\" width=\"277\" height=\"277\" src=\"https:\/\/bu.optimum-automotive.com\/wp-content\/uploads\/2024\/12\/datahub.png\" alt=\"\" class=\"wp-image-4411\" style=\"aspect-ratio:1;object-fit:cover;width:400px\" srcset=\"https:\/\/bu.optimum-automotive.com\/wp-content\/uploads\/2024\/12\/datahub.png 277w, https:\/\/bu.optimum-automotive.com\/wp-content\/uploads\/2024\/12\/datahub-150x150.png 150w, https:\/\/bu.optimum-automotive.com\/wp-content\/uploads\/2024\/12\/datahub-12x12.png 12w\" sizes=\"auto, (max-width: 277px) 100vw, 277px\" \/><\/figure><\/div><\/div>\n<\/div>\n<\/div>\n\n\n\n<div class=\"wp-block-uagb-container uagb-block-5c9e6289 alignfull uagb-is-root-container\">\n<div class=\"wp-block-uagb-container uagb-block-87333279\">\n<div class=\"wp-block-uagb-container uag-hide-tab uag-hide-mob uagb-block-54ec6a5e\">\n<figure class=\"wp-block-image size-full\"><img loading=\"lazy\" decoding=\"async\" width=\"397\" height=\"275\" src=\"https:\/\/bu.optimum-automotive.com\/wp-content\/uploads\/2024\/05\/referentiels-automotive.png\" alt=\"bases de dados e reposit\u00f3rios do sector autom\u00f3vel gest\u00e3o de frotas\" class=\"wp-image-1122\" srcset=\"https:\/\/bu.optimum-automotive.com\/wp-content\/uploads\/2024\/05\/referentiels-automotive.png 397w, https:\/\/bu.optimum-automotive.com\/wp-content\/uploads\/2024\/05\/referentiels-automotive-300x208.png 300w\" sizes=\"auto, (max-width: 397px) 100vw, 397px\" \/><\/figure>\n<\/div>\n\n\n\n<div class=\"wp-block-uagb-container uagb-block-c1beca3d\">\n<div class=\"wp-block-uagb-container uagb-block-5dfa3c8d\">\n<h3 class=\"wp-block-heading\">Bases de dados e reposit\u00f3rios do sector autom\u00f3vel<\/h3>\n\n\n\n<p>A liga\u00e7\u00e3o a 2 fontes de refer\u00eancia no mundo autom\u00f3vel enriquece os dados dos ve\u00edculos e facilita as rela\u00e7\u00f5es com terceiros (empresas de aluguer, empresas de manuten\u00e7\u00e3o, etc.): <strong>AUTOVISTA<\/strong> (cat\u00e1logo universal de ve\u00edculos, abertura \u00e0 configura\u00e7\u00e3o de ve\u00edculos e gest\u00e3o do cat\u00e1logo de pol\u00edticas autom\u00f3veis), <strong>AUTODATA<\/strong> (planos de manuten\u00e7\u00e3o, prazos, acompanhamento t\u00e9cnico dos ve\u00edculos).<\/p>\n<\/div>\n<\/div>\n\n\n\n<div class=\"wp-block-uagb-container uag-hide-desktop uagb-block-c6598103\">\n<figure class=\"wp-block-image size-full\"><img loading=\"lazy\" decoding=\"async\" width=\"397\" height=\"275\" src=\"https:\/\/bu.optimum-automotive.com\/wp-content\/uploads\/2024\/05\/referentiels-automotive.png\" alt=\"bases de dados e reposit\u00f3rios do sector autom\u00f3vel gest\u00e3o de frotas\" class=\"wp-image-1122\" srcset=\"https:\/\/bu.optimum-automotive.com\/wp-content\/uploads\/2024\/05\/referentiels-automotive.png 397w, https:\/\/bu.optimum-automotive.com\/wp-content\/uploads\/2024\/05\/referentiels-automotive-300x208.png 300w\" sizes=\"auto, (max-width: 397px) 100vw, 397px\" \/><\/figure>\n<\/div>\n<\/div>\n<\/div>\n\n\n\n<div class=\"wp-block-uagb-container uagb-block-181dfeb4 alignfull uagb-is-root-container\">\n<div class=\"wp-block-uagb-container uagb-block-4a27dbb8\">\n<div class=\"wp-block-uagb-container uagb-block-97ba0079\">\n<h3 class=\"wp-block-heading\">Dados financeiros e contratuais<\/h3>\n\n\n\n<p>O DATA CENTRE recolhe e integra os contratos e as facturas dos diferentes fornecedores do sector autom\u00f3vel (empresas de aluguer, empresas de manuten\u00e7\u00e3o, fornecedores de pneus, cart\u00f5es de combust\u00edvel, etc.) atrav\u00e9s de API ou de transfer\u00eancias de ficheiros. Esta recolha de dados e o tratamento algor\u00edtmico associado permitem um acompanhamento \u00fanico, instant\u00e2neo ou evolutivo do TCO.<\/p>\n<\/div>\n\n\n\n<div class=\"wp-block-uagb-container uagb-block-20aa9554\"><div class=\"wp-block-image\">\n<figure class=\"aligncenter size-full is-resized\"><img loading=\"lazy\" decoding=\"async\" width=\"488\" height=\"492\" src=\"https:\/\/bu.optimum-automotive.com\/wp-content\/uploads\/2024\/12\/donnees-financieres.png\" alt=\"\" class=\"wp-image-4412\" style=\"width:400px\" srcset=\"https:\/\/bu.optimum-automotive.com\/wp-content\/uploads\/2024\/12\/donnees-financieres.png 488w, https:\/\/bu.optimum-automotive.com\/wp-content\/uploads\/2024\/12\/donnees-financieres-298x300.png 298w, https:\/\/bu.optimum-automotive.com\/wp-content\/uploads\/2024\/12\/donnees-financieres-150x150.png 150w, https:\/\/bu.optimum-automotive.com\/wp-content\/uploads\/2024\/12\/donnees-financieres-12x12.png 12w\" sizes=\"auto, (max-width: 488px) 100vw, 488px\" \/><\/figure><\/div><\/div>\n<\/div>\n<\/div>\n\n\n\n<div class=\"wp-block-uagb-container uagb-block-aef4d0cd alignfull uagb-is-root-container\">\n<div class=\"wp-block-uagb-container uagb-block-1909e206\">\n<div class=\"wp-block-uagb-container uag-hide-tab uag-hide-mob uagb-block-213cc113\">\n<figure class=\"wp-block-image size-full\"><img loading=\"lazy\" decoding=\"async\" width=\"404\" height=\"364\" src=\"https:\/\/bu.optimum-automotive.com\/wp-content\/uploads\/2024\/12\/geoloc-2.png\" alt=\"\" class=\"wp-image-4414\" srcset=\"https:\/\/bu.optimum-automotive.com\/wp-content\/uploads\/2024\/12\/geoloc-2.png 404w, https:\/\/bu.optimum-automotive.com\/wp-content\/uploads\/2024\/12\/geoloc-2-300x270.png 300w, https:\/\/bu.optimum-automotive.com\/wp-content\/uploads\/2024\/12\/geoloc-2-13x12.png 13w\" sizes=\"auto, (max-width: 404px) 100vw, 404px\" \/><\/figure>\n<\/div>\n\n\n\n<div class=\"wp-block-uagb-container uagb-block-44befd15\">\n<div class=\"wp-block-uagb-container uagb-block-0faac44e\">\n<h3 class=\"wp-block-heading\">Dados cartogr\u00e1ficos<\/h3>\n\n\n\n<p>Se a geolocaliza\u00e7\u00e3o estiver activada, est\u00e3o dispon\u00edveis v\u00e1rios fundos de mapa (Estradas, Tr\u00e2nsito, Relevo, Nova Mobilidade, Streetview, etc.). O DATA CENTRE permite igualmente aceder a uma s\u00e9rie de atributos cartogr\u00e1ficos: limites de velocidade por sec\u00e7\u00e3o, geocodifica\u00e7\u00e3o precisa, etc.<\/p>\n\n\n\n<p>Os dados cartogr\u00e1ficos s\u00e3o fornecidos por v\u00e1rios fornecedores (OPEN STREET MAP, GOOGLE MAPS, etc.).<\/p>\n<\/div>\n<\/div>\n\n\n\n<div class=\"wp-block-uagb-container uag-hide-desktop uagb-block-0421ee40\">\n<figure class=\"wp-block-image size-full\"><img loading=\"lazy\" decoding=\"async\" width=\"404\" height=\"364\" src=\"https:\/\/bu.optimum-automotive.com\/wp-content\/uploads\/2024\/12\/geoloc-1.png\" alt=\"\" class=\"wp-image-4413\" srcset=\"https:\/\/bu.optimum-automotive.com\/wp-content\/uploads\/2024\/12\/geoloc-1.png 404w, https:\/\/bu.optimum-automotive.com\/wp-content\/uploads\/2024\/12\/geoloc-1-300x270.png 300w, https:\/\/bu.optimum-automotive.com\/wp-content\/uploads\/2024\/12\/geoloc-1-13x12.png 13w\" sizes=\"auto, (max-width: 404px) 100vw, 404px\" \/><\/figure>\n<\/div>\n<\/div>\n<\/div>\n\n\n\n<div class=\"wp-block-uagb-container uagb-block-8fddc9b1 alignfull uagb-is-root-container\">\n<div class=\"wp-block-uagb-container uagb-block-6dd76077\">\n<div class=\"wp-block-uagb-container uagb-block-66d4bfef\">\n<h3 class=\"wp-block-heading\">Dados do condutor<\/h3>\n\n\n\n<p>O DATA CENTRE recolhe uma vasta gama de dados relativos ao condutor: comportamento detalhado em termos de condu\u00e7\u00e3o e seguran\u00e7a, identifica\u00e7\u00e3o de v\u00e1rios dispositivos. Al\u00e9m disso, o DATA CENTRE gere os fluxos de interc\u00e2mbio de dados com os condutores: envio\/rece\u00e7\u00e3o de miss\u00f5es, recolha de dados no terreno, mensagens privadas e p\u00fablicas.<\/p>\n<\/div>\n\n\n\n<div class=\"wp-block-uagb-container uagb-block-a36e4668\"><div class=\"wp-block-image\">\n<figure class=\"aligncenter size-full is-resized\"><img loading=\"lazy\" decoding=\"async\" width=\"488\" height=\"492\" src=\"https:\/\/bu.optimum-automotive.com\/wp-content\/uploads\/2024\/12\/donnees-conducteurs.png\" alt=\"\" class=\"wp-image-4415\" style=\"width:400px\" srcset=\"https:\/\/bu.optimum-automotive.com\/wp-content\/uploads\/2024\/12\/donnees-conducteurs.png 488w, https:\/\/bu.optimum-automotive.com\/wp-content\/uploads\/2024\/12\/donnees-conducteurs-298x300.png 298w, https:\/\/bu.optimum-automotive.com\/wp-content\/uploads\/2024\/12\/donnees-conducteurs-150x150.png 150w, https:\/\/bu.optimum-automotive.com\/wp-content\/uploads\/2024\/12\/donnees-conducteurs-12x12.png 12w\" sizes=\"auto, (max-width: 488px) 100vw, 488px\" \/><\/figure><\/div><\/div>\n<\/div>\n<\/div>\n\n\n\n<div class=\"wp-block-uagb-container uagb-block-9faae6b7 alignfull uagb-is-root-container\">\n<div class=\"wp-block-uagb-container uagb-block-51e47216\">\n<div class=\"wp-block-uagb-container uag-hide-tab uag-hide-mob uagb-block-147f5efe\">\n<figure class=\"wp-block-image size-full\"><img loading=\"lazy\" decoding=\"async\" width=\"476\" height=\"289\" src=\"https:\/\/bu.optimum-automotive.com\/wp-content\/uploads\/2024\/05\/datahub-1.jpg\" alt=\"DATA CENTRE gest\u00e3o do parque de dados\" class=\"wp-image-1128\" srcset=\"https:\/\/bu.optimum-automotive.com\/wp-content\/uploads\/2024\/05\/datahub-1.jpg 476w, https:\/\/bu.optimum-automotive.com\/wp-content\/uploads\/2024\/05\/datahub-1-300x182.jpg 300w\" sizes=\"auto, (max-width: 476px) 100vw, 476px\" \/><\/figure>\n<\/div>\n\n\n\n<div class=\"wp-block-uagb-container uagb-block-dec35809\">\n<div class=\"wp-block-uagb-container uagb-block-34320131\">\n<h3 class=\"wp-block-heading\">Outros dados do DATA CENTRE<\/h3>\n\n\n\n<p>O DATA CENTRE tamb\u00e9m recolhe e explora dados adicionais com o objetivo de enriquecer os algoritmos de processamento e oferecer solu\u00e7\u00f5es pertinentes aos condutores em movimento (esta\u00e7\u00f5es de combust\u00edvel ou de recarga, parques de estacionamento, etc.).<\/p>\n<\/div>\n<\/div>\n\n\n\n<div class=\"wp-block-uagb-container uag-hide-desktop uagb-block-2bd01b01\">\n<figure class=\"wp-block-image size-full\"><img loading=\"lazy\" decoding=\"async\" width=\"476\" height=\"289\" src=\"https:\/\/bu.optimum-automotive.com\/wp-content\/uploads\/2024\/05\/datahub-1.jpg\" alt=\"DATA CENTRE gest\u00e3o do parque de dados\" class=\"wp-image-1128\" srcset=\"https:\/\/bu.optimum-automotive.com\/wp-content\/uploads\/2024\/05\/datahub-1.jpg 476w, https:\/\/bu.optimum-automotive.com\/wp-content\/uploads\/2024\/05\/datahub-1-300x182.jpg 300w\" sizes=\"auto, (max-width: 476px) 100vw, 476px\" \/><\/figure>\n<\/div>\n<\/div>\n<\/div>\n\n\n\n<div class=\"wp-block-uagb-container uagb-block-df633af8 alignfull uagb-is-root-container\">\n<div class=\"wp-block-uagb-container uagb-block-bf4cb563\">\n<div class=\"wp-block-uagb-container uagb-block-a6ee5552\">\n<h3 class=\"wp-block-heading has-text-color has-link-color wp-elements-aff499c85e42cda12c6308457c5a4617\" style=\"color:#ffffff\">Funcionamento do DATA CENTRE<\/h3>\n\n\n\n<p class=\"has-text-color has-link-color wp-elements-77d8c291b4702b70f5947ee0ab449b78\" style=\"color:#ffffff\">Os dados excecionalmente ricos recolhidos no DATA CENTRE alimentam os pain\u00e9is de controlo e os centros de aconselhamento e de opera\u00e7\u00f5es.<\/p>\n\n\n\n<p class=\"has-text-color has-link-color wp-elements-d4b168846a2cccf71a2f755ce9a27e33\" style=\"color:#ffffff\">Os algoritmos desenvolvidos pela OPTIMUM fornecem os dados de que os gestores necessitam para tomar as decis\u00f5es corretas no momento certo.<\/p>\n\n\n\n<p class=\"has-text-color has-link-color wp-elements-7d62f79c6f565d915dadef097c81786e\" style=\"color:#ffffff\">Quer se trate de otimizar os custos, as viagens ou a qualidade do servi\u00e7o, os nossos algoritmos de an\u00e1lise de dados e o nosso centro de aconselhamento proporcionam benef\u00edcios reais e mensur\u00e1veis a todos os departamentos.<\/p>\n<\/div>\n\n\n\n<div class=\"wp-block-uagb-container uagb-block-b0e75649\">\n<figure class=\"wp-block-image size-full mt-0 mb-0 uag-hide-mob\"><img loading=\"lazy\" decoding=\"async\" width=\"602\" height=\"345\" src=\"https:\/\/bu.optimum-automotive.com\/wp-content\/uploads\/2024\/05\/algorithmes-datahub.png\" alt=\"Opera\u00e7\u00f5es do DATA CENTRE Gest\u00e3o de activos\" class=\"wp-image-1132\" srcset=\"https:\/\/bu.optimum-automotive.com\/wp-content\/uploads\/2024\/05\/algorithmes-datahub.png 602w, https:\/\/bu.optimum-automotive.com\/wp-content\/uploads\/2024\/05\/algorithmes-datahub-300x172.png 300w\" sizes=\"auto, (max-width: 602px) 100vw, 602px\" \/><\/figure>\n<\/div>\n<\/div>\n<\/div>","protected":false},"excerpt":{"rendered":"<p>Os dados no centro dos seus desafios A gest\u00e3o de uma frota de ve\u00edculos e, mais amplamente, da mobilidade, depende sobretudo do controlo dos fluxos de dados. Para recolher, analisar e sintetizar estes dados e tirar o m\u00e1ximo partido dos mesmos atrav\u00e9s de algoritmos inteligentes, a OPTIMUM concebeu um DATA CENTRE de uma riqueza \u00fanica. O [...]<\/p>","protected":false},"author":1,"featured_media":0,"parent":0,"menu_order":0,"comment_status":"closed","ping_status":"open","template":"page-without-title.php","meta":{"_coblocks_attr":"","_coblocks_dimensions":"","_coblocks_responsive_height":"","_coblocks_accordion_ie_support":"","_uag_custom_page_level_css":"","footnotes":""},"class_list":["post-2","page","type-page","status-publish","hentry"],"uagb_featured_image_src":{"full":false,"thumbnail":false,"medium":false,"medium_large":false,"large":false,"1536x1536":false,"2048x2048":false,"trp-custom-language-flag":false},"uagb_author_info":{"display_name":"camaleon","author_link":"https:\/\/bu.optimum-automotive.com\/pt\/author\/camaleon\/"},"uagb_comment_info":0,"uagb_excerpt":"La data au c\u0153ur de vos enjeux La gestion d\u2019un parc automobile et, plus largement la mobilit\u00e9, reposent avant tout sur la ma\u00eetrise des flux de donn\u00e9es.Afin de collecter, analyser, synth\u00e9tiser ces donn\u00e9es et d\u2019en tirer le maximum de b\u00e9n\u00e9fices gr\u00e2ce \u00e0 des algorithmes intelligents, OPTIMUM a con\u00e7u un DATA CENTRE d\u2019une richesse unique. Les&hellip;","_links":{"self":[{"href":"https:\/\/bu.optimum-automotive.com\/pt\/wp-json\/wp\/v2\/pages\/2","targetHints":{"allow":["GET"]}}],"collection":[{"href":"https:\/\/bu.optimum-automotive.com\/pt\/wp-json\/wp\/v2\/pages"}],"about":[{"href":"https:\/\/bu.optimum-automotive.com\/pt\/wp-json\/wp\/v2\/types\/page"}],"author":[{"embeddable":true,"href":"https:\/\/bu.optimum-automotive.com\/pt\/wp-json\/wp\/v2\/users\/1"}],"replies":[{"embeddable":true,"href":"https:\/\/bu.optimum-automotive.com\/pt\/wp-json\/wp\/v2\/comments?post=2"}],"version-history":[{"count":132,"href":"https:\/\/bu.optimum-automotive.com\/pt\/wp-json\/wp\/v2\/pages\/2\/revisions"}],"predecessor-version":[{"id":5327,"href":"https:\/\/bu.optimum-automotive.com\/pt\/wp-json\/wp\/v2\/pages\/2\/revisions\/5327"}],"wp:attachment":[{"href":"https:\/\/bu.optimum-automotive.com\/pt\/wp-json\/wp\/v2\/media?parent=2"}],"curies":[{"name":"wp","href":"https:\/\/api.w.org\/{rel}","templated":true}]}}