{"id":7,"date":"2024-04-30T10:44:57","date_gmt":"2024-04-30T08:44:57","guid":{"rendered":"http:\/\/127.0.0.1\/site%20OA\/?page_id=7"},"modified":"2025-01-16T16:08:15","modified_gmt":"2025-01-16T15:08:15","slug":"pour-les-tpe-pme","status":"publish","type":"page","link":"https:\/\/bu.optimum-automotive.com\/pt\/para-pequenas-empresas\/","title":{"rendered":"Para as microempresas"},"content":{"rendered":"<div class=\"wp-block-uagb-container uagb-block-3e0fff77 alignfull uagb-is-root-container\"><div class=\"uagb-container-inner-blocks-wrap\">\n<div class=\"wp-block-uagb-container uagb-block-ad60e79b\">\n<h1 class=\"wp-block-heading mt-0 mb-0\">Para as microempresas<\/h1>\n\n\n\n<p>Os ve\u00edculos s\u00e3o essenciais para a sua empresa e quer tirar o m\u00e1ximo partido deles. <strong>controlo e otimiza\u00e7\u00e3o das opera\u00e7\u00f5es <\/strong>para :<\/p>\n\n\n\n<ul class=\"wp-block-list\">\n<li><strong>Desenvolver a sua produtividade<\/strong><\/li>\n\n\n\n<li><strong>Otimizar a qualidade do seu servi\u00e7o<\/strong><\/li>\n\n\n\n<li><strong>Redu\u00e7\u00e3o de custos<\/strong><\/li>\n\n\n\n<li><strong>Simplificar a gest\u00e3o e as tarefas administrativas<\/strong><\/li>\n\n\n\n<li><strong>Prote\u00e7\u00e3o de ve\u00edculos, mercadorias e condutores<\/strong><\/li>\n\n\n\n<li><strong>Prevenir os riscos rodovi\u00e1rios<\/strong><\/li>\n<\/ul>\n<\/div>\n\n\n\n<div class=\"wp-block-uagb-container uagb-block-eb52fec0\">\n<div style=\"height:5px\" aria-hidden=\"true\" class=\"wp-block-spacer\"><\/div>\n\n\n\n<div class=\"lyte-wrapper\" style=\"width:560px;max-width:100%;margin:5px;\"><div class=\"lyMe\" id=\"WYL_KqUK7mLzRUk\"><div id=\"lyte_KqUK7mLzRUk\" data-src=\"https:\/\/bu.optimum-automotive.com\/wp-content\/plugins\/wp-youtube-lyte\/lyteCache.php?origThumbUrl=%2F%2Fi.ytimg.com%2Fvi%2FKqUK7mLzRUk%2Fhqdefault.jpg\" class=\"pL\"><div class=\"tC\"><div class=\"tT\"><\/div><\/div><div class=\"play\"><\/div><div class=\"ctrl\"><div class=\"Lctrl\"><\/div><div class=\"Rctrl\"><\/div><\/div><\/div><noscript><a href=\"https:\/\/youtu.be\/KqUK7mLzRUk\" rel=\"nofollow\"><img loading=\"lazy\" decoding=\"async\" src=\"https:\/\/bu.optimum-automotive.com\/wp-content\/plugins\/wp-youtube-lyte\/lyteCache.php?origThumbUrl=https%3A%2F%2Fi.ytimg.com%2Fvi%2FKqUK7mLzRUk%2F0.jpg\" alt=\"\" width=\"560\" height=\"295\" \/><br \/>Ver este v\u00eddeo no YouTube<\/a><\/noscript><\/div><\/div><div class=\"lL\" style=\"max-width:100%;width:560px;margin:5px;\"><\/div>\n\n\n\n<div class=\"wp-block-buttons is-content-justification-center is-layout-flex wp-container-core-buttons-is-layout-1 wp-block-buttons-is-layout-flex\">\n<div class=\"wp-block-button\"><a class=\"wp-block-button__link has-blue-background-color has-background wp-element-button\" href=\"https:\/\/bu.optimum-automotive.com\/pt\/demonstracao\/\">Pedir uma demonstra\u00e7\u00e3o<\/a><\/div>\n\n\n\n<div class=\"wp-block-button\"><a class=\"wp-block-button__link has-background wp-element-button\" href=\"https:\/\/bu.optimum-automotive.com\/pt\/contact\/\" style=\"background-color:#0d416a\">Contactez-nous<\/a><\/div>\n<\/div>\n<\/div>\n<\/div><\/div>\n\n\n\n<div style=\"height:50px\" aria-hidden=\"true\" class=\"wp-block-spacer\"><\/div>\n\n\n\n<div class=\"wp-block-uagb-container uagb-block-d2d3c577 alignfull uagb-is-root-container\">\n<h2 class=\"wp-block-heading has-text-align-center\"><strong><strong>A nossa gama de servi\u00e7os ligados <\/strong><\/strong><br><strong><strong>para o ajudar a atingir rapidamente os seus objectivos!<\/strong><\/strong><\/h2>\n\n\n\n<div class=\"wp-block-uagb-container uagb-block-fa30886b alignfull uagb-is-root-container\"><div class=\"uagb-container-inner-blocks-wrap\">\n<div class=\"wp-block-uagb-container uagb-block-85d4ad23\">\n<div class=\"wp-block-uagb-container uagb-block-5186513a\"><div class=\"wp-block-image\">\n<figure class=\"aligncenter size-full is-resized\"><img loading=\"lazy\" decoding=\"async\" width=\"450\" height=\"398\" src=\"https:\/\/bu.optimum-automotive.com\/wp-content\/uploads\/2024\/12\/solution-de-gestion-Optimum-Automotive.png\" alt=\"\" class=\"wp-image-4424\" style=\"width:450px\" srcset=\"https:\/\/bu.optimum-automotive.com\/wp-content\/uploads\/2024\/12\/solution-de-gestion-Optimum-Automotive.png 450w, https:\/\/bu.optimum-automotive.com\/wp-content\/uploads\/2024\/12\/solution-de-gestion-Optimum-Automotive-300x265.png 300w, https:\/\/bu.optimum-automotive.com\/wp-content\/uploads\/2024\/12\/solution-de-gestion-Optimum-Automotive-14x12.png 14w\" sizes=\"auto, (max-width: 450px) 100vw, 450px\" \/><\/figure><\/div>\n\n\n<div class=\"wp-block-uagb-container uagb-block-36df7aa8\">\n<div class=\"wp-block-uagb-container uagb-block-c3031dc7\">\n<p>Acess\u00edvel 24 horas por dia, 7 dias por semana, a partir de qualquer terminal, a solu\u00e7\u00e3o de gest\u00e3o Optimum re\u00fane todos os servi\u00e7os de que necessita:<\/p>\n\n\n\n<ul class=\"wp-block-list\">\n<ul class=\"wp-block-list\">\n<li><a href=\"#geolocalisation\"><strong>Geolocaliza\u00e7\u00e3o<\/strong><\/a><\/li>\n\n\n\n<li><a href=\"#missions\"><strong>Gestion des missions<\/strong><\/a><\/li>\n\n\n\n<li><a data-type=\"internal\" data-id=\"#ecoconduite\" href=\"#ecoconduite\"><strong>Analyse de conduite<\/strong><\/a><\/li>\n\n\n\n<li><a href=\"#protection\"><strong>Protection <\/strong><\/a><\/li>\n\n\n\n<li><a href=\"#antai\"><strong>Gest\u00e3o das coimas<\/strong><\/a><\/li>\n\n\n\n<li><a href=\"#rapports\"><strong>Relat\u00f3rios, alertas e centro de aconselhamento<\/strong><\/a><\/li>\n\n\n\n<li><a href=\"#applications\"><strong>Aplica\u00e7\u00f5es m\u00f3veis para condutores\/gestores<\/strong><\/a><\/li>\n\n\n\n<li><a data-type=\"internal\" data-id=\"#loin\" href=\"#loin\"><strong>E muito mais<\/strong><\/a>&#8230;<\/li>\n<\/ul>\n<\/ul>\n<\/div>\n\n\n\n<div class=\"wp-block-buttons is-content-justification-left is-layout-flex wp-container-core-buttons-is-layout-2 wp-block-buttons-is-layout-flex\">\n<div class=\"wp-block-button\"><a class=\"wp-block-button__link has-blue-background-color has-background wp-element-button\" href=\"https:\/\/bu.optimum-automotive.com\/pt\/demonstracao\/\">Pedir uma demonstra\u00e7\u00e3o<\/a><\/div>\n<\/div>\n<\/div>\n<\/div>\n<\/div>\n<\/div><\/div>\n<\/div>\n\n\n\n<div class=\"wp-block-uagb-container uagb-block-ecdc0c83 alignfull uagb-is-root-container\">\n<div class=\"wp-block-uagb-container uagb-block-4956055a\">\n<div class=\"wp-block-uagb-container uagb-block-0050d6b7 alignfull uagb-is-root-container\"><div class=\"uagb-container-inner-blocks-wrap\">\n<div class=\"wp-block-uagb-container uagb-block-08dc6aad\">\n<h2 class=\"wp-block-heading mb-0\" id=\"geolocalisation\">GEOLOCA\u00c7\u00c3O<\/h2>\n\n\n\n<h3 class=\"wp-block-heading mt-0\">Perfeita visibilidade da atividade no terreno<\/h3>\n\n\n\n<p>Geolocaliza\u00e7\u00e3o em tempo real dos seus ve\u00edculos, hist\u00f3rico de viagens, identifica\u00e7\u00e3o de condutores, otimiza\u00e7\u00e3o de rotas, pesquisa de proximidade, alertas instant\u00e2neos sobre movimentos anormais ou n\u00e3o autorizados, relat\u00f3rios multicrit\u00e9rios personaliz\u00e1veis...<\/p>\n\n\n\n<p><strong>Gra\u00e7as \u00e0 geolocaliza\u00e7\u00e3o, nada lhe escapa! Ter\u00e1 uma visibilidade perfeita da atividade dos seus ve\u00edculos e condutores, podendo assim aumentar a sua produtividade e eliminar as desloca\u00e7\u00f5es desnecess\u00e1rias.<\/strong><\/p>\n\n\n\n<div class=\"wp-block-buttons is-content-justification-left is-layout-flex wp-container-core-buttons-is-layout-3 wp-block-buttons-is-layout-flex\">\n<div class=\"wp-block-button\"><a class=\"wp-block-button__link has-blue-background-color has-background wp-element-button\" href=\"https:\/\/bu.optimum-automotive.com\/pt\/demonstracao\/\">Pedir uma demonstra\u00e7\u00e3o<\/a><\/div>\n<\/div>\n<\/div>\n\n\n\n<div class=\"wp-block-uagb-container uagb-block-c795e4d0\"><div class=\"wp-block-image\">\n<figure class=\"aligncenter size-full\"><img loading=\"lazy\" decoding=\"async\" width=\"429\" height=\"410\" src=\"https:\/\/bu.optimum-automotive.com\/wp-content\/uploads\/2024\/12\/geolocalisation_vehicules.png\" alt=\"\" class=\"wp-image-4426\" srcset=\"https:\/\/bu.optimum-automotive.com\/wp-content\/uploads\/2024\/12\/geolocalisation_vehicules.png 429w, https:\/\/bu.optimum-automotive.com\/wp-content\/uploads\/2024\/12\/geolocalisation_vehicules-300x287.png 300w, https:\/\/bu.optimum-automotive.com\/wp-content\/uploads\/2024\/12\/geolocalisation_vehicules-13x12.png 13w\" sizes=\"auto, (max-width: 429px) 100vw, 429px\" \/><\/figure><\/div><\/div>\n<\/div><\/div>\n<\/div>\n<\/div>\n\n\n\n<div class=\"wp-block-uagb-container uagb-block-5c9e6289 alignfull uagb-is-root-container\">\n<div class=\"wp-block-uagb-container uagb-block-87333279\">\n<div class=\"wp-block-uagb-container uag-hide-tab uag-hide-mob uagb-block-54ec6a5e\"><div class=\"wp-block-image\">\n<figure class=\"aligncenter size-full\"><img loading=\"lazy\" decoding=\"async\" width=\"523\" height=\"482\" src=\"https:\/\/bu.optimum-automotive.com\/wp-content\/uploads\/2024\/12\/arton15.png\" alt=\"\" class=\"wp-image-4427\" srcset=\"https:\/\/bu.optimum-automotive.com\/wp-content\/uploads\/2024\/12\/arton15.png 523w, https:\/\/bu.optimum-automotive.com\/wp-content\/uploads\/2024\/12\/arton15-300x276.png 300w, https:\/\/bu.optimum-automotive.com\/wp-content\/uploads\/2024\/12\/arton15-13x12.png 13w\" sizes=\"auto, (max-width: 523px) 100vw, 523px\" \/><\/figure><\/div><\/div>\n\n\n\n<div class=\"wp-block-uagb-container uagb-block-c1beca3d\">\n<div class=\"wp-block-uagb-container uagb-block-5dfa3c8d\">\n<h2 class=\"wp-block-heading mb-0\" id=\"missions\">MISS\u00d5ES<\/h2>\n\n\n\n<h3 class=\"wp-block-heading mt-0\">Mais capacidade de resposta, mais produtividade, mais rentabilidade<\/h3>\n\n\n\n<p>Transmiss\u00e3o de tarefas em tempo real, gest\u00e3o de hor\u00e1rios just-in-time ou programada, assinatura sem papel, captura de fotografias, cria\u00e7\u00e3o de relat\u00f3rios em tempo real diretamente a partir da aplica\u00e7\u00e3o m\u00f3vel dos seus operadores...<\/p>\n\n\n\n<p><strong>A solu\u00e7\u00e3o de gest\u00e3o de tarefas permite-lhe gerir com precis\u00e3o a sua atividade e obter ganhos de produtividade consider\u00e1veis, reduzindo simultaneamente os seus custos.<\/strong><\/p>\n\n\n\n<div class=\"wp-block-buttons is-content-justification-left is-layout-flex wp-container-core-buttons-is-layout-4 wp-block-buttons-is-layout-flex\">\n<div class=\"wp-block-button\"><a class=\"wp-block-button__link has-blue-background-color has-background wp-element-button\" href=\"https:\/\/bu.optimum-automotive.com\/pt\/demonstracao\/\">Pedir uma demonstra\u00e7\u00e3o<\/a><\/div>\n<\/div>\n<\/div>\n<\/div>\n\n\n\n<div class=\"wp-block-uagb-container uag-hide-desktop uagb-block-98612be1\"><div class=\"wp-block-image\">\n<figure class=\"aligncenter size-full\"><img loading=\"lazy\" decoding=\"async\" width=\"523\" height=\"482\" src=\"https:\/\/bu.optimum-automotive.com\/wp-content\/uploads\/2024\/12\/arton15-1.png\" alt=\"\" class=\"wp-image-4428\" srcset=\"https:\/\/bu.optimum-automotive.com\/wp-content\/uploads\/2024\/12\/arton15-1.png 523w, https:\/\/bu.optimum-automotive.com\/wp-content\/uploads\/2024\/12\/arton15-1-300x276.png 300w, https:\/\/bu.optimum-automotive.com\/wp-content\/uploads\/2024\/12\/arton15-1-13x12.png 13w\" sizes=\"auto, (max-width: 523px) 100vw, 523px\" \/><\/figure><\/div><\/div>\n<\/div>\n<\/div>\n\n\n\n<div class=\"wp-block-uagb-container uagb-block-195de0ad alignfull uagb-is-root-container\">\n<div class=\"wp-block-uagb-container uagb-block-97388bdc\">\n<div class=\"wp-block-uagb-container uagb-block-5b082e78 alignfull uagb-is-root-container\"><div class=\"uagb-container-inner-blocks-wrap\">\n<div class=\"wp-block-uagb-container uagb-block-ed9c1e88\">\n<h2 class=\"wp-block-heading mb-0\" id=\"ecoconduite\">ECOCONDUTA<\/h2>\n\n\n\n<h3 class=\"wp-block-heading mt-0\">A preven\u00e7\u00e3o dos riscos rodovi\u00e1rios como uma prioridade<\/h3>\n\n\n\n<p>An\u00e1lise permanente do comportamento dos seus condutores (curvas, travagens, acelera\u00e7\u00f5es), identifica\u00e7\u00e3o dos comportamentos de risco que exigem uma a\u00e7\u00e3o de preven\u00e7\u00e3o ecol\u00f3gica, ferramentas de incentivo para tornar a sua a\u00e7\u00e3o sustent\u00e1vel. O nosso servi\u00e7o fornece-lhe todas as ferramentas necess\u00e1rias para proteger o seu pessoal e o ambiente.<\/p>\n\n\n\n<p><strong>Dado que a preven\u00e7\u00e3o dos riscos rodovi\u00e1rios \u00e9 uma necessidade absoluta, a aplica\u00e7\u00e3o permite-lhe reduzir o n\u00famero de acidentes e proteger a responsabilidade do diretor da empresa.<\/strong><\/p>\n\n\n\n<div class=\"wp-block-buttons is-content-justification-left is-layout-flex wp-container-core-buttons-is-layout-5 wp-block-buttons-is-layout-flex\">\n<div class=\"wp-block-button\"><a class=\"wp-block-button__link has-blue-background-color has-background wp-element-button\" href=\"https:\/\/bu.optimum-automotive.com\/pt\/demonstracao\/\">Pedir uma demonstra\u00e7\u00e3o<\/a><\/div>\n<\/div>\n<\/div>\n\n\n\n<div class=\"wp-block-uagb-container uagb-block-16d6fac7\"><div class=\"wp-block-image\">\n<figure class=\"aligncenter size-full\"><img loading=\"lazy\" decoding=\"async\" width=\"471\" height=\"430\" src=\"https:\/\/bu.optimum-automotive.com\/wp-content\/uploads\/2024\/05\/arton16.png\" alt=\"aplica\u00e7\u00e3o de condu\u00e7\u00e3o ecol\u00f3gica\" class=\"wp-image-283\" srcset=\"https:\/\/bu.optimum-automotive.com\/wp-content\/uploads\/2024\/05\/arton16.png 471w, https:\/\/bu.optimum-automotive.com\/wp-content\/uploads\/2024\/05\/arton16-300x274.png 300w\" sizes=\"auto, (max-width: 471px) 100vw, 471px\" \/><\/figure><\/div><\/div>\n<\/div><\/div>\n<\/div>\n<\/div>\n\n\n\n<div class=\"wp-block-uagb-container uagb-block-ee352d34 alignfull uagb-is-root-container\">\n<div class=\"wp-block-uagb-container uagb-block-3e6abde1\">\n<div class=\"wp-block-uagb-container uag-hide-tab uag-hide-mob uagb-block-aef715fc\"><div class=\"wp-block-image\">\n<figure class=\"aligncenter size-full is-resized\"><img loading=\"lazy\" decoding=\"async\" width=\"488\" height=\"492\" src=\"https:\/\/bu.optimum-automotive.com\/wp-content\/uploads\/2024\/12\/protection_vehicules.png\" alt=\"\" class=\"wp-image-4429\" style=\"width:350px\" srcset=\"https:\/\/bu.optimum-automotive.com\/wp-content\/uploads\/2024\/12\/protection_vehicules.png 488w, https:\/\/bu.optimum-automotive.com\/wp-content\/uploads\/2024\/12\/protection_vehicules-298x300.png 298w, https:\/\/bu.optimum-automotive.com\/wp-content\/uploads\/2024\/12\/protection_vehicules-150x150.png 150w, https:\/\/bu.optimum-automotive.com\/wp-content\/uploads\/2024\/12\/protection_vehicules-12x12.png 12w\" sizes=\"auto, (max-width: 488px) 100vw, 488px\" \/><\/figure><\/div><\/div>\n\n\n\n<div class=\"wp-block-uagb-container uagb-block-d77c4e6b\">\n<div class=\"wp-block-uagb-container uagb-block-b8985800\">\n<h2 class=\"wp-block-heading mb-0\" id=\"protection\">PROTEC\u00c7\u00c3O<\/h2>\n\n\n\n<h3 class=\"wp-block-heading mt-0\">N\u00e3o mais roubado do que encontrado<\/h3>\n\n\n\n<p>Prote\u00e7\u00e3o do ve\u00edculo com um simples clique na aplica\u00e7\u00e3o m\u00f3vel, alertas instant\u00e2neos (condutor\/gestor) em caso de desloca\u00e7\u00e3o n\u00e3o autorizada, geolocaliza\u00e7\u00e3o e imobiliza\u00e7\u00e3o remota do ve\u00edculo...<\/p>\n\n\n\n<p><strong>O servi\u00e7o Protection permite-lhe proteger eficazmente os seus ve\u00edculos e as mercadorias\/equipamentos transportados. Ao ser imediatamente informado, pode tomar medidas imediatas com a ajuda da pol\u00edcia.<\/strong><\/p>\n\n\n\n<div class=\"wp-block-buttons is-content-justification-left is-layout-flex wp-container-core-buttons-is-layout-6 wp-block-buttons-is-layout-flex\">\n<div class=\"wp-block-button\"><a class=\"wp-block-button__link has-blue-background-color has-background wp-element-button\" href=\"https:\/\/bu.optimum-automotive.com\/pt\/demonstracao\/\">Pedir uma demonstra\u00e7\u00e3o<\/a><\/div>\n<\/div>\n<\/div>\n<\/div>\n\n\n\n<div class=\"wp-block-uagb-container uag-hide-desktop uagb-block-e0c155b3\"><div class=\"wp-block-image\">\n<figure class=\"aligncenter size-full is-resized\"><img loading=\"lazy\" decoding=\"async\" width=\"488\" height=\"492\" src=\"https:\/\/bu.optimum-automotive.com\/wp-content\/uploads\/2024\/12\/protection_vehicules-1.png\" alt=\"\" class=\"wp-image-4430\" style=\"width:350px\" srcset=\"https:\/\/bu.optimum-automotive.com\/wp-content\/uploads\/2024\/12\/protection_vehicules-1.png 488w, https:\/\/bu.optimum-automotive.com\/wp-content\/uploads\/2024\/12\/protection_vehicules-1-298x300.png 298w, https:\/\/bu.optimum-automotive.com\/wp-content\/uploads\/2024\/12\/protection_vehicules-1-150x150.png 150w, https:\/\/bu.optimum-automotive.com\/wp-content\/uploads\/2024\/12\/protection_vehicules-1-12x12.png 12w\" sizes=\"auto, (max-width: 488px) 100vw, 488px\" \/><\/figure><\/div><\/div>\n<\/div>\n<\/div>\n\n\n\n<div class=\"wp-block-uagb-container uagb-block-3b283131 alignfull uagb-is-root-container\">\n<div class=\"wp-block-uagb-container uagb-block-8699635e\">\n<div class=\"wp-block-uagb-container uagb-block-900f7504 alignfull uagb-is-root-container\"><div class=\"uagb-container-inner-blocks-wrap\">\n<div class=\"wp-block-uagb-container uagb-block-2a70f34f\">\n<h2 class=\"wp-block-heading mb-0\" id=\"antai\">ANTAI<\/h2>\n\n\n\n<h3 class=\"wp-block-heading mt-0\">Gest\u00e3o rigorosa das infrac\u00e7\u00f5es<\/h3>\n\n\n\n<p>A plataforma est\u00e1 ligada diretamente \u00e0 ANTAI (Agence Nationale de Traitement Automatis\u00e9 des Infractions). A ANTAI envia diariamente para a plataforma pedidos de designa\u00e7\u00e3o de infrac\u00e7\u00f5es, tendo o gestor 45 dias para responder (designa\u00e7\u00e3o ou outra resposta pr\u00e9-definida). Ap\u00f3s este per\u00edodo, a empresa receber\u00e1 um tal\u00e3o em papel.<\/p>\n\n\n\n<p><strong>Gerir as infrac\u00e7\u00f5es dos seus empregados de forma simples e em tempo real.<\/strong><\/p>\n\n\n\n<div class=\"wp-block-buttons is-content-justification-left is-layout-flex wp-container-core-buttons-is-layout-7 wp-block-buttons-is-layout-flex\">\n<div class=\"wp-block-button\"><a class=\"wp-block-button__link has-blue-background-color has-background wp-element-button\" href=\"https:\/\/bu.optimum-automotive.com\/pt\/demonstracao\/\">Pedir uma demonstra\u00e7\u00e3o<\/a><\/div>\n<\/div>\n<\/div>\n\n\n\n<div class=\"wp-block-uagb-container uagb-block-66fc43cc\"><div class=\"wp-block-image\">\n<figure class=\"aligncenter size-full\"><img loading=\"lazy\" decoding=\"async\" width=\"429\" height=\"410\" src=\"https:\/\/bu.optimum-automotive.com\/wp-content\/uploads\/2024\/12\/ANTAI_vehicules.png\" alt=\"\" class=\"wp-image-4431\" srcset=\"https:\/\/bu.optimum-automotive.com\/wp-content\/uploads\/2024\/12\/ANTAI_vehicules.png 429w, https:\/\/bu.optimum-automotive.com\/wp-content\/uploads\/2024\/12\/ANTAI_vehicules-300x287.png 300w, https:\/\/bu.optimum-automotive.com\/wp-content\/uploads\/2024\/12\/ANTAI_vehicules-13x12.png 13w\" sizes=\"auto, (max-width: 429px) 100vw, 429px\" \/><\/figure><\/div><\/div>\n<\/div><\/div>\n<\/div>\n<\/div>\n\n\n\n<div class=\"wp-block-uagb-container uagb-block-3386697b alignfull uagb-is-root-container\">\n<div class=\"wp-block-uagb-container uagb-block-60e3ae32\">\n<div class=\"wp-block-uagb-container uag-hide-tab uag-hide-mob uagb-block-579809be\"><div class=\"wp-block-image\">\n<figure class=\"aligncenter size-full\"><img loading=\"lazy\" decoding=\"async\" width=\"429\" height=\"410\" src=\"https:\/\/bu.optimum-automotive.com\/wp-content\/uploads\/2024\/12\/aletres_entretien-alertes.png\" alt=\"\" class=\"wp-image-4432\" srcset=\"https:\/\/bu.optimum-automotive.com\/wp-content\/uploads\/2024\/12\/aletres_entretien-alertes.png 429w, https:\/\/bu.optimum-automotive.com\/wp-content\/uploads\/2024\/12\/aletres_entretien-alertes-300x287.png 300w, https:\/\/bu.optimum-automotive.com\/wp-content\/uploads\/2024\/12\/aletres_entretien-alertes-13x12.png 13w\" sizes=\"auto, (max-width: 429px) 100vw, 429px\" \/><\/figure><\/div><\/div>\n\n\n\n<div class=\"wp-block-uagb-container uagb-block-aa4093a0\">\n<div class=\"wp-block-uagb-container uagb-block-54f4fb4b\">\n<h2 class=\"wp-block-heading mb-0\" id=\"rapports\"><strong>Centro de relat\u00f3rios e alertas<\/strong><\/h2>\n\n\n\n<h3 class=\"wp-block-heading mt-0\">Automatiza\u00e7\u00e3o para orientar a sua a\u00e7\u00e3o<\/h3>\n\n\n\n<p>A plataforma OPTIMUM est\u00e1 equipada com um centro de alerta configur\u00e1vel. Configure os alertas e receba notifica\u00e7\u00f5es instant\u00e2neas em caso de anomalias.<br>Al\u00e9m disso, beneficiar\u00e1 de relat\u00f3rios de gest\u00e3o automatizados totalmente configur\u00e1veis, entregues diretamente na sua caixa de correio ao ritmo que desejar.<br>Alimentada por intelig\u00eancia artificial, a sua plataforma de gest\u00e3o tamb\u00e9m fornece conselhos de otimiza\u00e7\u00e3o em tempo real.<\/p>\n\n\n\n<div class=\"wp-block-buttons is-content-justification-left is-layout-flex wp-container-core-buttons-is-layout-8 wp-block-buttons-is-layout-flex\">\n<div class=\"wp-block-button\"><a class=\"wp-block-button__link has-blue-background-color has-background wp-element-button\" href=\"https:\/\/bu.optimum-automotive.com\/pt\/demonstracao\/\">Pedir uma demonstra\u00e7\u00e3o<\/a><\/div>\n<\/div>\n<\/div>\n<\/div>\n\n\n\n<div class=\"wp-block-uagb-container uag-hide-desktop uagb-block-bde9ac98\"><div class=\"wp-block-image\">\n<figure class=\"aligncenter size-full\"><img loading=\"lazy\" decoding=\"async\" width=\"429\" height=\"410\" src=\"https:\/\/bu.optimum-automotive.com\/wp-content\/uploads\/2024\/12\/aletres_entretien-alertes-1.png\" alt=\"\" class=\"wp-image-4433\" srcset=\"https:\/\/bu.optimum-automotive.com\/wp-content\/uploads\/2024\/12\/aletres_entretien-alertes-1.png 429w, https:\/\/bu.optimum-automotive.com\/wp-content\/uploads\/2024\/12\/aletres_entretien-alertes-1-300x287.png 300w, https:\/\/bu.optimum-automotive.com\/wp-content\/uploads\/2024\/12\/aletres_entretien-alertes-1-13x12.png 13w\" sizes=\"auto, (max-width: 429px) 100vw, 429px\" \/><\/figure><\/div><\/div>\n<\/div>\n<\/div>\n\n\n\n<div class=\"wp-block-uagb-container uagb-block-e6d3ac75 alignfull uagb-is-root-container\">\n<div class=\"wp-block-uagb-container uagb-block-bc90f8aa\">\n<div class=\"wp-block-uagb-container uagb-block-8a3fbd89 alignfull uagb-is-root-container\"><div class=\"uagb-container-inner-blocks-wrap\">\n<div class=\"wp-block-uagb-container uagb-block-7c8dff78\">\n<h2 class=\"wp-block-heading mb-0\" id=\"applications\"><strong>Aplica\u00e7\u00e3o m\u00f3vel<br>Motorista \/ Gestor<\/strong><\/h2>\n\n\n\n<h3 class=\"wp-block-heading mt-0\">Visibilidade perfeita em movimento<\/h3>\n\n\n\n<p>Dispon\u00edvel nas lojas \"Google Play\" e \"App Store\", a aplica\u00e7\u00e3o m\u00f3vel OPTIMUM CONNECT permite-lhe gerir os seus ve\u00edculos em movimento. Em fun\u00e7\u00e3o dos servi\u00e7os conectados que subscreve, pode aceder a todas as funcionalidades da solu\u00e7\u00e3o OPTIMUM a partir do seu smartphone.<\/p>\n\n\n\n<p>Com a aplica\u00e7\u00e3o, os seus condutores podem tamb\u00e9m aceder a uma vasta gama de fun\u00e7\u00f5es em fun\u00e7\u00e3o do seu perfil: hist\u00f3rico de viagens, pontua\u00e7\u00e3o de condu\u00e7\u00e3o ecol\u00f3gica, gest\u00e3o da privacidade\/profissional, e muito mais...<\/p>\n\n\n\n<div class=\"wp-block-buttons is-content-justification-left is-layout-flex wp-container-core-buttons-is-layout-9 wp-block-buttons-is-layout-flex\">\n<div class=\"wp-block-button\"><a class=\"wp-block-button__link has-blue-background-color has-background wp-element-button\" href=\"https:\/\/bu.optimum-automotive.com\/pt\/demonstracao\/\">Pedir uma demonstra\u00e7\u00e3o<\/a><\/div>\n<\/div>\n\n\n\n<p><a id=\"_msocom_1\"><\/a><\/p>\n\n\n\n<p><a id=\"_msocom_2\"><\/a><\/p>\n<\/div>\n\n\n\n<div class=\"wp-block-uagb-container uagb-block-c5bb020c\"><div class=\"wp-block-image\">\n<figure class=\"aligncenter size-full\"><img loading=\"lazy\" decoding=\"async\" width=\"475\" height=\"486\" src=\"https:\/\/bu.optimum-automotive.com\/wp-content\/uploads\/2024\/12\/apply.png\" alt=\"\" class=\"wp-image-4434\" style=\"object-fit:cover\" srcset=\"https:\/\/bu.optimum-automotive.com\/wp-content\/uploads\/2024\/12\/apply.png 475w, https:\/\/bu.optimum-automotive.com\/wp-content\/uploads\/2024\/12\/apply-293x300.png 293w, https:\/\/bu.optimum-automotive.com\/wp-content\/uploads\/2024\/12\/apply-12x12.png 12w\" sizes=\"auto, (max-width: 475px) 100vw, 475px\" \/><\/figure><\/div><\/div>\n<\/div><\/div>\n<\/div>\n<\/div>","protected":false},"excerpt":{"rendered":"<p>Pour les TPE\/PME Les v\u00e9hicules sont indispensables \u00e0 votre activit\u00e9 et vous souhaitez en ma\u00eetriser et optimiser l\u2019exploitation pour&nbsp;: Notre gamme de services connect\u00e9s vous permet d\u2019atteindre rapidement vos objectifs&nbsp;! Accessible 24\/7 depuis n\u2019importe quel terminal, la solution de gestion Optimum regroupe tous les services dont vous avez besoin\u00a0: G\u00c9OLOCALISATION Une parfaite visibilit\u00e9 de l\u2019activit\u00e9 [&hellip;]<\/p>","protected":false},"author":1,"featured_media":0,"parent":0,"menu_order":0,"comment_status":"closed","ping_status":"closed","template":"page-without-title.php","meta":{"_coblocks_attr":"","_coblocks_dimensions":"","_coblocks_responsive_height":"","_coblocks_accordion_ie_support":"","_uag_custom_page_level_css":"","footnotes":""},"class_list":["post-7","page","type-page","status-publish","hentry"],"uagb_featured_image_src":{"full":false,"thumbnail":false,"medium":false,"medium_large":false,"large":false,"1536x1536":false,"2048x2048":false,"trp-custom-language-flag":false},"uagb_author_info":{"display_name":"camaleon","author_link":"https:\/\/bu.optimum-automotive.com\/pt\/author\/camaleon\/"},"uagb_comment_info":0,"uagb_excerpt":"Pour les TPE\/PME Les v\u00e9hicules sont indispensables \u00e0 votre activit\u00e9 et vous souhaitez en ma\u00eetriser et optimiser l\u2019exploitation pour&nbsp;: Notre gamme de services connect\u00e9s vous permet d\u2019atteindre rapidement vos objectifs&nbsp;! Accessible 24\/7 depuis n\u2019importe quel terminal, la solution de gestion Optimum regroupe tous les services dont vous avez besoin\u00a0: G\u00c9OLOCALISATION Une parfaite visibilit\u00e9 de l\u2019activit\u00e9&hellip;","_links":{"self":[{"href":"https:\/\/bu.optimum-automotive.com\/pt\/wp-json\/wp\/v2\/pages\/7","targetHints":{"allow":["GET"]}}],"collection":[{"href":"https:\/\/bu.optimum-automotive.com\/pt\/wp-json\/wp\/v2\/pages"}],"about":[{"href":"https:\/\/bu.optimum-automotive.com\/pt\/wp-json\/wp\/v2\/types\/page"}],"author":[{"embeddable":true,"href":"https:\/\/bu.optimum-automotive.com\/pt\/wp-json\/wp\/v2\/users\/1"}],"replies":[{"embeddable":true,"href":"https:\/\/bu.optimum-automotive.com\/pt\/wp-json\/wp\/v2\/comments?post=7"}],"version-history":[{"count":126,"href":"https:\/\/bu.optimum-automotive.com\/pt\/wp-json\/wp\/v2\/pages\/7\/revisions"}],"predecessor-version":[{"id":5187,"href":"https:\/\/bu.optimum-automotive.com\/pt\/wp-json\/wp\/v2\/pages\/7\/revisions\/5187"}],"wp:attachment":[{"href":"https:\/\/bu.optimum-automotive.com\/pt\/wp-json\/wp\/v2\/media?parent=7"}],"curies":[{"name":"wp","href":"https:\/\/api.w.org\/{rel}","templated":true}]}}